{"id":2636,"date":"2016-05-24T15:49:50","date_gmt":"2016-05-24T15:49:50","guid":{"rendered":"https:\/\/urologiabielsalorente.com\/proteccion-de-datos\/"},"modified":"2023-03-27T20:29:06","modified_gmt":"2023-03-27T20:29:06","slug":"data-protection","status":"publish","type":"page","link":"https:\/\/urologiabielsalorente.com\/en\/data-protection\/","title":{"rendered":"Data Protection"},"content":{"rendered":"<p>In accordance with the provisions of Organic Law 15\/1999, of December 13, on the Protection of Personal Data, WE INFORM you that the personal data collected on this web page (name and email) will be incorporated and processed in a computerized file whose purpose is to send information and comments about the services provided on this web page upon your request. We also inform you that the confidentiality of your data will be kept and will never be transferred or used for other purposes. The recipient and person in charge of the file is UroCumir SLP with N.I.F. B65758591 and registered in the register of Professional Societies of the COMB with the number SP\/745. You may exercise your rights of access, rectification, cancellation, opposition, deletion, limitation, data portability by contacting the following address: Rambla de Poblenou 135, 3-2 or by email: info@urologiabielsalorente.com or at telephone 93 238 16 05<\/p>\n<p>Company registered in the Registry of Companies of COMB SP\/745<\/p>\n","protected":false},"excerpt":{"rendered":"<p>In accordance with the provisions of Organic Law 15\/1999, of December 13, on the Protection of Personal Data, WE INFORM you that the personal data collected on this web page (name and email) will be incorporated and processed in a computerized file whose purpose is to send information and comments about the services provided on [&hellip;]<\/p>\n","protected":false},"author":1,"featured_media":0,"parent":0,"menu_order":15,"comment_status":"closed","ping_status":"closed","template":"","meta":{"_acf_changed":false,"inline_featured_image":false,"footnotes":""},"class_list":["post-2636","page","type-page","status-publish","hentry"],"acf":[],"yoast_head":"<!-- This site is optimized with the Yoast SEO plugin v27.3 - https:\/\/yoast.com\/product\/yoast-seo-wordpress\/ -->\n<title>Data Protection - Urolog\u00eda Bielsa &amp; Lorente<\/title>\n<meta name=\"robots\" content=\"index, follow, max-snippet:-1, max-image-preview:large, max-video-preview:-1\" \/>\n<link rel=\"canonical\" href=\"https:\/\/urologiabielsalorente.com\/en\/data-protection\/\" \/>\n<meta property=\"og:locale\" content=\"en_US\" \/>\n<meta property=\"og:type\" content=\"article\" \/>\n<meta property=\"og:title\" content=\"Data Protection - Urolog\u00eda Bielsa &amp; Lorente\" \/>\n<meta property=\"og:description\" content=\"In accordance with the provisions of Organic Law 15\/1999, of December 13, on the Protection of Personal Data, WE INFORM you that the personal data collected on this web page (name and email) will be incorporated and processed in a computerized file whose purpose is to send information and comments about the services provided on [&hellip;]\" \/>\n<meta property=\"og:url\" content=\"https:\/\/urologiabielsalorente.com\/en\/data-protection\/\" \/>\n<meta property=\"og:site_name\" content=\"Urolog\u00eda Bielsa &amp; Lorente\" \/>\n<meta property=\"article:modified_time\" content=\"2023-03-27T20:29:06+00:00\" \/>\n<meta name=\"twitter:card\" content=\"summary_large_image\" \/>\n<meta name=\"twitter:label1\" content=\"Est. reading time\" \/>\n\t<meta name=\"twitter:data1\" content=\"1 minute\" \/>\n<script type=\"application\/ld+json\" class=\"yoast-schema-graph\">{\"@context\":\"https:\\\/\\\/schema.org\",\"@graph\":[{\"@type\":\"WebPage\",\"@id\":\"https:\\\/\\\/urologiabielsalorente.com\\\/en\\\/data-protection\\\/\",\"url\":\"https:\\\/\\\/urologiabielsalorente.com\\\/en\\\/data-protection\\\/\",\"name\":\"Data Protection - Urolog\u00eda Bielsa &amp; Lorente\",\"isPartOf\":{\"@id\":\"https:\\\/\\\/urologiabielsalorente.com\\\/en\\\/#website\"},\"datePublished\":\"2016-05-24T15:49:50+00:00\",\"dateModified\":\"2023-03-27T20:29:06+00:00\",\"breadcrumb\":{\"@id\":\"https:\\\/\\\/urologiabielsalorente.com\\\/en\\\/data-protection\\\/#breadcrumb\"},\"inLanguage\":\"en-US\",\"potentialAction\":[{\"@type\":\"ReadAction\",\"target\":[\"https:\\\/\\\/urologiabielsalorente.com\\\/en\\\/data-protection\\\/\"]}]},{\"@type\":\"BreadcrumbList\",\"@id\":\"https:\\\/\\\/urologiabielsalorente.com\\\/en\\\/data-protection\\\/#breadcrumb\",\"itemListElement\":[{\"@type\":\"ListItem\",\"position\":1,\"name\":\"Portada\",\"item\":\"https:\\\/\\\/urologiabielsalorente.com\\\/en\\\/\"},{\"@type\":\"ListItem\",\"position\":2,\"name\":\"Data Protection\"}]},{\"@type\":\"WebSite\",\"@id\":\"https:\\\/\\\/urologiabielsalorente.com\\\/en\\\/#website\",\"url\":\"https:\\\/\\\/urologiabielsalorente.com\\\/en\\\/\",\"name\":\"Urolog\u00eda Bielsa &amp; Lorente\",\"description\":\"Equipo oficial de Urolog\u00eda del Hospital Quir\u00f3n Salud de Barcelona\",\"publisher\":{\"@id\":\"https:\\\/\\\/urologiabielsalorente.com\\\/en\\\/#organization\"},\"potentialAction\":[{\"@type\":\"SearchAction\",\"target\":{\"@type\":\"EntryPoint\",\"urlTemplate\":\"https:\\\/\\\/urologiabielsalorente.com\\\/en\\\/?s={search_term_string}\"},\"query-input\":{\"@type\":\"PropertyValueSpecification\",\"valueRequired\":true,\"valueName\":\"search_term_string\"}}],\"inLanguage\":\"en-US\"},{\"@type\":\"Organization\",\"@id\":\"https:\\\/\\\/urologiabielsalorente.com\\\/en\\\/#organization\",\"name\":\"Urolog\u00eda Bielsa &amp; Lorente\",\"url\":\"https:\\\/\\\/urologiabielsalorente.com\\\/en\\\/\",\"logo\":{\"@type\":\"ImageObject\",\"inLanguage\":\"en-US\",\"@id\":\"https:\\\/\\\/urologiabielsalorente.com\\\/en\\\/#\\\/schema\\\/logo\\\/image\\\/\",\"url\":\"https:\\\/\\\/urologiabielsalorente.com\\\/webielsa23\\\/wp-content\\\/uploads\\\/2014\\\/04\\\/solicionesPersonales1024-e1402499581900.jpg\",\"contentUrl\":\"https:\\\/\\\/urologiabielsalorente.com\\\/webielsa23\\\/wp-content\\\/uploads\\\/2014\\\/04\\\/solicionesPersonales1024-e1402499581900.jpg\",\"width\":1024,\"height\":570,\"caption\":\"Urolog\u00eda Bielsa &amp; Lorente\"},\"image\":{\"@id\":\"https:\\\/\\\/urologiabielsalorente.com\\\/en\\\/#\\\/schema\\\/logo\\\/image\\\/\"},\"sameAs\":[\"https:\\\/\\\/www.linkedin.com\\\/company\\\/urologia-bielsa-lorente\\\/\"]}]}<\/script>\n<!-- \/ Yoast SEO plugin. -->","yoast_head_json":{"title":"Data Protection - Urolog\u00eda Bielsa &amp; Lorente","robots":{"index":"index","follow":"follow","max-snippet":"max-snippet:-1","max-image-preview":"max-image-preview:large","max-video-preview":"max-video-preview:-1"},"canonical":"https:\/\/urologiabielsalorente.com\/en\/data-protection\/","og_locale":"en_US","og_type":"article","og_title":"Data Protection - Urolog\u00eda Bielsa &amp; Lorente","og_description":"In accordance with the provisions of Organic Law 15\/1999, of December 13, on the Protection of Personal Data, WE INFORM you that the personal data collected on this web page (name and email) will be incorporated and processed in a computerized file whose purpose is to send information and comments about the services provided on [&hellip;]","og_url":"https:\/\/urologiabielsalorente.com\/en\/data-protection\/","og_site_name":"Urolog\u00eda Bielsa &amp; Lorente","article_modified_time":"2023-03-27T20:29:06+00:00","twitter_card":"summary_large_image","twitter_misc":{"Est. reading time":"1 minute"},"schema":{"@context":"https:\/\/schema.org","@graph":[{"@type":"WebPage","@id":"https:\/\/urologiabielsalorente.com\/en\/data-protection\/","url":"https:\/\/urologiabielsalorente.com\/en\/data-protection\/","name":"Data Protection - Urolog\u00eda Bielsa &amp; Lorente","isPartOf":{"@id":"https:\/\/urologiabielsalorente.com\/en\/#website"},"datePublished":"2016-05-24T15:49:50+00:00","dateModified":"2023-03-27T20:29:06+00:00","breadcrumb":{"@id":"https:\/\/urologiabielsalorente.com\/en\/data-protection\/#breadcrumb"},"inLanguage":"en-US","potentialAction":[{"@type":"ReadAction","target":["https:\/\/urologiabielsalorente.com\/en\/data-protection\/"]}]},{"@type":"BreadcrumbList","@id":"https:\/\/urologiabielsalorente.com\/en\/data-protection\/#breadcrumb","itemListElement":[{"@type":"ListItem","position":1,"name":"Portada","item":"https:\/\/urologiabielsalorente.com\/en\/"},{"@type":"ListItem","position":2,"name":"Data Protection"}]},{"@type":"WebSite","@id":"https:\/\/urologiabielsalorente.com\/en\/#website","url":"https:\/\/urologiabielsalorente.com\/en\/","name":"Urolog\u00eda Bielsa &amp; Lorente","description":"Equipo oficial de Urolog\u00eda del Hospital Quir\u00f3n Salud de Barcelona","publisher":{"@id":"https:\/\/urologiabielsalorente.com\/en\/#organization"},"potentialAction":[{"@type":"SearchAction","target":{"@type":"EntryPoint","urlTemplate":"https:\/\/urologiabielsalorente.com\/en\/?s={search_term_string}"},"query-input":{"@type":"PropertyValueSpecification","valueRequired":true,"valueName":"search_term_string"}}],"inLanguage":"en-US"},{"@type":"Organization","@id":"https:\/\/urologiabielsalorente.com\/en\/#organization","name":"Urolog\u00eda Bielsa &amp; Lorente","url":"https:\/\/urologiabielsalorente.com\/en\/","logo":{"@type":"ImageObject","inLanguage":"en-US","@id":"https:\/\/urologiabielsalorente.com\/en\/#\/schema\/logo\/image\/","url":"https:\/\/urologiabielsalorente.com\/webielsa23\/wp-content\/uploads\/2014\/04\/solicionesPersonales1024-e1402499581900.jpg","contentUrl":"https:\/\/urologiabielsalorente.com\/webielsa23\/wp-content\/uploads\/2014\/04\/solicionesPersonales1024-e1402499581900.jpg","width":1024,"height":570,"caption":"Urolog\u00eda Bielsa &amp; Lorente"},"image":{"@id":"https:\/\/urologiabielsalorente.com\/en\/#\/schema\/logo\/image\/"},"sameAs":["https:\/\/www.linkedin.com\/company\/urologia-bielsa-lorente\/"]}]}},"_links":{"self":[{"href":"https:\/\/urologiabielsalorente.com\/en\/wp-json\/wp\/v2\/pages\/2636","targetHints":{"allow":["GET"]}}],"collection":[{"href":"https:\/\/urologiabielsalorente.com\/en\/wp-json\/wp\/v2\/pages"}],"about":[{"href":"https:\/\/urologiabielsalorente.com\/en\/wp-json\/wp\/v2\/types\/page"}],"author":[{"embeddable":true,"href":"https:\/\/urologiabielsalorente.com\/en\/wp-json\/wp\/v2\/users\/1"}],"replies":[{"embeddable":true,"href":"https:\/\/urologiabielsalorente.com\/en\/wp-json\/wp\/v2\/comments?post=2636"}],"version-history":[{"count":1,"href":"https:\/\/urologiabielsalorente.com\/en\/wp-json\/wp\/v2\/pages\/2636\/revisions"}],"predecessor-version":[{"id":2842,"href":"https:\/\/urologiabielsalorente.com\/en\/wp-json\/wp\/v2\/pages\/2636\/revisions\/2842"}],"wp:attachment":[{"href":"https:\/\/urologiabielsalorente.com\/en\/wp-json\/wp\/v2\/media?parent=2636"}],"curies":[{"name":"wp","href":"https:\/\/api.w.org\/{rel}","templated":true}]}}