{"id":2632,"date":"2014-04-29T13:44:36","date_gmt":"2014-04-29T13:44:36","guid":{"rendered":"https:\/\/urologiabielsalorente.com\/contacta\/"},"modified":"2024-04-18T08:29:24","modified_gmt":"2024-04-18T08:29:24","slug":"contact","status":"publish","type":"page","link":"https:\/\/urologiabielsalorente.com\/en\/contact\/","title":{"rendered":"Contact"},"content":{"rendered":"\n<p class=\"has-large-font-size\"><strong>Urolog\u00eda Bielsa&amp;Lorente<\/strong><\/p>\n\n\n\n<figure class=\"wp-block-image size-large is-resized\"><img loading=\"lazy\" decoding=\"async\" width=\"1024\" height=\"365\" src=\"https:\/\/urologiabielsalorente.com\/webielsa23\/wp-content\/uploads\/2016\/09\/quironsalud_claim_positivo_rgb-e1519046705881-1024x365.jpg\" alt=\"\" class=\"wp-image-666\" style=\"width:268px;height:95px\" srcset=\"https:\/\/urologiabielsalorente.com\/webielsa23\/wp-content\/uploads\/2016\/09\/quironsalud_claim_positivo_rgb-e1519046705881-1024x365.jpg 1024w, https:\/\/urologiabielsalorente.com\/webielsa23\/wp-content\/uploads\/2016\/09\/quironsalud_claim_positivo_rgb-e1519046705881-300x107.jpg 300w, https:\/\/urologiabielsalorente.com\/webielsa23\/wp-content\/uploads\/2016\/09\/quironsalud_claim_positivo_rgb-e1519046705881-768x274.jpg 768w, https:\/\/urologiabielsalorente.com\/webielsa23\/wp-content\/uploads\/2016\/09\/quironsalud_claim_positivo_rgb-e1519046705881.jpg 1436w\" sizes=\"auto, (max-width: 1024px) 100vw, 1024px\" \/><\/figure>\n\n\n\n<p><strong>HOSPITAL QUIR\u00d3NSALUD BARCELONA<\/strong><br>Plaza Alfonso Com\u00edn 5-7, 08023 Barcelona<br>Our offices are located on the -1 floor<\/p>\n\n\n\n<p><strong>Bus<\/strong>: 17, 22, 60, 73, 124<br><strong>Metro<\/strong>: L3 Penitents<br><strong>Ronda de Dalt<\/strong>: exit 6 &#8211; Parking in the same building<\/p>\n\n\n\n<p><strong>Telephones<\/strong>: <a href=\"tel:650.205.691\">650.205.691<\/a><br><strong>Email<\/strong>: <a href=\"mailto:info@urologiabielsalorente.com\" target=\"_blank\" rel=\"noreferrer noopener\">info@urologiabielsalorente.com<\/a><\/p>\n\n\n\n<iframe loading=\"lazy\" src=\"https:\/\/www.google.com\/maps\/d\/embed?mid=1kAZ25n4pEdB_tkfERNzSj7_NJOM&amp;w=640&amp;h=500\" alt=\"Mapa Bielsa&amp;Lorente\" width=\"100%\" height=\"350\" frameborder=\"0\" style=\"border:0\" allowfullscreen=\"\"><\/iframe>\n","protected":false},"excerpt":{"rendered":"<p>Urolog\u00eda Bielsa&amp;Lorente HOSPITAL QUIR\u00d3NSALUD BARCELONAPlaza Alfonso Com\u00edn 5-7, 08023 BarcelonaOur offices are located on the -1 floor Bus: 17, 22, 60, 73, 124Metro: L3 PenitentsRonda de Dalt: exit 6 &#8211; Parking in the same building Telephones: 650.205.691Email: info@urologiabielsalorente.com<\/p>\n","protected":false},"author":1,"featured_media":0,"parent":0,"menu_order":22,"comment_status":"closed","ping_status":"closed","template":"p-contact7.php","meta":{"_acf_changed":false,"inline_featured_image":false,"footnotes":""},"class_list":["post-2632","page","type-page","status-publish","hentry"],"acf":[],"yoast_head":"<!-- This site is optimized with the Yoast SEO plugin v27.3 - https:\/\/yoast.com\/product\/yoast-seo-wordpress\/ -->\n<title>Contact - Urolog\u00eda Bielsa &amp; Lorente<\/title>\n<meta name=\"description\" content=\"La consulta est\u00e1 en HOSPITAL QUIR\u00d3NSALUD BARCELONA Plaza Alfonso Com\u00edn 5-7, 08023 Barcelona. Tel\u00e9fono de contacto: 93 238 16 05\" \/>\n<meta name=\"robots\" content=\"index, follow, max-snippet:-1, max-image-preview:large, max-video-preview:-1\" \/>\n<link rel=\"canonical\" href=\"https:\/\/urologiabielsalorente.com\/en\/contact\/\" \/>\n<meta property=\"og:locale\" content=\"en_US\" \/>\n<meta property=\"og:type\" content=\"article\" \/>\n<meta property=\"og:title\" content=\"Contact - Urolog\u00eda Bielsa &amp; Lorente\" \/>\n<meta property=\"og:description\" content=\"La consulta est\u00e1 en HOSPITAL QUIR\u00d3NSALUD BARCELONA Plaza Alfonso Com\u00edn 5-7, 08023 Barcelona. Tel\u00e9fono de contacto: 93 238 16 05\" \/>\n<meta property=\"og:url\" content=\"https:\/\/urologiabielsalorente.com\/en\/contact\/\" \/>\n<meta property=\"og:site_name\" content=\"Urolog\u00eda Bielsa &amp; Lorente\" \/>\n<meta property=\"article:modified_time\" content=\"2024-04-18T08:29:24+00:00\" \/>\n<meta property=\"og:image\" content=\"https:\/\/urologiabielsalorente.com\/webielsa23\/wp-content\/uploads\/2016\/09\/quironsalud_claim_positivo_rgb-e1519046705881-1024x365.jpg\" \/>\n<meta name=\"twitter:card\" content=\"summary_large_image\" \/>\n<meta name=\"twitter:label1\" content=\"Est. reading time\" \/>\n\t<meta name=\"twitter:data1\" content=\"1 minute\" \/>\n<script type=\"application\/ld+json\" class=\"yoast-schema-graph\">{\"@context\":\"https:\\\/\\\/schema.org\",\"@graph\":[{\"@type\":\"WebPage\",\"@id\":\"https:\\\/\\\/urologiabielsalorente.com\\\/en\\\/contact\\\/\",\"url\":\"https:\\\/\\\/urologiabielsalorente.com\\\/en\\\/contact\\\/\",\"name\":\"Contact - Urolog\u00eda Bielsa &amp; Lorente\",\"isPartOf\":{\"@id\":\"https:\\\/\\\/urologiabielsalorente.com\\\/en\\\/#website\"},\"primaryImageOfPage\":{\"@id\":\"https:\\\/\\\/urologiabielsalorente.com\\\/en\\\/contact\\\/#primaryimage\"},\"image\":{\"@id\":\"https:\\\/\\\/urologiabielsalorente.com\\\/en\\\/contact\\\/#primaryimage\"},\"thumbnailUrl\":\"https:\\\/\\\/urologiabielsalorente.com\\\/webielsa23\\\/wp-content\\\/uploads\\\/2016\\\/09\\\/quironsalud_claim_positivo_rgb-e1519046705881-1024x365.jpg\",\"datePublished\":\"2014-04-29T13:44:36+00:00\",\"dateModified\":\"2024-04-18T08:29:24+00:00\",\"description\":\"La consulta est\u00e1 en HOSPITAL QUIR\u00d3NSALUD BARCELONA Plaza Alfonso Com\u00edn 5-7, 08023 Barcelona. Tel\u00e9fono de contacto: 93 238 16 05\",\"breadcrumb\":{\"@id\":\"https:\\\/\\\/urologiabielsalorente.com\\\/en\\\/contact\\\/#breadcrumb\"},\"inLanguage\":\"en-US\",\"potentialAction\":[{\"@type\":\"ReadAction\",\"target\":[\"https:\\\/\\\/urologiabielsalorente.com\\\/en\\\/contact\\\/\"]}]},{\"@type\":\"ImageObject\",\"inLanguage\":\"en-US\",\"@id\":\"https:\\\/\\\/urologiabielsalorente.com\\\/en\\\/contact\\\/#primaryimage\",\"url\":\"https:\\\/\\\/urologiabielsalorente.com\\\/webielsa23\\\/wp-content\\\/uploads\\\/2016\\\/09\\\/quironsalud_claim_positivo_rgb-e1519046705881-1024x365.jpg\",\"contentUrl\":\"https:\\\/\\\/urologiabielsalorente.com\\\/webielsa23\\\/wp-content\\\/uploads\\\/2016\\\/09\\\/quironsalud_claim_positivo_rgb-e1519046705881-1024x365.jpg\"},{\"@type\":\"BreadcrumbList\",\"@id\":\"https:\\\/\\\/urologiabielsalorente.com\\\/en\\\/contact\\\/#breadcrumb\",\"itemListElement\":[{\"@type\":\"ListItem\",\"position\":1,\"name\":\"Portada\",\"item\":\"https:\\\/\\\/urologiabielsalorente.com\\\/en\\\/\"},{\"@type\":\"ListItem\",\"position\":2,\"name\":\"Contact\"}]},{\"@type\":\"WebSite\",\"@id\":\"https:\\\/\\\/urologiabielsalorente.com\\\/en\\\/#website\",\"url\":\"https:\\\/\\\/urologiabielsalorente.com\\\/en\\\/\",\"name\":\"Urolog\u00eda Bielsa &amp; Lorente\",\"description\":\"Equipo oficial de Urolog\u00eda del Hospital Quir\u00f3n Salud de Barcelona\",\"publisher\":{\"@id\":\"https:\\\/\\\/urologiabielsalorente.com\\\/en\\\/#organization\"},\"potentialAction\":[{\"@type\":\"SearchAction\",\"target\":{\"@type\":\"EntryPoint\",\"urlTemplate\":\"https:\\\/\\\/urologiabielsalorente.com\\\/en\\\/?s={search_term_string}\"},\"query-input\":{\"@type\":\"PropertyValueSpecification\",\"valueRequired\":true,\"valueName\":\"search_term_string\"}}],\"inLanguage\":\"en-US\"},{\"@type\":\"Organization\",\"@id\":\"https:\\\/\\\/urologiabielsalorente.com\\\/en\\\/#organization\",\"name\":\"Urolog\u00eda Bielsa &amp; Lorente\",\"url\":\"https:\\\/\\\/urologiabielsalorente.com\\\/en\\\/\",\"logo\":{\"@type\":\"ImageObject\",\"inLanguage\":\"en-US\",\"@id\":\"https:\\\/\\\/urologiabielsalorente.com\\\/en\\\/#\\\/schema\\\/logo\\\/image\\\/\",\"url\":\"https:\\\/\\\/urologiabielsalorente.com\\\/webielsa23\\\/wp-content\\\/uploads\\\/2014\\\/04\\\/solicionesPersonales1024-e1402499581900.jpg\",\"contentUrl\":\"https:\\\/\\\/urologiabielsalorente.com\\\/webielsa23\\\/wp-content\\\/uploads\\\/2014\\\/04\\\/solicionesPersonales1024-e1402499581900.jpg\",\"width\":1024,\"height\":570,\"caption\":\"Urolog\u00eda Bielsa &amp; Lorente\"},\"image\":{\"@id\":\"https:\\\/\\\/urologiabielsalorente.com\\\/en\\\/#\\\/schema\\\/logo\\\/image\\\/\"},\"sameAs\":[\"https:\\\/\\\/www.linkedin.com\\\/company\\\/urologia-bielsa-lorente\\\/\"]}]}<\/script>\n<!-- \/ Yoast SEO plugin. -->","yoast_head_json":{"title":"Contact - Urolog\u00eda Bielsa &amp; Lorente","description":"La consulta est\u00e1 en HOSPITAL QUIR\u00d3NSALUD BARCELONA Plaza Alfonso Com\u00edn 5-7, 08023 Barcelona. Tel\u00e9fono de contacto: 93 238 16 05","robots":{"index":"index","follow":"follow","max-snippet":"max-snippet:-1","max-image-preview":"max-image-preview:large","max-video-preview":"max-video-preview:-1"},"canonical":"https:\/\/urologiabielsalorente.com\/en\/contact\/","og_locale":"en_US","og_type":"article","og_title":"Contact - Urolog\u00eda Bielsa &amp; Lorente","og_description":"La consulta est\u00e1 en HOSPITAL QUIR\u00d3NSALUD BARCELONA Plaza Alfonso Com\u00edn 5-7, 08023 Barcelona. Tel\u00e9fono de contacto: 93 238 16 05","og_url":"https:\/\/urologiabielsalorente.com\/en\/contact\/","og_site_name":"Urolog\u00eda Bielsa &amp; Lorente","article_modified_time":"2024-04-18T08:29:24+00:00","og_image":[{"url":"https:\/\/urologiabielsalorente.com\/webielsa23\/wp-content\/uploads\/2016\/09\/quironsalud_claim_positivo_rgb-e1519046705881-1024x365.jpg","type":"","width":"","height":""}],"twitter_card":"summary_large_image","twitter_misc":{"Est. reading time":"1 minute"},"schema":{"@context":"https:\/\/schema.org","@graph":[{"@type":"WebPage","@id":"https:\/\/urologiabielsalorente.com\/en\/contact\/","url":"https:\/\/urologiabielsalorente.com\/en\/contact\/","name":"Contact - Urolog\u00eda Bielsa &amp; Lorente","isPartOf":{"@id":"https:\/\/urologiabielsalorente.com\/en\/#website"},"primaryImageOfPage":{"@id":"https:\/\/urologiabielsalorente.com\/en\/contact\/#primaryimage"},"image":{"@id":"https:\/\/urologiabielsalorente.com\/en\/contact\/#primaryimage"},"thumbnailUrl":"https:\/\/urologiabielsalorente.com\/webielsa23\/wp-content\/uploads\/2016\/09\/quironsalud_claim_positivo_rgb-e1519046705881-1024x365.jpg","datePublished":"2014-04-29T13:44:36+00:00","dateModified":"2024-04-18T08:29:24+00:00","description":"La consulta est\u00e1 en HOSPITAL QUIR\u00d3NSALUD BARCELONA Plaza Alfonso Com\u00edn 5-7, 08023 Barcelona. Tel\u00e9fono de contacto: 93 238 16 05","breadcrumb":{"@id":"https:\/\/urologiabielsalorente.com\/en\/contact\/#breadcrumb"},"inLanguage":"en-US","potentialAction":[{"@type":"ReadAction","target":["https:\/\/urologiabielsalorente.com\/en\/contact\/"]}]},{"@type":"ImageObject","inLanguage":"en-US","@id":"https:\/\/urologiabielsalorente.com\/en\/contact\/#primaryimage","url":"https:\/\/urologiabielsalorente.com\/webielsa23\/wp-content\/uploads\/2016\/09\/quironsalud_claim_positivo_rgb-e1519046705881-1024x365.jpg","contentUrl":"https:\/\/urologiabielsalorente.com\/webielsa23\/wp-content\/uploads\/2016\/09\/quironsalud_claim_positivo_rgb-e1519046705881-1024x365.jpg"},{"@type":"BreadcrumbList","@id":"https:\/\/urologiabielsalorente.com\/en\/contact\/#breadcrumb","itemListElement":[{"@type":"ListItem","position":1,"name":"Portada","item":"https:\/\/urologiabielsalorente.com\/en\/"},{"@type":"ListItem","position":2,"name":"Contact"}]},{"@type":"WebSite","@id":"https:\/\/urologiabielsalorente.com\/en\/#website","url":"https:\/\/urologiabielsalorente.com\/en\/","name":"Urolog\u00eda Bielsa &amp; Lorente","description":"Equipo oficial de Urolog\u00eda del Hospital Quir\u00f3n Salud de Barcelona","publisher":{"@id":"https:\/\/urologiabielsalorente.com\/en\/#organization"},"potentialAction":[{"@type":"SearchAction","target":{"@type":"EntryPoint","urlTemplate":"https:\/\/urologiabielsalorente.com\/en\/?s={search_term_string}"},"query-input":{"@type":"PropertyValueSpecification","valueRequired":true,"valueName":"search_term_string"}}],"inLanguage":"en-US"},{"@type":"Organization","@id":"https:\/\/urologiabielsalorente.com\/en\/#organization","name":"Urolog\u00eda Bielsa &amp; Lorente","url":"https:\/\/urologiabielsalorente.com\/en\/","logo":{"@type":"ImageObject","inLanguage":"en-US","@id":"https:\/\/urologiabielsalorente.com\/en\/#\/schema\/logo\/image\/","url":"https:\/\/urologiabielsalorente.com\/webielsa23\/wp-content\/uploads\/2014\/04\/solicionesPersonales1024-e1402499581900.jpg","contentUrl":"https:\/\/urologiabielsalorente.com\/webielsa23\/wp-content\/uploads\/2014\/04\/solicionesPersonales1024-e1402499581900.jpg","width":1024,"height":570,"caption":"Urolog\u00eda Bielsa &amp; Lorente"},"image":{"@id":"https:\/\/urologiabielsalorente.com\/en\/#\/schema\/logo\/image\/"},"sameAs":["https:\/\/www.linkedin.com\/company\/urologia-bielsa-lorente\/"]}]}},"_links":{"self":[{"href":"https:\/\/urologiabielsalorente.com\/en\/wp-json\/wp\/v2\/pages\/2632","targetHints":{"allow":["GET"]}}],"collection":[{"href":"https:\/\/urologiabielsalorente.com\/en\/wp-json\/wp\/v2\/pages"}],"about":[{"href":"https:\/\/urologiabielsalorente.com\/en\/wp-json\/wp\/v2\/types\/page"}],"author":[{"embeddable":true,"href":"https:\/\/urologiabielsalorente.com\/en\/wp-json\/wp\/v2\/users\/1"}],"replies":[{"embeddable":true,"href":"https:\/\/urologiabielsalorente.com\/en\/wp-json\/wp\/v2\/comments?post=2632"}],"version-history":[{"count":6,"href":"https:\/\/urologiabielsalorente.com\/en\/wp-json\/wp\/v2\/pages\/2632\/revisions"}],"predecessor-version":[{"id":3026,"href":"https:\/\/urologiabielsalorente.com\/en\/wp-json\/wp\/v2\/pages\/2632\/revisions\/3026"}],"wp:attachment":[{"href":"https:\/\/urologiabielsalorente.com\/en\/wp-json\/wp\/v2\/media?parent=2632"}],"curies":[{"name":"wp","href":"https:\/\/api.w.org\/{rel}","templated":true}]}}