{"id":2630,"date":"2014-04-29T13:44:06","date_gmt":"2014-04-29T13:44:06","guid":{"rendered":"https:\/\/urologiabielsalorente.com\/guia-paciente-urologia-barcelona\/"},"modified":"2023-03-27T20:27:33","modified_gmt":"2023-03-27T20:27:33","slug":"patient-care-guide","status":"publish","type":"page","link":"https:\/\/urologiabielsalorente.com\/en\/patient-care-guide\/","title":{"rendered":"Patient care guide"},"content":{"rendered":"\n<p class=\"has-text-align-left\">At Urolog\u00eda Bielsa&amp;Lorente we strive to make the patient\u2019s experience as satisfactory as possible. This guide provides all the necessary information to access the services offered by our team.<\/p>\n\n\n\n<div class=\"wp-block-cover has-custom-content-position is-position-center-left\" style=\"min-height:328px;aspect-ratio:unset;\" id=\"consultas\"><span aria-hidden=\"true\" class=\"wp-block-cover__background has-background-dim-100 has-background-dim wp-block-cover__gradient-background has-background-gradient\" style=\"background:linear-gradient(91deg,rgb(255,255,255) 17%,rgba(255,255,255,0) 100%)\"><\/span><img loading=\"lazy\" decoding=\"async\" width=\"1024\" height=\"684\" class=\"wp-block-cover__image-background wp-image-2187\" alt=\"\" src=\"https:\/\/urologiabielsalorente.com\/webielsa23\/wp-content\/uploads\/2023\/01\/pacientes-1.jpg\" style=\"object-position:58% 32%\" data-object-fit=\"cover\" data-object-position=\"58% 32%\" srcset=\"https:\/\/urologiabielsalorente.com\/webielsa23\/wp-content\/uploads\/2023\/01\/pacientes-1.jpg 1024w, https:\/\/urologiabielsalorente.com\/webielsa23\/wp-content\/uploads\/2023\/01\/pacientes-1-300x200.jpg 300w, https:\/\/urologiabielsalorente.com\/webielsa23\/wp-content\/uploads\/2023\/01\/pacientes-1-768x513.jpg 768w\" sizes=\"auto, (max-width: 1024px) 100vw, 1024px\" \/><div class=\"wp-block-cover__inner-container is-layout-flow wp-block-cover-is-layout-flow\">\n<p class=\"has-text-align-left has-black-color has-text-color\" style=\"font-size:22px\">OUR OFFICES<\/p>\n<\/div><\/div>\n\n\n\n<div class=\"wp-block-columns is-layout-flex wp-container-core-columns-is-layout-9d6595d7 wp-block-columns-is-layout-flex\">\n<div class=\"wp-block-column is-layout-flow wp-block-column-is-layout-flow\">\n<p>Our offices are located on the hospital\u2019s -1 floor and they are formed by the consultation rooms as well as the waiting area and the functional exploration room.<br>The administrative staff guides patients through the process of each consultation, either by scheduling functional explorations, medical follow-ups or dealing with their insurances.<\/p>\n<\/div>\n\n\n\n<div class=\"wp-block-column is-layout-flow wp-block-column-is-layout-flow\">\n<p>Admission is made at the Admissions department where the hospitalization process is explained. The operating rooms are located on the hospital\u2019s -2 floor.<\/p>\n<\/div>\n<\/div>\n\n\n\n<div class=\"wp-block-cover has-custom-content-position is-position-center-right\" style=\"min-height:328px;aspect-ratio:unset;\" id=\"ingreso\"><span aria-hidden=\"true\" class=\"wp-block-cover__background has-background-dim-100 has-background-dim wp-block-cover__gradient-background has-background-gradient\" style=\"background:linear-gradient(92deg,rgba(255,255,255,0) 0%,rgb(255,255,255) 65%,rgb(255,255,255) 100%)\"><\/span><img loading=\"lazy\" decoding=\"async\" width=\"700\" height=\"467\" class=\"wp-block-cover__image-background wp-image-2020\" alt=\"\" src=\"https:\/\/urologiabielsalorente.com\/webielsa23\/wp-content\/uploads\/2023\/01\/urologiabielsalorente-paciente-2.jpg\" data-object-fit=\"cover\" srcset=\"https:\/\/urologiabielsalorente.com\/webielsa23\/wp-content\/uploads\/2023\/01\/urologiabielsalorente-paciente-2.jpg 700w, https:\/\/urologiabielsalorente.com\/webielsa23\/wp-content\/uploads\/2023\/01\/urologiabielsalorente-paciente-2-300x200.jpg 300w\" sizes=\"auto, (max-width: 700px) 100vw, 700px\" \/><div class=\"wp-block-cover__inner-container is-layout-flow wp-block-cover-is-layout-flow\">\n<p class=\"has-text-align-right has-black-color has-text-color\" style=\"font-size:22px\">SURGICAL ADMISSION<\/p>\n<\/div><\/div>\n\n\n\n<div class=\"wp-block-columns is-layout-flex wp-container-core-columns-is-layout-9d6595d7 wp-block-columns-is-layout-flex\">\n<div class=\"wp-block-column is-layout-flow wp-block-column-is-layout-flow\">\n<p>When a surgical intervention is needed, the doctor is in charge of explaining to the patient all details related to the surgery as well as the admission during the consultation.<\/p>\n\n\n\n<p>Documents required for the admission:<\/p>\n\n\n\n<ul class=\"wp-block-list\">\n<li>Insurance approval<\/li>\n\n\n\n<li>Informed consent for the surgical act<\/li>\n\n\n\n<li>Preoperative tests reviewed by doctor<\/li>\n\n\n\n<li>ID\/NIE\/Passport<\/li>\n\n\n\n<li>Accepted and signed budget (only for private patients)<\/li>\n<\/ul>\n<\/div>\n\n\n\n<div class=\"wp-block-column is-layout-flow wp-block-column-is-layout-flow\">\n<p>Once the surgery is over, patients go to the Post-Surgical Resuscitation Unit, where they remain until a decision is made to transfer them to the hospitalization floor or to discharge them (in case of outpatient surgeries). The patients\u2019 companions will be informed by one of the doctors about the result of the surgery once it has been completed. It is therefore important to be reachable either in the room or through the telephone number provided.<\/p>\n<\/div>\n<\/div>\n\n\n\n<div class=\"wp-block-cover has-custom-content-position is-position-center-left\" style=\"min-height:287px;aspect-ratio:unset;\" id=\"estancia\"><span aria-hidden=\"true\" class=\"wp-block-cover__background has-background-dim-100 has-background-dim wp-block-cover__gradient-background has-background-gradient\" style=\"background:linear-gradient(91deg,rgb(255,255,255) 20%,rgba(255,255,255,0) 100%)\"><\/span><img loading=\"lazy\" decoding=\"async\" width=\"700\" height=\"467\" class=\"wp-block-cover__image-background wp-image-2022\" alt=\"\" src=\"https:\/\/urologiabielsalorente.com\/webielsa23\/wp-content\/uploads\/2023\/01\/urologiabielsalorente-paciente-3.jpg\" data-object-fit=\"cover\" srcset=\"https:\/\/urologiabielsalorente.com\/webielsa23\/wp-content\/uploads\/2023\/01\/urologiabielsalorente-paciente-3.jpg 700w, https:\/\/urologiabielsalorente.com\/webielsa23\/wp-content\/uploads\/2023\/01\/urologiabielsalorente-paciente-3-300x200.jpg 300w\" sizes=\"auto, (max-width: 700px) 100vw, 700px\" \/><div class=\"wp-block-cover__inner-container is-layout-flow wp-block-cover-is-layout-flow\">\n<p class=\"has-text-align-left has-black-color has-text-color\" style=\"font-size:22px\">HOSPITAL STAY<\/p>\n<\/div><\/div>\n\n\n\n<div class=\"wp-block-columns is-layout-flex wp-container-core-columns-is-layout-9d6595d7 wp-block-columns-is-layout-flex\">\n<div class=\"wp-block-column is-layout-flow wp-block-column-is-layout-flow\">\n<p>At the time of admission, the nursing staff ask patients a few questions in order to confirm their clinical history, provide information about the procedure and collect all the documentation. Medication, dressing and treatment will be given by the nursing staff throughout the process.<\/p>\n<\/div>\n\n\n\n<div class=\"wp-block-column is-layout-flow wp-block-column-is-layout-flow\">\n<p>During their stay, patients are cared for by a team of professionals who help them improve their medical condition.<\/p>\n\n\n\n<p>The doctor is the only person authorized to inform patients and their companions about the patient\u2019s progress. The medical team visits daily, including weekends.<\/p>\n<\/div>\n<\/div>\n\n\n\n<div class=\"wp-block-cover\" style=\"min-height:179px;aspect-ratio:unset;\" id=\"alta\"><span aria-hidden=\"true\" class=\"wp-block-cover__background has-background-dim-100 has-background-dim wp-block-cover__gradient-background has-background-gradient\" style=\"background:linear-gradient(90deg,rgba(255,255,255,0.21) 0%,rgb(255,255,255) 85%)\"><\/span><img loading=\"lazy\" decoding=\"async\" width=\"700\" height=\"467\" class=\"wp-block-cover__image-background wp-image-2024\" alt=\"\" src=\"https:\/\/urologiabielsalorente.com\/webielsa23\/wp-content\/uploads\/2023\/01\/urologiabielsalorente-paciente-4.jpg\" data-object-fit=\"cover\" srcset=\"https:\/\/urologiabielsalorente.com\/webielsa23\/wp-content\/uploads\/2023\/01\/urologiabielsalorente-paciente-4.jpg 700w, https:\/\/urologiabielsalorente.com\/webielsa23\/wp-content\/uploads\/2023\/01\/urologiabielsalorente-paciente-4-300x200.jpg 300w\" sizes=\"auto, (max-width: 700px) 100vw, 700px\" \/><div class=\"wp-block-cover__inner-container is-layout-flow wp-block-cover-is-layout-flow\">\n<p class=\"has-text-align-right has-black-color has-text-color\" style=\"font-size:22px\">DISCHARGE DAY<\/p>\n<\/div><\/div>\n\n\n\n<div class=\"wp-block-columns is-layout-flex wp-container-core-columns-is-layout-9d6595d7 wp-block-columns-is-layout-flex\">\n<div class=\"wp-block-column is-layout-flow wp-block-column-is-layout-flow\">\n<p>The medical team decides the time of discharge, which, as a general rule, is to be notified to the patient one day in advance. This way, and unless required otherwise, patients may leave the hospital on the day of discharge before 10:00 a.m.<\/p>\n\n\n\n<p>At the time of discharge, a medical report with the evolution of the process and the treatment to be followed is given. This discharge report should be read carefully, reviewing the treatment, the recommendations and the prescribed diet, as well as the date of the next consultation.<\/p>\n<\/div>\n\n\n\n<div class=\"wp-block-column is-layout-flow wp-block-column-is-layout-flow\">\n<p>The nursing staff provide all the information related to care at home.<\/p>\n\n\n\n<p><em><em>After notification of discharge, patients should notify the floor staff, who will explain the discharge process.<\/em><\/em><\/p>\n<\/div>\n<\/div>\n","protected":false},"excerpt":{"rendered":"<p>At Urolog\u00eda Bielsa&amp;Lorente we strive to make the patient\u2019s experience as satisfactory as possible. This guide provides all the necessary information to access the services offered by our team. Our offices are located on the hospital\u2019s -1 floor and they are formed by the consultation rooms as well as the waiting area and the functional [&hellip;]<\/p>\n","protected":false},"author":1,"featured_media":0,"parent":0,"menu_order":8,"comment_status":"closed","ping_status":"closed","template":"","meta":{"_acf_changed":false,"inline_featured_image":false,"footnotes":""},"class_list":["post-2630","page","type-page","status-publish","hentry"],"acf":[],"yoast_head":"<!-- This site is optimized with the Yoast SEO plugin v27.3 - https:\/\/yoast.com\/product\/yoast-seo-wordpress\/ -->\n<title>Patient care guide - Urolog\u00eda Bielsa &amp; Lorente<\/title>\n<meta name=\"robots\" content=\"index, follow, max-snippet:-1, max-image-preview:large, max-video-preview:-1\" \/>\n<link rel=\"canonical\" href=\"https:\/\/urologiabielsalorente.com\/en\/patient-care-guide\/\" \/>\n<meta property=\"og:locale\" content=\"en_US\" \/>\n<meta property=\"og:type\" content=\"article\" \/>\n<meta property=\"og:title\" content=\"Patient care guide - Urolog\u00eda Bielsa &amp; Lorente\" \/>\n<meta property=\"og:description\" content=\"At Urolog\u00eda Bielsa&amp;Lorente we strive to make the patient\u2019s experience as satisfactory as possible. This guide provides all the necessary information to access the services offered by our team. Our offices are located on the hospital\u2019s -1 floor and they are formed by the consultation rooms as well as the waiting area and the functional [&hellip;]\" \/>\n<meta property=\"og:url\" content=\"https:\/\/urologiabielsalorente.com\/en\/patient-care-guide\/\" \/>\n<meta property=\"og:site_name\" content=\"Urolog\u00eda Bielsa &amp; Lorente\" \/>\n<meta property=\"article:modified_time\" content=\"2023-03-27T20:27:33+00:00\" \/>\n<meta property=\"og:image\" content=\"https:\/\/urologiabielsalorente.com\/webielsa23\/wp-content\/uploads\/2023\/01\/pacientes-1.jpg\" \/>\n<meta name=\"twitter:card\" content=\"summary_large_image\" \/>\n<meta name=\"twitter:label1\" content=\"Est. reading time\" \/>\n\t<meta name=\"twitter:data1\" content=\"3 minutes\" \/>\n<script type=\"application\/ld+json\" class=\"yoast-schema-graph\">{\"@context\":\"https:\\\/\\\/schema.org\",\"@graph\":[{\"@type\":\"WebPage\",\"@id\":\"https:\\\/\\\/urologiabielsalorente.com\\\/en\\\/patient-care-guide\\\/\",\"url\":\"https:\\\/\\\/urologiabielsalorente.com\\\/en\\\/patient-care-guide\\\/\",\"name\":\"Patient care guide - Urolog\u00eda Bielsa &amp; Lorente\",\"isPartOf\":{\"@id\":\"https:\\\/\\\/urologiabielsalorente.com\\\/en\\\/#website\"},\"primaryImageOfPage\":{\"@id\":\"https:\\\/\\\/urologiabielsalorente.com\\\/en\\\/patient-care-guide\\\/#primaryimage\"},\"image\":{\"@id\":\"https:\\\/\\\/urologiabielsalorente.com\\\/en\\\/patient-care-guide\\\/#primaryimage\"},\"thumbnailUrl\":\"https:\\\/\\\/urologiabielsalorente.com\\\/webielsa23\\\/wp-content\\\/uploads\\\/2023\\\/01\\\/pacientes-1.jpg\",\"datePublished\":\"2014-04-29T13:44:06+00:00\",\"dateModified\":\"2023-03-27T20:27:33+00:00\",\"breadcrumb\":{\"@id\":\"https:\\\/\\\/urologiabielsalorente.com\\\/en\\\/patient-care-guide\\\/#breadcrumb\"},\"inLanguage\":\"en-US\",\"potentialAction\":[{\"@type\":\"ReadAction\",\"target\":[\"https:\\\/\\\/urologiabielsalorente.com\\\/en\\\/patient-care-guide\\\/\"]}]},{\"@type\":\"ImageObject\",\"inLanguage\":\"en-US\",\"@id\":\"https:\\\/\\\/urologiabielsalorente.com\\\/en\\\/patient-care-guide\\\/#primaryimage\",\"url\":\"https:\\\/\\\/urologiabielsalorente.com\\\/webielsa23\\\/wp-content\\\/uploads\\\/2023\\\/01\\\/pacientes-1.jpg\",\"contentUrl\":\"https:\\\/\\\/urologiabielsalorente.com\\\/webielsa23\\\/wp-content\\\/uploads\\\/2023\\\/01\\\/pacientes-1.jpg\"},{\"@type\":\"BreadcrumbList\",\"@id\":\"https:\\\/\\\/urologiabielsalorente.com\\\/en\\\/patient-care-guide\\\/#breadcrumb\",\"itemListElement\":[{\"@type\":\"ListItem\",\"position\":1,\"name\":\"Portada\",\"item\":\"https:\\\/\\\/urologiabielsalorente.com\\\/en\\\/\"},{\"@type\":\"ListItem\",\"position\":2,\"name\":\"Patient care guide\"}]},{\"@type\":\"WebSite\",\"@id\":\"https:\\\/\\\/urologiabielsalorente.com\\\/en\\\/#website\",\"url\":\"https:\\\/\\\/urologiabielsalorente.com\\\/en\\\/\",\"name\":\"Urolog\u00eda Bielsa &amp; Lorente\",\"description\":\"Equipo oficial de Urolog\u00eda del Hospital Quir\u00f3n Salud de Barcelona\",\"publisher\":{\"@id\":\"https:\\\/\\\/urologiabielsalorente.com\\\/en\\\/#organization\"},\"potentialAction\":[{\"@type\":\"SearchAction\",\"target\":{\"@type\":\"EntryPoint\",\"urlTemplate\":\"https:\\\/\\\/urologiabielsalorente.com\\\/en\\\/?s={search_term_string}\"},\"query-input\":{\"@type\":\"PropertyValueSpecification\",\"valueRequired\":true,\"valueName\":\"search_term_string\"}}],\"inLanguage\":\"en-US\"},{\"@type\":\"Organization\",\"@id\":\"https:\\\/\\\/urologiabielsalorente.com\\\/en\\\/#organization\",\"name\":\"Urolog\u00eda Bielsa &amp; Lorente\",\"url\":\"https:\\\/\\\/urologiabielsalorente.com\\\/en\\\/\",\"logo\":{\"@type\":\"ImageObject\",\"inLanguage\":\"en-US\",\"@id\":\"https:\\\/\\\/urologiabielsalorente.com\\\/en\\\/#\\\/schema\\\/logo\\\/image\\\/\",\"url\":\"https:\\\/\\\/urologiabielsalorente.com\\\/webielsa23\\\/wp-content\\\/uploads\\\/2014\\\/04\\\/solicionesPersonales1024-e1402499581900.jpg\",\"contentUrl\":\"https:\\\/\\\/urologiabielsalorente.com\\\/webielsa23\\\/wp-content\\\/uploads\\\/2014\\\/04\\\/solicionesPersonales1024-e1402499581900.jpg\",\"width\":1024,\"height\":570,\"caption\":\"Urolog\u00eda Bielsa &amp; Lorente\"},\"image\":{\"@id\":\"https:\\\/\\\/urologiabielsalorente.com\\\/en\\\/#\\\/schema\\\/logo\\\/image\\\/\"},\"sameAs\":[\"https:\\\/\\\/www.linkedin.com\\\/company\\\/urologia-bielsa-lorente\\\/\"]}]}<\/script>\n<!-- \/ Yoast SEO plugin. -->","yoast_head_json":{"title":"Patient care guide - Urolog\u00eda Bielsa &amp; Lorente","robots":{"index":"index","follow":"follow","max-snippet":"max-snippet:-1","max-image-preview":"max-image-preview:large","max-video-preview":"max-video-preview:-1"},"canonical":"https:\/\/urologiabielsalorente.com\/en\/patient-care-guide\/","og_locale":"en_US","og_type":"article","og_title":"Patient care guide - Urolog\u00eda Bielsa &amp; Lorente","og_description":"At Urolog\u00eda Bielsa&amp;Lorente we strive to make the patient\u2019s experience as satisfactory as possible. This guide provides all the necessary information to access the services offered by our team. Our offices are located on the hospital\u2019s -1 floor and they are formed by the consultation rooms as well as the waiting area and the functional [&hellip;]","og_url":"https:\/\/urologiabielsalorente.com\/en\/patient-care-guide\/","og_site_name":"Urolog\u00eda Bielsa &amp; Lorente","article_modified_time":"2023-03-27T20:27:33+00:00","og_image":[{"url":"https:\/\/urologiabielsalorente.com\/webielsa23\/wp-content\/uploads\/2023\/01\/pacientes-1.jpg","type":"","width":"","height":""}],"twitter_card":"summary_large_image","twitter_misc":{"Est. reading time":"3 minutes"},"schema":{"@context":"https:\/\/schema.org","@graph":[{"@type":"WebPage","@id":"https:\/\/urologiabielsalorente.com\/en\/patient-care-guide\/","url":"https:\/\/urologiabielsalorente.com\/en\/patient-care-guide\/","name":"Patient care guide - Urolog\u00eda Bielsa &amp; Lorente","isPartOf":{"@id":"https:\/\/urologiabielsalorente.com\/en\/#website"},"primaryImageOfPage":{"@id":"https:\/\/urologiabielsalorente.com\/en\/patient-care-guide\/#primaryimage"},"image":{"@id":"https:\/\/urologiabielsalorente.com\/en\/patient-care-guide\/#primaryimage"},"thumbnailUrl":"https:\/\/urologiabielsalorente.com\/webielsa23\/wp-content\/uploads\/2023\/01\/pacientes-1.jpg","datePublished":"2014-04-29T13:44:06+00:00","dateModified":"2023-03-27T20:27:33+00:00","breadcrumb":{"@id":"https:\/\/urologiabielsalorente.com\/en\/patient-care-guide\/#breadcrumb"},"inLanguage":"en-US","potentialAction":[{"@type":"ReadAction","target":["https:\/\/urologiabielsalorente.com\/en\/patient-care-guide\/"]}]},{"@type":"ImageObject","inLanguage":"en-US","@id":"https:\/\/urologiabielsalorente.com\/en\/patient-care-guide\/#primaryimage","url":"https:\/\/urologiabielsalorente.com\/webielsa23\/wp-content\/uploads\/2023\/01\/pacientes-1.jpg","contentUrl":"https:\/\/urologiabielsalorente.com\/webielsa23\/wp-content\/uploads\/2023\/01\/pacientes-1.jpg"},{"@type":"BreadcrumbList","@id":"https:\/\/urologiabielsalorente.com\/en\/patient-care-guide\/#breadcrumb","itemListElement":[{"@type":"ListItem","position":1,"name":"Portada","item":"https:\/\/urologiabielsalorente.com\/en\/"},{"@type":"ListItem","position":2,"name":"Patient care guide"}]},{"@type":"WebSite","@id":"https:\/\/urologiabielsalorente.com\/en\/#website","url":"https:\/\/urologiabielsalorente.com\/en\/","name":"Urolog\u00eda Bielsa &amp; Lorente","description":"Equipo oficial de Urolog\u00eda del Hospital Quir\u00f3n Salud de Barcelona","publisher":{"@id":"https:\/\/urologiabielsalorente.com\/en\/#organization"},"potentialAction":[{"@type":"SearchAction","target":{"@type":"EntryPoint","urlTemplate":"https:\/\/urologiabielsalorente.com\/en\/?s={search_term_string}"},"query-input":{"@type":"PropertyValueSpecification","valueRequired":true,"valueName":"search_term_string"}}],"inLanguage":"en-US"},{"@type":"Organization","@id":"https:\/\/urologiabielsalorente.com\/en\/#organization","name":"Urolog\u00eda Bielsa &amp; Lorente","url":"https:\/\/urologiabielsalorente.com\/en\/","logo":{"@type":"ImageObject","inLanguage":"en-US","@id":"https:\/\/urologiabielsalorente.com\/en\/#\/schema\/logo\/image\/","url":"https:\/\/urologiabielsalorente.com\/webielsa23\/wp-content\/uploads\/2014\/04\/solicionesPersonales1024-e1402499581900.jpg","contentUrl":"https:\/\/urologiabielsalorente.com\/webielsa23\/wp-content\/uploads\/2014\/04\/solicionesPersonales1024-e1402499581900.jpg","width":1024,"height":570,"caption":"Urolog\u00eda Bielsa &amp; Lorente"},"image":{"@id":"https:\/\/urologiabielsalorente.com\/en\/#\/schema\/logo\/image\/"},"sameAs":["https:\/\/www.linkedin.com\/company\/urologia-bielsa-lorente\/"]}]}},"_links":{"self":[{"href":"https:\/\/urologiabielsalorente.com\/en\/wp-json\/wp\/v2\/pages\/2630","targetHints":{"allow":["GET"]}}],"collection":[{"href":"https:\/\/urologiabielsalorente.com\/en\/wp-json\/wp\/v2\/pages"}],"about":[{"href":"https:\/\/urologiabielsalorente.com\/en\/wp-json\/wp\/v2\/types\/page"}],"author":[{"embeddable":true,"href":"https:\/\/urologiabielsalorente.com\/en\/wp-json\/wp\/v2\/users\/1"}],"replies":[{"embeddable":true,"href":"https:\/\/urologiabielsalorente.com\/en\/wp-json\/wp\/v2\/comments?post=2630"}],"version-history":[{"count":6,"href":"https:\/\/urologiabielsalorente.com\/en\/wp-json\/wp\/v2\/pages\/2630\/revisions"}],"predecessor-version":[{"id":2750,"href":"https:\/\/urologiabielsalorente.com\/en\/wp-json\/wp\/v2\/pages\/2630\/revisions\/2750"}],"wp:attachment":[{"href":"https:\/\/urologiabielsalorente.com\/en\/wp-json\/wp\/v2\/media?parent=2630"}],"curies":[{"name":"wp","href":"https:\/\/api.w.org\/{rel}","templated":true}]}}