{"id":2627,"date":"2014-04-29T13:44:06","date_gmt":"2014-04-29T13:44:06","guid":{"rendered":"https:\/\/urologiabielsalorente.com\/por-que-elegirnos\/"},"modified":"2023-05-19T20:53:06","modified_gmt":"2023-05-19T20:53:06","slug":"why-choose-us","status":"publish","type":"page","link":"https:\/\/urologiabielsalorente.com\/en\/why-choose-us\/","title":{"rendered":"Why choose us?"},"content":{"rendered":"\n<p class=\"has-text-align-left\">Our team was born from the union of a group of clinical urologists who, aware of the need for change in health care in the private sector, partnered to offer specialized, comprehensive urological care of the highest quality. We have training via MIR and extensive professional experience in the public and private sector. Our careers vouch for our excellence. We exclusively carry out our private activity at <a href=\"https:\/\/www.quironsalud.es\/hospital-barcelona\" target=\"_blank\" rel=\"noreferrer noopener\"><strong>Hospital Quir\u00f3nsalud Barcelona<\/strong><\/a><strong>, <\/strong>of which we are the official urology team.<\/p>\n\n\n\n<div class=\"wp-block-cover has-custom-content-position is-position-center-left\" style=\"min-height:215px;aspect-ratio:unset;\" id=\"mision\"><span aria-hidden=\"true\" class=\"wp-block-cover__background has-background-dim-100 has-background-dim wp-block-cover__gradient-background has-background-gradient\" style=\"background:linear-gradient(91deg,rgb(255,255,255) 16%,rgba(255,255,255,0) 100%)\"><\/span><img loading=\"lazy\" decoding=\"async\" width=\"700\" height=\"467\" class=\"wp-block-cover__image-background wp-image-2145\" alt=\"\" src=\"https:\/\/urologiabielsalorente.com\/webielsa23\/wp-content\/uploads\/2023\/01\/bielsalorente-porque-elegirnos-1.jpg\" data-object-fit=\"cover\" srcset=\"https:\/\/urologiabielsalorente.com\/webielsa23\/wp-content\/uploads\/2023\/01\/bielsalorente-porque-elegirnos-1.jpg 700w, https:\/\/urologiabielsalorente.com\/webielsa23\/wp-content\/uploads\/2023\/01\/bielsalorente-porque-elegirnos-1-300x200.jpg 300w\" sizes=\"auto, (max-width: 700px) 100vw, 700px\" \/><div class=\"wp-block-cover__inner-container is-layout-flow wp-block-cover-is-layout-flow\">\n<p class=\"has-text-align-left has-black-color has-text-color\" style=\"font-size:22px\">OUR MISSION, VISION AND VALUES<\/p>\n<\/div><\/div>\n\n\n\n<div class=\"wp-block-columns is-layout-flex wp-container-core-columns-is-layout-9d6595d7 wp-block-columns-is-layout-flex\">\n<div class=\"wp-block-column is-layout-flow wp-block-column-is-layout-flow\">\n<p><strong>\u2013 Mission<\/strong>: to solve all urological problems by offering excellent health services with the patient as the center of our attention.<\/p>\n\n\n\n<p><strong>\u2013 Vision<\/strong>: to form a leading, future-oriented urology team, pioneer in innovative solutions, that strives to incorporate the new available technologies.<\/p>\n\n\n\n<p><\/p>\n<\/div>\n\n\n\n<div class=\"wp-block-column is-layout-flow wp-block-column-is-layout-flow\">\n<p><strong>\u2013 Values<\/strong>: our values are the foundation that support our way of acting and working. They explain how we understand our field and how we relate to our patients: a person-centered approach.<\/p>\n\n\n\n<p>We are also distinguished by teamwork, humanity, professional competence, personalized care and innovation.<\/p>\n<\/div>\n<\/div>\n\n\n\n<div class=\"wp-block-cover has-custom-content-position is-position-center-right\" style=\"min-height:246px;aspect-ratio:unset;\" id=\"actividad\"><span aria-hidden=\"true\" class=\"wp-block-cover__background has-background-dim-100 has-background-dim wp-block-cover__gradient-background has-background-gradient\" style=\"background:linear-gradient(92deg,rgba(255,255,255,0) 0%,rgb(255,255,255) 65%,rgb(255,255,255) 100%)\"><\/span><img loading=\"lazy\" decoding=\"async\" width=\"700\" height=\"467\" class=\"wp-block-cover__image-background wp-image-2147\" alt=\"\" src=\"https:\/\/urologiabielsalorente.com\/webielsa23\/wp-content\/uploads\/2023\/01\/bielsalorente-porque-elegirnos-2.jpg\" data-object-fit=\"cover\" srcset=\"https:\/\/urologiabielsalorente.com\/webielsa23\/wp-content\/uploads\/2023\/01\/bielsalorente-porque-elegirnos-2.jpg 700w, https:\/\/urologiabielsalorente.com\/webielsa23\/wp-content\/uploads\/2023\/01\/bielsalorente-porque-elegirnos-2-300x200.jpg 300w\" sizes=\"auto, (max-width: 700px) 100vw, 700px\" \/><div class=\"wp-block-cover__inner-container is-layout-flow wp-block-cover-is-layout-flow\">\n<p class=\"has-text-align-right has-black-color has-text-color\" style=\"font-size:22px\">UROLOGY TEAM <br>OFFERING MEDICAL CARE AND TRAINING<\/p>\n<\/div><\/div>\n\n\n\n<div class=\"wp-block-columns is-layout-flex wp-container-core-columns-is-layout-9d6595d7 wp-block-columns-is-layout-flex\">\n<div class=\"wp-block-column is-layout-flow wp-block-column-is-layout-flow\">\n<p>&#8211; Official urology team of <a href=\"https:\/\/www.quironsalud.es\/hospital-barcelona\" target=\"_blank\" rel=\"noreferrer noopener\">Hospital Quir\u00f3nsalud Barcelona<\/a> (HQB) with permanent medical care (365\/7\/24)<\/p>\n\n\n\n<p>&#8211; Professors from the <a href=\"https:\/\/www.uic.es\/\" target=\"_blank\" rel=\"noreferrer noopener\"><\/a><a href=\"https:\/\/www.uic.es\/\">International University of Catalonia<\/a> (UIC), the <a href=\"https:\/\/www.uab.cat\/\">Autonomous University of Barcelona<\/a> (UAB) and the\u00a0<a href=\"https:\/\/www.upf.edu\/\">Pompeu Fabra University<\/a> (UPF)\u00a0<\/p>\n<\/div>\n\n\n\n<div class=\"wp-block-column is-layout-flow wp-block-column-is-layout-flow\">\n<p>&#8211; Members in HQB of:<\/p>\n\n\n\n<ul class=\"wp-block-list\">\n<li>Uro-oncology Committee<\/li>\n\n\n\n<li>Healthcare-associated Infections Committee<\/li>\n\n\n\n<li>Surgical Program Committee<\/li>\n\n\n\n<li>Patient Safety Commission<\/li>\n<\/ul>\n<\/div>\n<\/div>\n\n\n\n<div class=\"wp-block-cover has-custom-content-position is-position-center-left\" style=\"min-height:191px;aspect-ratio:unset;\" id=\"calidad\"><span aria-hidden=\"true\" class=\"wp-block-cover__background has-background-dim-100 has-background-dim wp-block-cover__gradient-background has-background-gradient\" style=\"background:linear-gradient(91deg,rgb(255,255,255) 15%,rgba(255,255,255,0) 100%)\"><\/span><img loading=\"lazy\" decoding=\"async\" width=\"700\" height=\"467\" class=\"wp-block-cover__image-background wp-image-2149\" alt=\"\" src=\"https:\/\/urologiabielsalorente.com\/webielsa23\/wp-content\/uploads\/2023\/01\/bielsalorente-porque-elegirnos-3.jpg\" data-object-fit=\"cover\" srcset=\"https:\/\/urologiabielsalorente.com\/webielsa23\/wp-content\/uploads\/2023\/01\/bielsalorente-porque-elegirnos-3.jpg 700w, https:\/\/urologiabielsalorente.com\/webielsa23\/wp-content\/uploads\/2023\/01\/bielsalorente-porque-elegirnos-3-300x200.jpg 300w\" sizes=\"auto, (max-width: 700px) 100vw, 700px\" \/><div class=\"wp-block-cover__inner-container is-layout-flow wp-block-cover-is-layout-flow\">\n<p class=\"has-text-align-left has-black-color has-text-color\" style=\"font-size:22px\">QUALITY CARE<\/p>\n<\/div><\/div>\n\n\n\n<div class=\"wp-block-columns is-layout-flex wp-container-core-columns-is-layout-9d6595d7 wp-block-columns-is-layout-flex\">\n<div class=\"wp-block-column is-layout-flow wp-block-column-is-layout-flow\">\n<p>&#8211; &nbsp;Service with quality standard <a href=\"https:\/\/www.jointcommissioninternational.org\/\" target=\"_blank\" rel=\"noreferrer noopener\"><em>Joint Commission International (JCI)<\/em><\/a><\/p>\n\n\n\n<p>&#8211; Access to patient records through the hospital App<\/p>\n<\/div>\n\n\n\n<div class=\"wp-block-column is-layout-flow wp-block-column-is-layout-flow\">\n<p>&#8211; Hospital quality indicators monitored by the institution (HQB)<\/p>\n<\/div>\n<\/div>\n\n\n\n<div class=\"wp-block-cover is-light\" style=\"min-height:179px;aspect-ratio:unset;\" id=\"medios\"><span aria-hidden=\"true\" class=\"wp-block-cover__background has-background-dim wp-block-cover__gradient-background has-background-gradient\" style=\"background:linear-gradient(90deg,rgba(255,255,255,0.21) 0%,rgb(255,255,255) 85%)\"><\/span><img loading=\"lazy\" decoding=\"async\" width=\"700\" height=\"467\" class=\"wp-block-cover__image-background wp-image-2151\" alt=\"\" src=\"https:\/\/urologiabielsalorente.com\/webielsa23\/wp-content\/uploads\/2023\/01\/bielsalorente-porque-elegirnos-4.jpg\" data-object-fit=\"cover\" srcset=\"https:\/\/urologiabielsalorente.com\/webielsa23\/wp-content\/uploads\/2023\/01\/bielsalorente-porque-elegirnos-4.jpg 700w, https:\/\/urologiabielsalorente.com\/webielsa23\/wp-content\/uploads\/2023\/01\/bielsalorente-porque-elegirnos-4-300x200.jpg 300w\" sizes=\"auto, (max-width: 700px) 100vw, 700px\" \/><div class=\"wp-block-cover__inner-container is-layout-flow wp-block-cover-is-layout-flow\">\n<p class=\"has-text-align-right has-black-color has-text-color\" style=\"font-size:22px\">UROLOG\u00cdA BIELSA&amp;LORENTE <br>IN THE MEDIA<\/p>\n<\/div><\/div>\n\n\n\n<p><br><\/p>\n\n\n\n<div class=\"wp-block-columns is-layout-flex wp-container-core-columns-is-layout-9d6595d7 wp-block-columns-is-layout-flex\">\n<div class=\"wp-block-column is-layout-flow wp-block-column-is-layout-flow\">\n<p><a href=\"https:\/\/urologiabielsalorente.com\/webielsa23\/publicaciones-en-los-medios\/\"><strong><em>Urolog\u00eda Bielsa&amp;Lorente in the media \u25e2<\/em><\/strong><\/a><\/p>\n<\/div>\n\n\n\n<div class=\"wp-block-column is-layout-flow wp-block-column-is-layout-flow\">\n<p><\/p>\n<\/div>\n<\/div>\n","protected":false},"excerpt":{"rendered":"<p>Our team was born from the union of a group of clinical urologists who, aware of the need for change in health care in the private sector, partnered to offer specialized, comprehensive urological care of the highest quality. We have training via MIR and extensive professional experience in the public and private sector. Our careers [&hellip;]<\/p>\n","protected":false},"author":1,"featured_media":0,"parent":0,"menu_order":4,"comment_status":"closed","ping_status":"closed","template":"","meta":{"_acf_changed":false,"inline_featured_image":false,"footnotes":""},"class_list":["post-2627","page","type-page","status-publish","hentry"],"acf":[],"yoast_head":"<!-- This site is optimized with the Yoast SEO plugin v27.3 - https:\/\/yoast.com\/product\/yoast-seo-wordpress\/ -->\n<title>Why choose us? - Urolog\u00eda Bielsa &amp; Lorente<\/title>\n<meta name=\"robots\" content=\"index, follow, max-snippet:-1, max-image-preview:large, max-video-preview:-1\" \/>\n<link rel=\"canonical\" href=\"https:\/\/urologiabielsalorente.com\/en\/why-choose-us\/\" \/>\n<meta property=\"og:locale\" content=\"en_US\" \/>\n<meta property=\"og:type\" content=\"article\" \/>\n<meta property=\"og:title\" content=\"Why choose us? - Urolog\u00eda Bielsa &amp; Lorente\" \/>\n<meta property=\"og:description\" content=\"Our team was born from the union of a group of clinical urologists who, aware of the need for change in health care in the private sector, partnered to offer specialized, comprehensive urological care of the highest quality. We have training via MIR and extensive professional experience in the public and private sector. Our careers [&hellip;]\" \/>\n<meta property=\"og:url\" content=\"https:\/\/urologiabielsalorente.com\/en\/why-choose-us\/\" \/>\n<meta property=\"og:site_name\" content=\"Urolog\u00eda Bielsa &amp; Lorente\" \/>\n<meta property=\"article:modified_time\" content=\"2023-05-19T20:53:06+00:00\" \/>\n<meta property=\"og:image\" content=\"https:\/\/urologiabielsalorente.com\/webielsa23\/wp-content\/uploads\/2023\/01\/bielsalorente-porque-elegirnos-1.jpg\" \/>\n<meta name=\"twitter:card\" content=\"summary_large_image\" \/>\n<meta name=\"twitter:label1\" content=\"Est. reading time\" \/>\n\t<meta name=\"twitter:data1\" content=\"2 minutes\" \/>\n<script type=\"application\/ld+json\" class=\"yoast-schema-graph\">{\"@context\":\"https:\\\/\\\/schema.org\",\"@graph\":[{\"@type\":\"WebPage\",\"@id\":\"https:\\\/\\\/urologiabielsalorente.com\\\/en\\\/why-choose-us\\\/\",\"url\":\"https:\\\/\\\/urologiabielsalorente.com\\\/en\\\/why-choose-us\\\/\",\"name\":\"Why choose us? - Urolog\u00eda Bielsa &amp; Lorente\",\"isPartOf\":{\"@id\":\"https:\\\/\\\/urologiabielsalorente.com\\\/en\\\/#website\"},\"primaryImageOfPage\":{\"@id\":\"https:\\\/\\\/urologiabielsalorente.com\\\/en\\\/why-choose-us\\\/#primaryimage\"},\"image\":{\"@id\":\"https:\\\/\\\/urologiabielsalorente.com\\\/en\\\/why-choose-us\\\/#primaryimage\"},\"thumbnailUrl\":\"https:\\\/\\\/urologiabielsalorente.com\\\/webielsa23\\\/wp-content\\\/uploads\\\/2023\\\/01\\\/bielsalorente-porque-elegirnos-1.jpg\",\"datePublished\":\"2014-04-29T13:44:06+00:00\",\"dateModified\":\"2023-05-19T20:53:06+00:00\",\"breadcrumb\":{\"@id\":\"https:\\\/\\\/urologiabielsalorente.com\\\/en\\\/why-choose-us\\\/#breadcrumb\"},\"inLanguage\":\"en-US\",\"potentialAction\":[{\"@type\":\"ReadAction\",\"target\":[\"https:\\\/\\\/urologiabielsalorente.com\\\/en\\\/why-choose-us\\\/\"]}]},{\"@type\":\"ImageObject\",\"inLanguage\":\"en-US\",\"@id\":\"https:\\\/\\\/urologiabielsalorente.com\\\/en\\\/why-choose-us\\\/#primaryimage\",\"url\":\"https:\\\/\\\/urologiabielsalorente.com\\\/webielsa23\\\/wp-content\\\/uploads\\\/2023\\\/01\\\/bielsalorente-porque-elegirnos-1.jpg\",\"contentUrl\":\"https:\\\/\\\/urologiabielsalorente.com\\\/webielsa23\\\/wp-content\\\/uploads\\\/2023\\\/01\\\/bielsalorente-porque-elegirnos-1.jpg\"},{\"@type\":\"BreadcrumbList\",\"@id\":\"https:\\\/\\\/urologiabielsalorente.com\\\/en\\\/why-choose-us\\\/#breadcrumb\",\"itemListElement\":[{\"@type\":\"ListItem\",\"position\":1,\"name\":\"Portada\",\"item\":\"https:\\\/\\\/urologiabielsalorente.com\\\/en\\\/\"},{\"@type\":\"ListItem\",\"position\":2,\"name\":\"Why choose us?\"}]},{\"@type\":\"WebSite\",\"@id\":\"https:\\\/\\\/urologiabielsalorente.com\\\/en\\\/#website\",\"url\":\"https:\\\/\\\/urologiabielsalorente.com\\\/en\\\/\",\"name\":\"Urolog\u00eda Bielsa &amp; Lorente\",\"description\":\"Equipo oficial de Urolog\u00eda del Hospital Quir\u00f3n Salud de Barcelona\",\"publisher\":{\"@id\":\"https:\\\/\\\/urologiabielsalorente.com\\\/en\\\/#organization\"},\"potentialAction\":[{\"@type\":\"SearchAction\",\"target\":{\"@type\":\"EntryPoint\",\"urlTemplate\":\"https:\\\/\\\/urologiabielsalorente.com\\\/en\\\/?s={search_term_string}\"},\"query-input\":{\"@type\":\"PropertyValueSpecification\",\"valueRequired\":true,\"valueName\":\"search_term_string\"}}],\"inLanguage\":\"en-US\"},{\"@type\":\"Organization\",\"@id\":\"https:\\\/\\\/urologiabielsalorente.com\\\/en\\\/#organization\",\"name\":\"Urolog\u00eda Bielsa &amp; Lorente\",\"url\":\"https:\\\/\\\/urologiabielsalorente.com\\\/en\\\/\",\"logo\":{\"@type\":\"ImageObject\",\"inLanguage\":\"en-US\",\"@id\":\"https:\\\/\\\/urologiabielsalorente.com\\\/en\\\/#\\\/schema\\\/logo\\\/image\\\/\",\"url\":\"https:\\\/\\\/urologiabielsalorente.com\\\/webielsa23\\\/wp-content\\\/uploads\\\/2014\\\/04\\\/solicionesPersonales1024-e1402499581900.jpg\",\"contentUrl\":\"https:\\\/\\\/urologiabielsalorente.com\\\/webielsa23\\\/wp-content\\\/uploads\\\/2014\\\/04\\\/solicionesPersonales1024-e1402499581900.jpg\",\"width\":1024,\"height\":570,\"caption\":\"Urolog\u00eda Bielsa &amp; Lorente\"},\"image\":{\"@id\":\"https:\\\/\\\/urologiabielsalorente.com\\\/en\\\/#\\\/schema\\\/logo\\\/image\\\/\"},\"sameAs\":[\"https:\\\/\\\/www.linkedin.com\\\/company\\\/urologia-bielsa-lorente\\\/\"]}]}<\/script>\n<!-- \/ Yoast SEO plugin. -->","yoast_head_json":{"title":"Why choose us? - Urolog\u00eda Bielsa &amp; Lorente","robots":{"index":"index","follow":"follow","max-snippet":"max-snippet:-1","max-image-preview":"max-image-preview:large","max-video-preview":"max-video-preview:-1"},"canonical":"https:\/\/urologiabielsalorente.com\/en\/why-choose-us\/","og_locale":"en_US","og_type":"article","og_title":"Why choose us? - Urolog\u00eda Bielsa &amp; Lorente","og_description":"Our team was born from the union of a group of clinical urologists who, aware of the need for change in health care in the private sector, partnered to offer specialized, comprehensive urological care of the highest quality. We have training via MIR and extensive professional experience in the public and private sector. Our careers [&hellip;]","og_url":"https:\/\/urologiabielsalorente.com\/en\/why-choose-us\/","og_site_name":"Urolog\u00eda Bielsa &amp; Lorente","article_modified_time":"2023-05-19T20:53:06+00:00","og_image":[{"url":"https:\/\/urologiabielsalorente.com\/webielsa23\/wp-content\/uploads\/2023\/01\/bielsalorente-porque-elegirnos-1.jpg","type":"","width":"","height":""}],"twitter_card":"summary_large_image","twitter_misc":{"Est. reading time":"2 minutes"},"schema":{"@context":"https:\/\/schema.org","@graph":[{"@type":"WebPage","@id":"https:\/\/urologiabielsalorente.com\/en\/why-choose-us\/","url":"https:\/\/urologiabielsalorente.com\/en\/why-choose-us\/","name":"Why choose us? - Urolog\u00eda Bielsa &amp; Lorente","isPartOf":{"@id":"https:\/\/urologiabielsalorente.com\/en\/#website"},"primaryImageOfPage":{"@id":"https:\/\/urologiabielsalorente.com\/en\/why-choose-us\/#primaryimage"},"image":{"@id":"https:\/\/urologiabielsalorente.com\/en\/why-choose-us\/#primaryimage"},"thumbnailUrl":"https:\/\/urologiabielsalorente.com\/webielsa23\/wp-content\/uploads\/2023\/01\/bielsalorente-porque-elegirnos-1.jpg","datePublished":"2014-04-29T13:44:06+00:00","dateModified":"2023-05-19T20:53:06+00:00","breadcrumb":{"@id":"https:\/\/urologiabielsalorente.com\/en\/why-choose-us\/#breadcrumb"},"inLanguage":"en-US","potentialAction":[{"@type":"ReadAction","target":["https:\/\/urologiabielsalorente.com\/en\/why-choose-us\/"]}]},{"@type":"ImageObject","inLanguage":"en-US","@id":"https:\/\/urologiabielsalorente.com\/en\/why-choose-us\/#primaryimage","url":"https:\/\/urologiabielsalorente.com\/webielsa23\/wp-content\/uploads\/2023\/01\/bielsalorente-porque-elegirnos-1.jpg","contentUrl":"https:\/\/urologiabielsalorente.com\/webielsa23\/wp-content\/uploads\/2023\/01\/bielsalorente-porque-elegirnos-1.jpg"},{"@type":"BreadcrumbList","@id":"https:\/\/urologiabielsalorente.com\/en\/why-choose-us\/#breadcrumb","itemListElement":[{"@type":"ListItem","position":1,"name":"Portada","item":"https:\/\/urologiabielsalorente.com\/en\/"},{"@type":"ListItem","position":2,"name":"Why choose us?"}]},{"@type":"WebSite","@id":"https:\/\/urologiabielsalorente.com\/en\/#website","url":"https:\/\/urologiabielsalorente.com\/en\/","name":"Urolog\u00eda Bielsa &amp; Lorente","description":"Equipo oficial de Urolog\u00eda del Hospital Quir\u00f3n Salud de Barcelona","publisher":{"@id":"https:\/\/urologiabielsalorente.com\/en\/#organization"},"potentialAction":[{"@type":"SearchAction","target":{"@type":"EntryPoint","urlTemplate":"https:\/\/urologiabielsalorente.com\/en\/?s={search_term_string}"},"query-input":{"@type":"PropertyValueSpecification","valueRequired":true,"valueName":"search_term_string"}}],"inLanguage":"en-US"},{"@type":"Organization","@id":"https:\/\/urologiabielsalorente.com\/en\/#organization","name":"Urolog\u00eda Bielsa &amp; Lorente","url":"https:\/\/urologiabielsalorente.com\/en\/","logo":{"@type":"ImageObject","inLanguage":"en-US","@id":"https:\/\/urologiabielsalorente.com\/en\/#\/schema\/logo\/image\/","url":"https:\/\/urologiabielsalorente.com\/webielsa23\/wp-content\/uploads\/2014\/04\/solicionesPersonales1024-e1402499581900.jpg","contentUrl":"https:\/\/urologiabielsalorente.com\/webielsa23\/wp-content\/uploads\/2014\/04\/solicionesPersonales1024-e1402499581900.jpg","width":1024,"height":570,"caption":"Urolog\u00eda Bielsa &amp; Lorente"},"image":{"@id":"https:\/\/urologiabielsalorente.com\/en\/#\/schema\/logo\/image\/"},"sameAs":["https:\/\/www.linkedin.com\/company\/urologia-bielsa-lorente\/"]}]}},"_links":{"self":[{"href":"https:\/\/urologiabielsalorente.com\/en\/wp-json\/wp\/v2\/pages\/2627","targetHints":{"allow":["GET"]}}],"collection":[{"href":"https:\/\/urologiabielsalorente.com\/en\/wp-json\/wp\/v2\/pages"}],"about":[{"href":"https:\/\/urologiabielsalorente.com\/en\/wp-json\/wp\/v2\/types\/page"}],"author":[{"embeddable":true,"href":"https:\/\/urologiabielsalorente.com\/en\/wp-json\/wp\/v2\/users\/1"}],"replies":[{"embeddable":true,"href":"https:\/\/urologiabielsalorente.com\/en\/wp-json\/wp\/v2\/comments?post=2627"}],"version-history":[{"count":14,"href":"https:\/\/urologiabielsalorente.com\/en\/wp-json\/wp\/v2\/pages\/2627\/revisions"}],"predecessor-version":[{"id":2959,"href":"https:\/\/urologiabielsalorente.com\/en\/wp-json\/wp\/v2\/pages\/2627\/revisions\/2959"}],"wp:attachment":[{"href":"https:\/\/urologiabielsalorente.com\/en\/wp-json\/wp\/v2\/media?parent=2627"}],"curies":[{"name":"wp","href":"https:\/\/api.w.org\/{rel}","templated":true}]}}