{"id":2577,"date":"2022-05-17T11:22:27","date_gmt":"2022-05-17T11:22:27","guid":{"rendered":"https:\/\/urologiabielsalorente.com\/medical-team\/dr-luis-m-romero-vargas\/"},"modified":"2025-01-09T09:45:08","modified_gmt":"2025-01-09T09:45:08","slug":"dr-luis-m-romero-vargas","status":"publish","type":"page","link":"https:\/\/urologiabielsalorente.com\/en\/medical-team\/dr-luis-m-romero-vargas\/","title":{"rendered":"Dr. Luis Miguel Romero Vargas"},"content":{"rendered":"<p>Dr. Luis Miguel Romero Vargas has extensive experience in the diagnosis, treatment and monitoring of both benign and oncological urological pathologies.<\/p>\n","protected":false},"excerpt":{"rendered":"<p>Dr. Luis Miguel Romero Vargas has extensive experience in the diagnosis, treatment and monitoring of both benign and oncological urological pathologies.<\/p>\n","protected":false},"author":1,"featured_media":1874,"parent":2545,"menu_order":5,"comment_status":"closed","ping_status":"closed","template":"p-doctor.php","meta":{"_acf_changed":false,"inline_featured_image":false,"footnotes":""},"class_list":["post-2577","page","type-page","status-publish","has-post-thumbnail","hentry"],"acf":[],"yoast_head":"<!-- This site is optimized with the Yoast SEO plugin v27.3 - https:\/\/yoast.com\/product\/yoast-seo-wordpress\/ -->\n<title>Dr. Luis Miguel Romero Vargas - Urolog\u00eda Bielsa &amp; Lorente<\/title>\n<meta name=\"description\" content=\"Dr. Luis Miguel Romero Vargas has extensive experience in the diagnosis, treatment and monitoring of both benign and oncological urological pathologies.\" \/>\n<meta name=\"robots\" content=\"index, follow, max-snippet:-1, max-image-preview:large, max-video-preview:-1\" \/>\n<link rel=\"canonical\" href=\"https:\/\/urologiabielsalorente.com\/en\/medical-team\/dr-luis-m-romero-vargas\/\" \/>\n<meta property=\"og:locale\" content=\"en_US\" \/>\n<meta property=\"og:type\" content=\"article\" \/>\n<meta property=\"og:title\" content=\"Dr. Luis Miguel Romero Vargas - Urolog\u00eda Bielsa &amp; Lorente\" \/>\n<meta property=\"og:description\" content=\"Dr. Luis Miguel Romero Vargas has extensive experience in the diagnosis, treatment and monitoring of both benign and oncological urological pathologies.\" \/>\n<meta property=\"og:url\" content=\"https:\/\/urologiabielsalorente.com\/en\/medical-team\/dr-luis-m-romero-vargas\/\" \/>\n<meta property=\"og:site_name\" content=\"Urolog\u00eda Bielsa &amp; Lorente\" \/>\n<meta property=\"article:modified_time\" content=\"2025-01-09T09:45:08+00:00\" \/>\n<meta property=\"og:image\" content=\"https:\/\/urologiabielsalorente.com\/webielsa23\/wp-content\/uploads\/2022\/12\/dr-Luis-Romero-Vargas-cv.jpg\" \/>\n\t<meta property=\"og:image:width\" content=\"326\" \/>\n\t<meta property=\"og:image:height\" content=\"340\" \/>\n\t<meta property=\"og:image:type\" content=\"image\/jpeg\" \/>\n<meta name=\"twitter:card\" content=\"summary_large_image\" \/>\n<meta name=\"twitter:label1\" content=\"Est. reading time\" \/>\n\t<meta name=\"twitter:data1\" content=\"1 minute\" \/>\n<script type=\"application\/ld+json\" class=\"yoast-schema-graph\">{\"@context\":\"https:\\\/\\\/schema.org\",\"@graph\":[{\"@type\":\"WebPage\",\"@id\":\"https:\\\/\\\/urologiabielsalorente.com\\\/en\\\/medical-team\\\/dr-luis-m-romero-vargas\\\/\",\"url\":\"https:\\\/\\\/urologiabielsalorente.com\\\/en\\\/medical-team\\\/dr-luis-m-romero-vargas\\\/\",\"name\":\"Dr. Luis Miguel Romero Vargas - Urolog\u00eda Bielsa &amp; Lorente\",\"isPartOf\":{\"@id\":\"https:\\\/\\\/urologiabielsalorente.com\\\/en\\\/#website\"},\"primaryImageOfPage\":{\"@id\":\"https:\\\/\\\/urologiabielsalorente.com\\\/en\\\/medical-team\\\/dr-luis-m-romero-vargas\\\/#primaryimage\"},\"image\":{\"@id\":\"https:\\\/\\\/urologiabielsalorente.com\\\/en\\\/medical-team\\\/dr-luis-m-romero-vargas\\\/#primaryimage\"},\"thumbnailUrl\":\"https:\\\/\\\/urologiabielsalorente.com\\\/webielsa23\\\/wp-content\\\/uploads\\\/2022\\\/12\\\/dr-Luis-Romero-Vargas-cv.jpg\",\"datePublished\":\"2022-05-17T11:22:27+00:00\",\"dateModified\":\"2025-01-09T09:45:08+00:00\",\"description\":\"Dr. Luis Miguel Romero Vargas has extensive experience in the diagnosis, treatment and monitoring of both benign and oncological urological pathologies.\",\"breadcrumb\":{\"@id\":\"https:\\\/\\\/urologiabielsalorente.com\\\/en\\\/medical-team\\\/dr-luis-m-romero-vargas\\\/#breadcrumb\"},\"inLanguage\":\"en-US\",\"potentialAction\":[{\"@type\":\"ReadAction\",\"target\":[\"https:\\\/\\\/urologiabielsalorente.com\\\/en\\\/medical-team\\\/dr-luis-m-romero-vargas\\\/\"]}]},{\"@type\":\"ImageObject\",\"inLanguage\":\"en-US\",\"@id\":\"https:\\\/\\\/urologiabielsalorente.com\\\/en\\\/medical-team\\\/dr-luis-m-romero-vargas\\\/#primaryimage\",\"url\":\"https:\\\/\\\/urologiabielsalorente.com\\\/webielsa23\\\/wp-content\\\/uploads\\\/2022\\\/12\\\/dr-Luis-Romero-Vargas-cv.jpg\",\"contentUrl\":\"https:\\\/\\\/urologiabielsalorente.com\\\/webielsa23\\\/wp-content\\\/uploads\\\/2022\\\/12\\\/dr-Luis-Romero-Vargas-cv.jpg\",\"width\":326,\"height\":340},{\"@type\":\"BreadcrumbList\",\"@id\":\"https:\\\/\\\/urologiabielsalorente.com\\\/en\\\/medical-team\\\/dr-luis-m-romero-vargas\\\/#breadcrumb\",\"itemListElement\":[{\"@type\":\"ListItem\",\"position\":1,\"name\":\"Portada\",\"item\":\"https:\\\/\\\/urologiabielsalorente.com\\\/en\\\/\"},{\"@type\":\"ListItem\",\"position\":2,\"name\":\"Our Team\",\"item\":\"https:\\\/\\\/urologiabielsalorente.com\\\/en\\\/equipo-medico\\\/\"},{\"@type\":\"ListItem\",\"position\":3,\"name\":\"Dr. Luis Miguel Romero Vargas\"}]},{\"@type\":\"WebSite\",\"@id\":\"https:\\\/\\\/urologiabielsalorente.com\\\/en\\\/#website\",\"url\":\"https:\\\/\\\/urologiabielsalorente.com\\\/en\\\/\",\"name\":\"Urolog\u00eda Bielsa &amp; Lorente\",\"description\":\"Equipo oficial de Urolog\u00eda del Hospital Quir\u00f3n Salud de Barcelona\",\"publisher\":{\"@id\":\"https:\\\/\\\/urologiabielsalorente.com\\\/en\\\/#organization\"},\"potentialAction\":[{\"@type\":\"SearchAction\",\"target\":{\"@type\":\"EntryPoint\",\"urlTemplate\":\"https:\\\/\\\/urologiabielsalorente.com\\\/en\\\/?s={search_term_string}\"},\"query-input\":{\"@type\":\"PropertyValueSpecification\",\"valueRequired\":true,\"valueName\":\"search_term_string\"}}],\"inLanguage\":\"en-US\"},{\"@type\":\"Organization\",\"@id\":\"https:\\\/\\\/urologiabielsalorente.com\\\/en\\\/#organization\",\"name\":\"Urolog\u00eda Bielsa &amp; Lorente\",\"url\":\"https:\\\/\\\/urologiabielsalorente.com\\\/en\\\/\",\"logo\":{\"@type\":\"ImageObject\",\"inLanguage\":\"en-US\",\"@id\":\"https:\\\/\\\/urologiabielsalorente.com\\\/en\\\/#\\\/schema\\\/logo\\\/image\\\/\",\"url\":\"https:\\\/\\\/urologiabielsalorente.com\\\/webielsa23\\\/wp-content\\\/uploads\\\/2014\\\/04\\\/solicionesPersonales1024-e1402499581900.jpg\",\"contentUrl\":\"https:\\\/\\\/urologiabielsalorente.com\\\/webielsa23\\\/wp-content\\\/uploads\\\/2014\\\/04\\\/solicionesPersonales1024-e1402499581900.jpg\",\"width\":1024,\"height\":570,\"caption\":\"Urolog\u00eda Bielsa &amp; Lorente\"},\"image\":{\"@id\":\"https:\\\/\\\/urologiabielsalorente.com\\\/en\\\/#\\\/schema\\\/logo\\\/image\\\/\"},\"sameAs\":[\"https:\\\/\\\/www.linkedin.com\\\/company\\\/urologia-bielsa-lorente\\\/\"]}]}<\/script>\n<!-- \/ Yoast SEO plugin. -->","yoast_head_json":{"title":"Dr. Luis Miguel Romero Vargas - Urolog\u00eda Bielsa &amp; Lorente","description":"Dr. Luis Miguel Romero Vargas has extensive experience in the diagnosis, treatment and monitoring of both benign and oncological urological pathologies.","robots":{"index":"index","follow":"follow","max-snippet":"max-snippet:-1","max-image-preview":"max-image-preview:large","max-video-preview":"max-video-preview:-1"},"canonical":"https:\/\/urologiabielsalorente.com\/en\/medical-team\/dr-luis-m-romero-vargas\/","og_locale":"en_US","og_type":"article","og_title":"Dr. Luis Miguel Romero Vargas - Urolog\u00eda Bielsa &amp; Lorente","og_description":"Dr. Luis Miguel Romero Vargas has extensive experience in the diagnosis, treatment and monitoring of both benign and oncological urological pathologies.","og_url":"https:\/\/urologiabielsalorente.com\/en\/medical-team\/dr-luis-m-romero-vargas\/","og_site_name":"Urolog\u00eda Bielsa &amp; Lorente","article_modified_time":"2025-01-09T09:45:08+00:00","og_image":[{"width":326,"height":340,"url":"https:\/\/urologiabielsalorente.com\/webielsa23\/wp-content\/uploads\/2022\/12\/dr-Luis-Romero-Vargas-cv.jpg","type":"image\/jpeg"}],"twitter_card":"summary_large_image","twitter_misc":{"Est. reading time":"1 minute"},"schema":{"@context":"https:\/\/schema.org","@graph":[{"@type":"WebPage","@id":"https:\/\/urologiabielsalorente.com\/en\/medical-team\/dr-luis-m-romero-vargas\/","url":"https:\/\/urologiabielsalorente.com\/en\/medical-team\/dr-luis-m-romero-vargas\/","name":"Dr. Luis Miguel Romero Vargas - Urolog\u00eda Bielsa &amp; Lorente","isPartOf":{"@id":"https:\/\/urologiabielsalorente.com\/en\/#website"},"primaryImageOfPage":{"@id":"https:\/\/urologiabielsalorente.com\/en\/medical-team\/dr-luis-m-romero-vargas\/#primaryimage"},"image":{"@id":"https:\/\/urologiabielsalorente.com\/en\/medical-team\/dr-luis-m-romero-vargas\/#primaryimage"},"thumbnailUrl":"https:\/\/urologiabielsalorente.com\/webielsa23\/wp-content\/uploads\/2022\/12\/dr-Luis-Romero-Vargas-cv.jpg","datePublished":"2022-05-17T11:22:27+00:00","dateModified":"2025-01-09T09:45:08+00:00","description":"Dr. Luis Miguel Romero Vargas has extensive experience in the diagnosis, treatment and monitoring of both benign and oncological urological pathologies.","breadcrumb":{"@id":"https:\/\/urologiabielsalorente.com\/en\/medical-team\/dr-luis-m-romero-vargas\/#breadcrumb"},"inLanguage":"en-US","potentialAction":[{"@type":"ReadAction","target":["https:\/\/urologiabielsalorente.com\/en\/medical-team\/dr-luis-m-romero-vargas\/"]}]},{"@type":"ImageObject","inLanguage":"en-US","@id":"https:\/\/urologiabielsalorente.com\/en\/medical-team\/dr-luis-m-romero-vargas\/#primaryimage","url":"https:\/\/urologiabielsalorente.com\/webielsa23\/wp-content\/uploads\/2022\/12\/dr-Luis-Romero-Vargas-cv.jpg","contentUrl":"https:\/\/urologiabielsalorente.com\/webielsa23\/wp-content\/uploads\/2022\/12\/dr-Luis-Romero-Vargas-cv.jpg","width":326,"height":340},{"@type":"BreadcrumbList","@id":"https:\/\/urologiabielsalorente.com\/en\/medical-team\/dr-luis-m-romero-vargas\/#breadcrumb","itemListElement":[{"@type":"ListItem","position":1,"name":"Portada","item":"https:\/\/urologiabielsalorente.com\/en\/"},{"@type":"ListItem","position":2,"name":"Our Team","item":"https:\/\/urologiabielsalorente.com\/en\/equipo-medico\/"},{"@type":"ListItem","position":3,"name":"Dr. Luis Miguel Romero Vargas"}]},{"@type":"WebSite","@id":"https:\/\/urologiabielsalorente.com\/en\/#website","url":"https:\/\/urologiabielsalorente.com\/en\/","name":"Urolog\u00eda Bielsa &amp; Lorente","description":"Equipo oficial de Urolog\u00eda del Hospital Quir\u00f3n Salud de Barcelona","publisher":{"@id":"https:\/\/urologiabielsalorente.com\/en\/#organization"},"potentialAction":[{"@type":"SearchAction","target":{"@type":"EntryPoint","urlTemplate":"https:\/\/urologiabielsalorente.com\/en\/?s={search_term_string}"},"query-input":{"@type":"PropertyValueSpecification","valueRequired":true,"valueName":"search_term_string"}}],"inLanguage":"en-US"},{"@type":"Organization","@id":"https:\/\/urologiabielsalorente.com\/en\/#organization","name":"Urolog\u00eda Bielsa &amp; Lorente","url":"https:\/\/urologiabielsalorente.com\/en\/","logo":{"@type":"ImageObject","inLanguage":"en-US","@id":"https:\/\/urologiabielsalorente.com\/en\/#\/schema\/logo\/image\/","url":"https:\/\/urologiabielsalorente.com\/webielsa23\/wp-content\/uploads\/2014\/04\/solicionesPersonales1024-e1402499581900.jpg","contentUrl":"https:\/\/urologiabielsalorente.com\/webielsa23\/wp-content\/uploads\/2014\/04\/solicionesPersonales1024-e1402499581900.jpg","width":1024,"height":570,"caption":"Urolog\u00eda Bielsa &amp; Lorente"},"image":{"@id":"https:\/\/urologiabielsalorente.com\/en\/#\/schema\/logo\/image\/"},"sameAs":["https:\/\/www.linkedin.com\/company\/urologia-bielsa-lorente\/"]}]}},"_links":{"self":[{"href":"https:\/\/urologiabielsalorente.com\/en\/wp-json\/wp\/v2\/pages\/2577","targetHints":{"allow":["GET"]}}],"collection":[{"href":"https:\/\/urologiabielsalorente.com\/en\/wp-json\/wp\/v2\/pages"}],"about":[{"href":"https:\/\/urologiabielsalorente.com\/en\/wp-json\/wp\/v2\/types\/page"}],"author":[{"embeddable":true,"href":"https:\/\/urologiabielsalorente.com\/en\/wp-json\/wp\/v2\/users\/1"}],"replies":[{"embeddable":true,"href":"https:\/\/urologiabielsalorente.com\/en\/wp-json\/wp\/v2\/comments?post=2577"}],"version-history":[{"count":6,"href":"https:\/\/urologiabielsalorente.com\/en\/wp-json\/wp\/v2\/pages\/2577\/revisions"}],"predecessor-version":[{"id":3225,"href":"https:\/\/urologiabielsalorente.com\/en\/wp-json\/wp\/v2\/pages\/2577\/revisions\/3225"}],"up":[{"embeddable":true,"href":"https:\/\/urologiabielsalorente.com\/en\/wp-json\/wp\/v2\/pages\/2545"}],"wp:featuredmedia":[{"embeddable":true,"href":"https:\/\/urologiabielsalorente.com\/en\/wp-json\/wp\/v2\/media\/1874"}],"wp:attachment":[{"href":"https:\/\/urologiabielsalorente.com\/en\/wp-json\/wp\/v2\/media?parent=2577"}],"curies":[{"name":"wp","href":"https:\/\/api.w.org\/{rel}","templated":true}]}}