{"id":2550,"date":"2022-05-17T10:09:21","date_gmt":"2022-05-17T10:09:21","guid":{"rendered":"https:\/\/urologiabielsalorente.com\/medical-team\/dr-jose-antonio-lorente-garin\/"},"modified":"2023-05-19T20:45:34","modified_gmt":"2023-05-19T20:45:34","slug":"dr-jose-antonio-lorente-garin","status":"publish","type":"page","link":"https:\/\/urologiabielsalorente.com\/en\/medical-team\/dr-jose-antonio-lorente-garin\/","title":{"rendered":"Dr. Jos\u00e9 Antonio Lorente Gar\u00edn"},"content":{"rendered":"<p>El Dr. Jos\u00e9 Antonio Lorente Gar\u00edn posee amplia experiencia en el diagn\u00f3stico, tratamiento y seguimiento del c\u00e1ncer urol\u00f3gico as\u00ed como en la cirug\u00eda mediante t\u00e9cnicas endosc\u00f3picas. Una de sus principales dedicaciones es el tratamiento m\u00ednimamente invasivo del c\u00e1ncer de pr\u00f3stata, con el objetivo de combinar los mejores resultados oncol\u00f3gicos con la m\u00ednima repercusi\u00f3n funcional. En este sentido desarrolla pr\u00e1cticamente toda su actividad quir\u00fargica cuando es posible por v\u00eda laparosc\u00f3pica, t\u00e9cnica tambi\u00e9n empleada en el tratamiento del c\u00e1ncer renal y el de vejiga urinaria. Forma parte del Centro de Urolog\u00eda M\u00ednimamente Invasiva y Rob\u00f3tica (CUMIR) del Hospital Quir\u00f3n Barcelona.<\/p>\n","protected":false},"excerpt":{"rendered":"<p>El Dr. Jos\u00e9 Antonio Lorente Gar\u00edn posee amplia experiencia en el diagn\u00f3stico, tratamiento y seguimiento del c\u00e1ncer urol\u00f3gico as\u00ed como en la cirug\u00eda mediante t\u00e9cnicas endosc\u00f3picas. Una de sus principales dedicaciones es el tratamiento m\u00ednimamente invasivo del c\u00e1ncer de pr\u00f3stata, con el objetivo de combinar los mejores resultados oncol\u00f3gicos con la m\u00ednima repercusi\u00f3n funcional. En [&hellip;]<\/p>\n","protected":false},"author":1,"featured_media":1855,"parent":2545,"menu_order":2,"comment_status":"closed","ping_status":"closed","template":"p-doctor.php","meta":{"_acf_changed":false,"inline_featured_image":false,"footnotes":""},"class_list":["post-2550","page","type-page","status-publish","has-post-thumbnail","hentry"],"acf":[],"yoast_head":"<!-- This site is optimized with the Yoast SEO plugin v27.4 - https:\/\/yoast.com\/product\/yoast-seo-wordpress\/ -->\n<title>Dr. Jos\u00e9 Antonio Lorente Gar\u00edn - Urolog\u00eda Bielsa &amp; Lorente<\/title>\n<meta name=\"description\" content=\"Dr. Jos\u00e9 Antonio Lorente Gar\u00edn has extensive experience in the diagnosis, treatment and monitoring of urological cancer as well as in surgery using endoscopic techniques.\" \/>\n<meta name=\"robots\" content=\"index, follow, max-snippet:-1, max-image-preview:large, max-video-preview:-1\" \/>\n<link rel=\"canonical\" href=\"https:\/\/urologiabielsalorente.com\/en\/medical-team\/dr-jose-antonio-lorente-garin\/\" \/>\n<meta property=\"og:locale\" content=\"en_US\" \/>\n<meta property=\"og:type\" content=\"article\" \/>\n<meta property=\"og:title\" content=\"Dr. Jos\u00e9 Antonio Lorente Gar\u00edn - Urolog\u00eda Bielsa &amp; Lorente\" \/>\n<meta property=\"og:description\" content=\"Dr. Jos\u00e9 Antonio Lorente Gar\u00edn has extensive experience in the diagnosis, treatment and monitoring of urological cancer as well as in surgery using endoscopic techniques.\" \/>\n<meta property=\"og:url\" content=\"https:\/\/urologiabielsalorente.com\/en\/medical-team\/dr-jose-antonio-lorente-garin\/\" \/>\n<meta property=\"og:site_name\" content=\"Urolog\u00eda Bielsa &amp; Lorente\" \/>\n<meta property=\"article:modified_time\" content=\"2023-05-19T20:45:34+00:00\" \/>\n<meta property=\"og:image\" content=\"https:\/\/urologiabielsalorente.com\/webielsa23\/wp-content\/uploads\/2022\/12\/dr-Jose-Antonio-Lorente-Garin-cv.jpg\" \/>\n\t<meta property=\"og:image:width\" content=\"326\" \/>\n\t<meta property=\"og:image:height\" content=\"340\" \/>\n\t<meta property=\"og:image:type\" content=\"image\/jpeg\" \/>\n<meta name=\"twitter:card\" content=\"summary_large_image\" \/>\n<meta name=\"twitter:label1\" content=\"Est. reading time\" \/>\n\t<meta name=\"twitter:data1\" content=\"1 minute\" \/>\n<script type=\"application\/ld+json\" class=\"yoast-schema-graph\">{\"@context\":\"https:\\\/\\\/schema.org\",\"@graph\":[{\"@type\":\"WebPage\",\"@id\":\"https:\\\/\\\/urologiabielsalorente.com\\\/en\\\/medical-team\\\/dr-jose-antonio-lorente-garin\\\/\",\"url\":\"https:\\\/\\\/urologiabielsalorente.com\\\/en\\\/medical-team\\\/dr-jose-antonio-lorente-garin\\\/\",\"name\":\"Dr. Jos\u00e9 Antonio Lorente Gar\u00edn - Urolog\u00eda Bielsa &amp; Lorente\",\"isPartOf\":{\"@id\":\"https:\\\/\\\/urologiabielsalorente.com\\\/en\\\/#website\"},\"primaryImageOfPage\":{\"@id\":\"https:\\\/\\\/urologiabielsalorente.com\\\/en\\\/medical-team\\\/dr-jose-antonio-lorente-garin\\\/#primaryimage\"},\"image\":{\"@id\":\"https:\\\/\\\/urologiabielsalorente.com\\\/en\\\/medical-team\\\/dr-jose-antonio-lorente-garin\\\/#primaryimage\"},\"thumbnailUrl\":\"https:\\\/\\\/urologiabielsalorente.com\\\/webielsa23\\\/wp-content\\\/uploads\\\/2022\\\/12\\\/dr-Jose-Antonio-Lorente-Garin-cv.jpg\",\"datePublished\":\"2022-05-17T10:09:21+00:00\",\"dateModified\":\"2023-05-19T20:45:34+00:00\",\"description\":\"Dr. Jos\u00e9 Antonio Lorente Gar\u00edn has extensive experience in the diagnosis, treatment and monitoring of urological cancer as well as in surgery using endoscopic techniques.\",\"breadcrumb\":{\"@id\":\"https:\\\/\\\/urologiabielsalorente.com\\\/en\\\/medical-team\\\/dr-jose-antonio-lorente-garin\\\/#breadcrumb\"},\"inLanguage\":\"en-US\",\"potentialAction\":[{\"@type\":\"ReadAction\",\"target\":[\"https:\\\/\\\/urologiabielsalorente.com\\\/en\\\/medical-team\\\/dr-jose-antonio-lorente-garin\\\/\"]}]},{\"@type\":\"ImageObject\",\"inLanguage\":\"en-US\",\"@id\":\"https:\\\/\\\/urologiabielsalorente.com\\\/en\\\/medical-team\\\/dr-jose-antonio-lorente-garin\\\/#primaryimage\",\"url\":\"https:\\\/\\\/urologiabielsalorente.com\\\/webielsa23\\\/wp-content\\\/uploads\\\/2022\\\/12\\\/dr-Jose-Antonio-Lorente-Garin-cv.jpg\",\"contentUrl\":\"https:\\\/\\\/urologiabielsalorente.com\\\/webielsa23\\\/wp-content\\\/uploads\\\/2022\\\/12\\\/dr-Jose-Antonio-Lorente-Garin-cv.jpg\",\"width\":326,\"height\":340},{\"@type\":\"BreadcrumbList\",\"@id\":\"https:\\\/\\\/urologiabielsalorente.com\\\/en\\\/medical-team\\\/dr-jose-antonio-lorente-garin\\\/#breadcrumb\",\"itemListElement\":[{\"@type\":\"ListItem\",\"position\":1,\"name\":\"Portada\",\"item\":\"https:\\\/\\\/urologiabielsalorente.com\\\/en\\\/\"},{\"@type\":\"ListItem\",\"position\":2,\"name\":\"Our Team\",\"item\":\"https:\\\/\\\/urologiabielsalorente.com\\\/en\\\/equipo-medico\\\/\"},{\"@type\":\"ListItem\",\"position\":3,\"name\":\"Dr. Jos\u00e9 Antonio Lorente Gar\u00edn\"}]},{\"@type\":\"WebSite\",\"@id\":\"https:\\\/\\\/urologiabielsalorente.com\\\/en\\\/#website\",\"url\":\"https:\\\/\\\/urologiabielsalorente.com\\\/en\\\/\",\"name\":\"Urolog\u00eda Bielsa &amp; Lorente\",\"description\":\"Equipo oficial de Urolog\u00eda del Hospital Quir\u00f3n Salud de Barcelona\",\"publisher\":{\"@id\":\"https:\\\/\\\/urologiabielsalorente.com\\\/en\\\/#organization\"},\"potentialAction\":[{\"@type\":\"SearchAction\",\"target\":{\"@type\":\"EntryPoint\",\"urlTemplate\":\"https:\\\/\\\/urologiabielsalorente.com\\\/en\\\/?s={search_term_string}\"},\"query-input\":{\"@type\":\"PropertyValueSpecification\",\"valueRequired\":true,\"valueName\":\"search_term_string\"}}],\"inLanguage\":\"en-US\"},{\"@type\":\"Organization\",\"@id\":\"https:\\\/\\\/urologiabielsalorente.com\\\/en\\\/#organization\",\"name\":\"Urolog\u00eda Bielsa &amp; Lorente\",\"url\":\"https:\\\/\\\/urologiabielsalorente.com\\\/en\\\/\",\"logo\":{\"@type\":\"ImageObject\",\"inLanguage\":\"en-US\",\"@id\":\"https:\\\/\\\/urologiabielsalorente.com\\\/en\\\/#\\\/schema\\\/logo\\\/image\\\/\",\"url\":\"https:\\\/\\\/urologiabielsalorente.com\\\/webielsa23\\\/wp-content\\\/uploads\\\/2014\\\/04\\\/solicionesPersonales1024-e1402499581900.jpg\",\"contentUrl\":\"https:\\\/\\\/urologiabielsalorente.com\\\/webielsa23\\\/wp-content\\\/uploads\\\/2014\\\/04\\\/solicionesPersonales1024-e1402499581900.jpg\",\"width\":1024,\"height\":570,\"caption\":\"Urolog\u00eda Bielsa &amp; Lorente\"},\"image\":{\"@id\":\"https:\\\/\\\/urologiabielsalorente.com\\\/en\\\/#\\\/schema\\\/logo\\\/image\\\/\"},\"sameAs\":[\"https:\\\/\\\/www.linkedin.com\\\/company\\\/urologia-bielsa-lorente\\\/\"]}]}<\/script>\n<!-- \/ Yoast SEO plugin. -->","yoast_head_json":{"title":"Dr. Jos\u00e9 Antonio Lorente Gar\u00edn - Urolog\u00eda Bielsa &amp; Lorente","description":"Dr. Jos\u00e9 Antonio Lorente Gar\u00edn has extensive experience in the diagnosis, treatment and monitoring of urological cancer as well as in surgery using endoscopic techniques.","robots":{"index":"index","follow":"follow","max-snippet":"max-snippet:-1","max-image-preview":"max-image-preview:large","max-video-preview":"max-video-preview:-1"},"canonical":"https:\/\/urologiabielsalorente.com\/en\/medical-team\/dr-jose-antonio-lorente-garin\/","og_locale":"en_US","og_type":"article","og_title":"Dr. Jos\u00e9 Antonio Lorente Gar\u00edn - Urolog\u00eda Bielsa &amp; Lorente","og_description":"Dr. Jos\u00e9 Antonio Lorente Gar\u00edn has extensive experience in the diagnosis, treatment and monitoring of urological cancer as well as in surgery using endoscopic techniques.","og_url":"https:\/\/urologiabielsalorente.com\/en\/medical-team\/dr-jose-antonio-lorente-garin\/","og_site_name":"Urolog\u00eda Bielsa &amp; Lorente","article_modified_time":"2023-05-19T20:45:34+00:00","og_image":[{"width":326,"height":340,"url":"https:\/\/urologiabielsalorente.com\/webielsa23\/wp-content\/uploads\/2022\/12\/dr-Jose-Antonio-Lorente-Garin-cv.jpg","type":"image\/jpeg"}],"twitter_card":"summary_large_image","twitter_misc":{"Est. reading time":"1 minute"},"schema":{"@context":"https:\/\/schema.org","@graph":[{"@type":"WebPage","@id":"https:\/\/urologiabielsalorente.com\/en\/medical-team\/dr-jose-antonio-lorente-garin\/","url":"https:\/\/urologiabielsalorente.com\/en\/medical-team\/dr-jose-antonio-lorente-garin\/","name":"Dr. Jos\u00e9 Antonio Lorente Gar\u00edn - Urolog\u00eda Bielsa &amp; Lorente","isPartOf":{"@id":"https:\/\/urologiabielsalorente.com\/en\/#website"},"primaryImageOfPage":{"@id":"https:\/\/urologiabielsalorente.com\/en\/medical-team\/dr-jose-antonio-lorente-garin\/#primaryimage"},"image":{"@id":"https:\/\/urologiabielsalorente.com\/en\/medical-team\/dr-jose-antonio-lorente-garin\/#primaryimage"},"thumbnailUrl":"https:\/\/urologiabielsalorente.com\/webielsa23\/wp-content\/uploads\/2022\/12\/dr-Jose-Antonio-Lorente-Garin-cv.jpg","datePublished":"2022-05-17T10:09:21+00:00","dateModified":"2023-05-19T20:45:34+00:00","description":"Dr. Jos\u00e9 Antonio Lorente Gar\u00edn has extensive experience in the diagnosis, treatment and monitoring of urological cancer as well as in surgery using endoscopic techniques.","breadcrumb":{"@id":"https:\/\/urologiabielsalorente.com\/en\/medical-team\/dr-jose-antonio-lorente-garin\/#breadcrumb"},"inLanguage":"en-US","potentialAction":[{"@type":"ReadAction","target":["https:\/\/urologiabielsalorente.com\/en\/medical-team\/dr-jose-antonio-lorente-garin\/"]}]},{"@type":"ImageObject","inLanguage":"en-US","@id":"https:\/\/urologiabielsalorente.com\/en\/medical-team\/dr-jose-antonio-lorente-garin\/#primaryimage","url":"https:\/\/urologiabielsalorente.com\/webielsa23\/wp-content\/uploads\/2022\/12\/dr-Jose-Antonio-Lorente-Garin-cv.jpg","contentUrl":"https:\/\/urologiabielsalorente.com\/webielsa23\/wp-content\/uploads\/2022\/12\/dr-Jose-Antonio-Lorente-Garin-cv.jpg","width":326,"height":340},{"@type":"BreadcrumbList","@id":"https:\/\/urologiabielsalorente.com\/en\/medical-team\/dr-jose-antonio-lorente-garin\/#breadcrumb","itemListElement":[{"@type":"ListItem","position":1,"name":"Portada","item":"https:\/\/urologiabielsalorente.com\/en\/"},{"@type":"ListItem","position":2,"name":"Our Team","item":"https:\/\/urologiabielsalorente.com\/en\/equipo-medico\/"},{"@type":"ListItem","position":3,"name":"Dr. Jos\u00e9 Antonio Lorente Gar\u00edn"}]},{"@type":"WebSite","@id":"https:\/\/urologiabielsalorente.com\/en\/#website","url":"https:\/\/urologiabielsalorente.com\/en\/","name":"Urolog\u00eda Bielsa &amp; Lorente","description":"Equipo oficial de Urolog\u00eda del Hospital Quir\u00f3n Salud de Barcelona","publisher":{"@id":"https:\/\/urologiabielsalorente.com\/en\/#organization"},"potentialAction":[{"@type":"SearchAction","target":{"@type":"EntryPoint","urlTemplate":"https:\/\/urologiabielsalorente.com\/en\/?s={search_term_string}"},"query-input":{"@type":"PropertyValueSpecification","valueRequired":true,"valueName":"search_term_string"}}],"inLanguage":"en-US"},{"@type":"Organization","@id":"https:\/\/urologiabielsalorente.com\/en\/#organization","name":"Urolog\u00eda Bielsa &amp; Lorente","url":"https:\/\/urologiabielsalorente.com\/en\/","logo":{"@type":"ImageObject","inLanguage":"en-US","@id":"https:\/\/urologiabielsalorente.com\/en\/#\/schema\/logo\/image\/","url":"https:\/\/urologiabielsalorente.com\/webielsa23\/wp-content\/uploads\/2014\/04\/solicionesPersonales1024-e1402499581900.jpg","contentUrl":"https:\/\/urologiabielsalorente.com\/webielsa23\/wp-content\/uploads\/2014\/04\/solicionesPersonales1024-e1402499581900.jpg","width":1024,"height":570,"caption":"Urolog\u00eda Bielsa &amp; Lorente"},"image":{"@id":"https:\/\/urologiabielsalorente.com\/en\/#\/schema\/logo\/image\/"},"sameAs":["https:\/\/www.linkedin.com\/company\/urologia-bielsa-lorente\/"]}]}},"_links":{"self":[{"href":"https:\/\/urologiabielsalorente.com\/en\/wp-json\/wp\/v2\/pages\/2550","targetHints":{"allow":["GET"]}}],"collection":[{"href":"https:\/\/urologiabielsalorente.com\/en\/wp-json\/wp\/v2\/pages"}],"about":[{"href":"https:\/\/urologiabielsalorente.com\/en\/wp-json\/wp\/v2\/types\/page"}],"author":[{"embeddable":true,"href":"https:\/\/urologiabielsalorente.com\/en\/wp-json\/wp\/v2\/users\/1"}],"replies":[{"embeddable":true,"href":"https:\/\/urologiabielsalorente.com\/en\/wp-json\/wp\/v2\/comments?post=2550"}],"version-history":[{"count":3,"href":"https:\/\/urologiabielsalorente.com\/en\/wp-json\/wp\/v2\/pages\/2550\/revisions"}],"predecessor-version":[{"id":2945,"href":"https:\/\/urologiabielsalorente.com\/en\/wp-json\/wp\/v2\/pages\/2550\/revisions\/2945"}],"up":[{"embeddable":true,"href":"https:\/\/urologiabielsalorente.com\/en\/wp-json\/wp\/v2\/pages\/2545"}],"wp:featuredmedia":[{"embeddable":true,"href":"https:\/\/urologiabielsalorente.com\/en\/wp-json\/wp\/v2\/media\/1855"}],"wp:attachment":[{"href":"https:\/\/urologiabielsalorente.com\/en\/wp-json\/wp\/v2\/media?parent=2550"}],"curies":[{"name":"wp","href":"https:\/\/api.w.org\/{rel}","templated":true}]}}