{"id":2536,"date":"2014-04-08T12:08:34","date_gmt":"2014-04-08T12:08:34","guid":{"rendered":"https:\/\/urologiabielsalorente.com\/%c2%b7%f0%9f%9b%91%c2%b7-inicio\/"},"modified":"2023-08-30T15:17:57","modified_gmt":"2023-08-30T15:17:57","slug":"home","status":"publish","type":"page","link":"https:\/\/urologiabielsalorente.com\/en\/","title":{"rendered":"\u272d Home"},"content":{"rendered":"<p>Personal solutions for your Urology problems<\/p>\n<p>We are a team of urologists, with extensive professional experience, who offer close attention and services of the highest quality.<\/p>\n<p>Personalised treatments<br \/>\nGreen Laser for the prostate<br \/>\nComprehensive treatment of urinary incontinence<br \/>\nFull HD and 3D Laparoscopic Surgery<br \/>\nRobotic surgery<\/p>\n<p>Our services<\/p>\n<p>&#8220;A comprehensive urological consultation is the best insurance for a better quality of life&#8221;.<br \/>\nInterview with Dr. \u00d3scar Bielsa and Dr. Jos\u00e9 Antonio Lorente, head of the Urology Department at Hospital Quir\u00f3nsalud Barcelona.<\/p>\n<p>Urinary tract infections are also a male thing (and they are more serious)<br \/>\nSo why is it never talked about? Urinary tract infections are more complicated in men and are more common in women.<\/p>\n<p>Myths and truths about prostate health<br \/>\nAlthough the number of men visiting a urologist is increasing every year, it is believed that there is still a certain reluctance to see a urologist.<\/p>\n<p>Tips to prevent premature ejaculation and erectile dysfunction<br \/>\nErectile dysfunction is a cardiovascular disease resulting from incorrect blood supply to the penis. For this reason, Rafael Prieto,<\/p>\n<p>The importance of going to the urologist regularly<br \/>\nHospital Quir\u00f3nsalud Barcelona advises men not to neglect their urological health and to have check-ups at all stages of life.<\/p>\n","protected":false},"excerpt":{"rendered":"<p>Personal solutions for your Urology problems We are a team of urologists, with extensive professional experience, who offer close attention and services of the highest quality. Personalised treatments Green Laser for the prostate Comprehensive treatment of urinary incontinence Full HD and 3D Laparoscopic Surgery Robotic surgery Our services &#8220;A comprehensive urological consultation is the best [&hellip;]<\/p>\n","protected":false},"author":1,"featured_media":0,"parent":0,"menu_order":1,"comment_status":"closed","ping_status":"closed","template":"p-homebl22.php","meta":{"_acf_changed":false,"inline_featured_image":false,"footnotes":""},"class_list":["post-2536","page","type-page","status-publish","hentry"],"acf":[],"yoast_head":"<!-- This site is optimized with the Yoast SEO plugin v27.3 - https:\/\/yoast.com\/product\/yoast-seo-wordpress\/ -->\n<title>Urology Bielsa Lorente - Official Urology Team of Hospital Quir\u00f3n Salud Barcelona<\/title>\n<meta name=\"description\" content=\"Urology Bielsa Lorente - Official Urology Team of Hospital Quir\u00f3n Salud Barcelona\" \/>\n<meta name=\"robots\" content=\"index, follow, max-snippet:-1, max-image-preview:large, max-video-preview:-1\" \/>\n<link rel=\"canonical\" href=\"https:\/\/urologiabielsalorente.com\/en\/\" \/>\n<meta property=\"og:locale\" content=\"en_US\" \/>\n<meta property=\"og:type\" content=\"article\" \/>\n<meta property=\"og:title\" content=\"Urology Bielsa Lorente - Official Urology Team of Hospital Quir\u00f3n Salud Barcelona\" \/>\n<meta property=\"og:description\" content=\"Urology Bielsa Lorente - Official Urology Team of Hospital Quir\u00f3n Salud Barcelona\" \/>\n<meta property=\"og:url\" content=\"https:\/\/urologiabielsalorente.com\/en\/\" \/>\n<meta property=\"og:site_name\" content=\"Urolog\u00eda Bielsa &amp; Lorente\" \/>\n<meta property=\"article:modified_time\" content=\"2023-08-30T15:17:57+00:00\" \/>\n<meta name=\"twitter:card\" content=\"summary_large_image\" \/>\n<meta name=\"twitter:label1\" content=\"Est. reading time\" \/>\n\t<meta name=\"twitter:data1\" content=\"1 minute\" \/>\n<script type=\"application\/ld+json\" class=\"yoast-schema-graph\">{\"@context\":\"https:\\\/\\\/schema.org\",\"@graph\":[{\"@type\":\"WebPage\",\"@id\":\"https:\\\/\\\/urologiabielsalorente.com\\\/en\\\/\",\"url\":\"https:\\\/\\\/urologiabielsalorente.com\\\/en\\\/\",\"name\":\"Urology Bielsa Lorente - Official Urology Team of Hospital Quir\u00f3n Salud Barcelona\",\"isPartOf\":{\"@id\":\"https:\\\/\\\/urologiabielsalorente.com\\\/en\\\/#website\"},\"datePublished\":\"2014-04-08T12:08:34+00:00\",\"dateModified\":\"2023-08-30T15:17:57+00:00\",\"description\":\"Urology Bielsa Lorente - Official Urology Team of Hospital Quir\u00f3n Salud Barcelona\",\"breadcrumb\":{\"@id\":\"https:\\\/\\\/urologiabielsalorente.com\\\/en\\\/#breadcrumb\"},\"inLanguage\":\"en-US\",\"potentialAction\":[{\"@type\":\"ReadAction\",\"target\":[\"https:\\\/\\\/urologiabielsalorente.com\\\/en\\\/\"]}]},{\"@type\":\"BreadcrumbList\",\"@id\":\"https:\\\/\\\/urologiabielsalorente.com\\\/en\\\/#breadcrumb\",\"itemListElement\":[{\"@type\":\"ListItem\",\"position\":1,\"name\":\"Portada\",\"item\":\"https:\\\/\\\/urologiabielsalorente.com\\\/en\\\/\"},{\"@type\":\"ListItem\",\"position\":2,\"name\":\"\u272d Home\"}]},{\"@type\":\"WebSite\",\"@id\":\"https:\\\/\\\/urologiabielsalorente.com\\\/en\\\/#website\",\"url\":\"https:\\\/\\\/urologiabielsalorente.com\\\/en\\\/\",\"name\":\"Urolog\u00eda Bielsa &amp; Lorente\",\"description\":\"Equipo oficial de Urolog\u00eda del Hospital Quir\u00f3n Salud de Barcelona\",\"publisher\":{\"@id\":\"https:\\\/\\\/urologiabielsalorente.com\\\/en\\\/#organization\"},\"potentialAction\":[{\"@type\":\"SearchAction\",\"target\":{\"@type\":\"EntryPoint\",\"urlTemplate\":\"https:\\\/\\\/urologiabielsalorente.com\\\/en\\\/?s={search_term_string}\"},\"query-input\":{\"@type\":\"PropertyValueSpecification\",\"valueRequired\":true,\"valueName\":\"search_term_string\"}}],\"inLanguage\":\"en-US\"},{\"@type\":\"Organization\",\"@id\":\"https:\\\/\\\/urologiabielsalorente.com\\\/en\\\/#organization\",\"name\":\"Urolog\u00eda Bielsa &amp; Lorente\",\"url\":\"https:\\\/\\\/urologiabielsalorente.com\\\/en\\\/\",\"logo\":{\"@type\":\"ImageObject\",\"inLanguage\":\"en-US\",\"@id\":\"https:\\\/\\\/urologiabielsalorente.com\\\/en\\\/#\\\/schema\\\/logo\\\/image\\\/\",\"url\":\"https:\\\/\\\/urologiabielsalorente.com\\\/webielsa23\\\/wp-content\\\/uploads\\\/2014\\\/04\\\/solicionesPersonales1024-e1402499581900.jpg\",\"contentUrl\":\"https:\\\/\\\/urologiabielsalorente.com\\\/webielsa23\\\/wp-content\\\/uploads\\\/2014\\\/04\\\/solicionesPersonales1024-e1402499581900.jpg\",\"width\":1024,\"height\":570,\"caption\":\"Urolog\u00eda Bielsa &amp; Lorente\"},\"image\":{\"@id\":\"https:\\\/\\\/urologiabielsalorente.com\\\/en\\\/#\\\/schema\\\/logo\\\/image\\\/\"},\"sameAs\":[\"https:\\\/\\\/www.linkedin.com\\\/company\\\/urologia-bielsa-lorente\\\/\"]}]}<\/script>\n<!-- \/ Yoast SEO plugin. -->","yoast_head_json":{"title":"Urology Bielsa Lorente - Official Urology Team of Hospital Quir\u00f3n Salud Barcelona","description":"Urology Bielsa Lorente - Official Urology Team of Hospital Quir\u00f3n Salud Barcelona","robots":{"index":"index","follow":"follow","max-snippet":"max-snippet:-1","max-image-preview":"max-image-preview:large","max-video-preview":"max-video-preview:-1"},"canonical":"https:\/\/urologiabielsalorente.com\/en\/","og_locale":"en_US","og_type":"article","og_title":"Urology Bielsa Lorente - Official Urology Team of Hospital Quir\u00f3n Salud Barcelona","og_description":"Urology Bielsa Lorente - Official Urology Team of Hospital Quir\u00f3n Salud Barcelona","og_url":"https:\/\/urologiabielsalorente.com\/en\/","og_site_name":"Urolog\u00eda Bielsa &amp; Lorente","article_modified_time":"2023-08-30T15:17:57+00:00","twitter_card":"summary_large_image","twitter_misc":{"Est. reading time":"1 minute"},"schema":{"@context":"https:\/\/schema.org","@graph":[{"@type":"WebPage","@id":"https:\/\/urologiabielsalorente.com\/en\/","url":"https:\/\/urologiabielsalorente.com\/en\/","name":"Urology Bielsa Lorente - Official Urology Team of Hospital Quir\u00f3n Salud Barcelona","isPartOf":{"@id":"https:\/\/urologiabielsalorente.com\/en\/#website"},"datePublished":"2014-04-08T12:08:34+00:00","dateModified":"2023-08-30T15:17:57+00:00","description":"Urology Bielsa Lorente - Official Urology Team of Hospital Quir\u00f3n Salud Barcelona","breadcrumb":{"@id":"https:\/\/urologiabielsalorente.com\/en\/#breadcrumb"},"inLanguage":"en-US","potentialAction":[{"@type":"ReadAction","target":["https:\/\/urologiabielsalorente.com\/en\/"]}]},{"@type":"BreadcrumbList","@id":"https:\/\/urologiabielsalorente.com\/en\/#breadcrumb","itemListElement":[{"@type":"ListItem","position":1,"name":"Portada","item":"https:\/\/urologiabielsalorente.com\/en\/"},{"@type":"ListItem","position":2,"name":"\u272d Home"}]},{"@type":"WebSite","@id":"https:\/\/urologiabielsalorente.com\/en\/#website","url":"https:\/\/urologiabielsalorente.com\/en\/","name":"Urolog\u00eda Bielsa &amp; Lorente","description":"Equipo oficial de Urolog\u00eda del Hospital Quir\u00f3n Salud de Barcelona","publisher":{"@id":"https:\/\/urologiabielsalorente.com\/en\/#organization"},"potentialAction":[{"@type":"SearchAction","target":{"@type":"EntryPoint","urlTemplate":"https:\/\/urologiabielsalorente.com\/en\/?s={search_term_string}"},"query-input":{"@type":"PropertyValueSpecification","valueRequired":true,"valueName":"search_term_string"}}],"inLanguage":"en-US"},{"@type":"Organization","@id":"https:\/\/urologiabielsalorente.com\/en\/#organization","name":"Urolog\u00eda Bielsa &amp; Lorente","url":"https:\/\/urologiabielsalorente.com\/en\/","logo":{"@type":"ImageObject","inLanguage":"en-US","@id":"https:\/\/urologiabielsalorente.com\/en\/#\/schema\/logo\/image\/","url":"https:\/\/urologiabielsalorente.com\/webielsa23\/wp-content\/uploads\/2014\/04\/solicionesPersonales1024-e1402499581900.jpg","contentUrl":"https:\/\/urologiabielsalorente.com\/webielsa23\/wp-content\/uploads\/2014\/04\/solicionesPersonales1024-e1402499581900.jpg","width":1024,"height":570,"caption":"Urolog\u00eda Bielsa &amp; Lorente"},"image":{"@id":"https:\/\/urologiabielsalorente.com\/en\/#\/schema\/logo\/image\/"},"sameAs":["https:\/\/www.linkedin.com\/company\/urologia-bielsa-lorente\/"]}]}},"_links":{"self":[{"href":"https:\/\/urologiabielsalorente.com\/en\/wp-json\/wp\/v2\/pages\/2536","targetHints":{"allow":["GET"]}}],"collection":[{"href":"https:\/\/urologiabielsalorente.com\/en\/wp-json\/wp\/v2\/pages"}],"about":[{"href":"https:\/\/urologiabielsalorente.com\/en\/wp-json\/wp\/v2\/types\/page"}],"author":[{"embeddable":true,"href":"https:\/\/urologiabielsalorente.com\/en\/wp-json\/wp\/v2\/users\/1"}],"replies":[{"embeddable":true,"href":"https:\/\/urologiabielsalorente.com\/en\/wp-json\/wp\/v2\/comments?post=2536"}],"version-history":[{"count":5,"href":"https:\/\/urologiabielsalorente.com\/en\/wp-json\/wp\/v2\/pages\/2536\/revisions"}],"predecessor-version":[{"id":2986,"href":"https:\/\/urologiabielsalorente.com\/en\/wp-json\/wp\/v2\/pages\/2536\/revisions\/2986"}],"wp:attachment":[{"href":"https:\/\/urologiabielsalorente.com\/en\/wp-json\/wp\/v2\/media?parent=2536"}],"curies":[{"name":"wp","href":"https:\/\/api.w.org\/{rel}","templated":true}]}}