{"id":3194,"date":"2022-12-28T17:17:42","date_gmt":"2022-12-28T17:17:42","guid":{"rendered":"https:\/\/urologiabielsalorente.com\/equip-medic\/dr-bartolome-umbert-canals\/"},"modified":"2025-01-10T09:51:22","modified_gmt":"2025-01-10T09:51:22","slug":"dr-bartolome-umbert-canals","status":"publish","type":"page","link":"https:\/\/urologiabielsalorente.com\/ca\/equip-medic\/dr-bartolome-umbert-canals\/","title":{"rendered":"Dr. Bartolom\u00e9 Umbert Canals"},"content":{"rendered":"","protected":false},"excerpt":{"rendered":"","protected":false},"author":1,"featured_media":3189,"parent":2544,"menu_order":10,"comment_status":"closed","ping_status":"closed","template":"p-doctor.php","meta":{"_acf_changed":false,"inline_featured_image":false,"footnotes":""},"class_list":["post-3194","page","type-page","status-publish","has-post-thumbnail","hentry"],"acf":[],"yoast_head":"<!-- This site is optimized with the Yoast SEO plugin v27.3 - https:\/\/yoast.com\/product\/yoast-seo-wordpress\/ -->\n<title>Dr. Bartolom\u00e9 Umbert Canals - Urolog\u00eda Bielsa &amp; Lorente<\/title>\n<meta name=\"description\" content=\"El Dr. Paulino Hern\u00e1ndez Hern\u00e1ndez es miembro del equipo de Urolog\u00eda del Hospital Quir\u00f3nsalud Barcelona. Especialista en c\u00e1ncer urol\u00f3gico y cirug\u00eda laparosc\u00f3pica.\" \/>\n<meta name=\"robots\" content=\"index, follow, max-snippet:-1, max-image-preview:large, max-video-preview:-1\" \/>\n<link rel=\"canonical\" href=\"https:\/\/urologiabielsalorente.com\/ca\/equip-medic\/dr-bartolome-umbert-canals\/\" \/>\n<meta property=\"og:locale\" content=\"ca_ES\" \/>\n<meta property=\"og:type\" content=\"article\" \/>\n<meta property=\"og:title\" content=\"Dr. Bartolom\u00e9 Umbert Canals - Urolog\u00eda Bielsa &amp; Lorente\" \/>\n<meta property=\"og:description\" content=\"El Dr. Paulino Hern\u00e1ndez Hern\u00e1ndez es miembro del equipo de Urolog\u00eda del Hospital Quir\u00f3nsalud Barcelona. Especialista en c\u00e1ncer urol\u00f3gico y cirug\u00eda laparosc\u00f3pica.\" \/>\n<meta property=\"og:url\" content=\"https:\/\/urologiabielsalorente.com\/ca\/equip-medic\/dr-bartolome-umbert-canals\/\" \/>\n<meta property=\"og:site_name\" content=\"Urolog\u00eda Bielsa &amp; Lorente\" \/>\n<meta property=\"article:modified_time\" content=\"2025-01-10T09:51:22+00:00\" \/>\n<meta property=\"og:image\" content=\"https:\/\/urologiabielsalorente.com\/webielsa23\/wp-content\/uploads\/2025\/01\/dr-Bartolome-Umbert-cv.jpg\" \/>\n\t<meta property=\"og:image:width\" content=\"794\" \/>\n\t<meta property=\"og:image:height\" content=\"828\" \/>\n\t<meta property=\"og:image:type\" content=\"image\/jpeg\" \/>\n<meta name=\"twitter:card\" content=\"summary_large_image\" \/>\n<meta name=\"twitter:label1\" content=\"Est. reading time\" \/>\n\t<meta name=\"twitter:data1\" content=\"1 minute\" \/>\n<script type=\"application\/ld+json\" class=\"yoast-schema-graph\">{\"@context\":\"https:\\\/\\\/schema.org\",\"@graph\":[{\"@type\":\"WebPage\",\"@id\":\"https:\\\/\\\/urologiabielsalorente.com\\\/ca\\\/equip-medic\\\/dr-bartolome-umbert-canals\\\/\",\"url\":\"https:\\\/\\\/urologiabielsalorente.com\\\/ca\\\/equip-medic\\\/dr-bartolome-umbert-canals\\\/\",\"name\":\"Dr. Bartolom\u00e9 Umbert Canals - Urolog\u00eda Bielsa &amp; Lorente\",\"isPartOf\":{\"@id\":\"https:\\\/\\\/urologiabielsalorente.com\\\/ca\\\/#website\"},\"primaryImageOfPage\":{\"@id\":\"https:\\\/\\\/urologiabielsalorente.com\\\/ca\\\/equip-medic\\\/dr-bartolome-umbert-canals\\\/#primaryimage\"},\"image\":{\"@id\":\"https:\\\/\\\/urologiabielsalorente.com\\\/ca\\\/equip-medic\\\/dr-bartolome-umbert-canals\\\/#primaryimage\"},\"thumbnailUrl\":\"https:\\\/\\\/urologiabielsalorente.com\\\/webielsa23\\\/wp-content\\\/uploads\\\/2025\\\/01\\\/dr-Bartolome-Umbert-cv.jpg\",\"datePublished\":\"2022-12-28T17:17:42+00:00\",\"dateModified\":\"2025-01-10T09:51:22+00:00\",\"description\":\"El Dr. Paulino Hern\u00e1ndez Hern\u00e1ndez es miembro del equipo de Urolog\u00eda del Hospital Quir\u00f3nsalud Barcelona. Especialista en c\u00e1ncer urol\u00f3gico y cirug\u00eda laparosc\u00f3pica.\",\"breadcrumb\":{\"@id\":\"https:\\\/\\\/urologiabielsalorente.com\\\/ca\\\/equip-medic\\\/dr-bartolome-umbert-canals\\\/#breadcrumb\"},\"inLanguage\":\"ca\",\"potentialAction\":[{\"@type\":\"ReadAction\",\"target\":[\"https:\\\/\\\/urologiabielsalorente.com\\\/ca\\\/equip-medic\\\/dr-bartolome-umbert-canals\\\/\"]}]},{\"@type\":\"ImageObject\",\"inLanguage\":\"ca\",\"@id\":\"https:\\\/\\\/urologiabielsalorente.com\\\/ca\\\/equip-medic\\\/dr-bartolome-umbert-canals\\\/#primaryimage\",\"url\":\"https:\\\/\\\/urologiabielsalorente.com\\\/webielsa23\\\/wp-content\\\/uploads\\\/2025\\\/01\\\/dr-Bartolome-Umbert-cv.jpg\",\"contentUrl\":\"https:\\\/\\\/urologiabielsalorente.com\\\/webielsa23\\\/wp-content\\\/uploads\\\/2025\\\/01\\\/dr-Bartolome-Umbert-cv.jpg\",\"width\":794,\"height\":828},{\"@type\":\"BreadcrumbList\",\"@id\":\"https:\\\/\\\/urologiabielsalorente.com\\\/ca\\\/equip-medic\\\/dr-bartolome-umbert-canals\\\/#breadcrumb\",\"itemListElement\":[{\"@type\":\"ListItem\",\"position\":1,\"name\":\"Portada\",\"item\":\"https:\\\/\\\/urologiabielsalorente.com\\\/ca\\\/\"},{\"@type\":\"ListItem\",\"position\":2,\"name\":\"Equip m\u00e8dic\",\"item\":\"https:\\\/\\\/urologiabielsalorente.com\\\/ca\\\/equipo-medico\\\/\"},{\"@type\":\"ListItem\",\"position\":3,\"name\":\"Dr. Bartolom\u00e9 Umbert Canals\"}]},{\"@type\":\"WebSite\",\"@id\":\"https:\\\/\\\/urologiabielsalorente.com\\\/ca\\\/#website\",\"url\":\"https:\\\/\\\/urologiabielsalorente.com\\\/ca\\\/\",\"name\":\"Urolog\u00eda Bielsa &amp; Lorente\",\"description\":\"Equipo oficial de Urolog\u00eda del Hospital Quir\u00f3n Salud de Barcelona\",\"publisher\":{\"@id\":\"https:\\\/\\\/urologiabielsalorente.com\\\/ca\\\/#organization\"},\"potentialAction\":[{\"@type\":\"SearchAction\",\"target\":{\"@type\":\"EntryPoint\",\"urlTemplate\":\"https:\\\/\\\/urologiabielsalorente.com\\\/ca\\\/?s={search_term_string}\"},\"query-input\":{\"@type\":\"PropertyValueSpecification\",\"valueRequired\":true,\"valueName\":\"search_term_string\"}}],\"inLanguage\":\"ca\"},{\"@type\":\"Organization\",\"@id\":\"https:\\\/\\\/urologiabielsalorente.com\\\/ca\\\/#organization\",\"name\":\"Urolog\u00eda Bielsa &amp; Lorente\",\"url\":\"https:\\\/\\\/urologiabielsalorente.com\\\/ca\\\/\",\"logo\":{\"@type\":\"ImageObject\",\"inLanguage\":\"ca\",\"@id\":\"https:\\\/\\\/urologiabielsalorente.com\\\/ca\\\/#\\\/schema\\\/logo\\\/image\\\/\",\"url\":\"https:\\\/\\\/urologiabielsalorente.com\\\/webielsa23\\\/wp-content\\\/uploads\\\/2014\\\/04\\\/solicionesPersonales1024-e1402499581900.jpg\",\"contentUrl\":\"https:\\\/\\\/urologiabielsalorente.com\\\/webielsa23\\\/wp-content\\\/uploads\\\/2014\\\/04\\\/solicionesPersonales1024-e1402499581900.jpg\",\"width\":1024,\"height\":570,\"caption\":\"Urolog\u00eda Bielsa &amp; Lorente\"},\"image\":{\"@id\":\"https:\\\/\\\/urologiabielsalorente.com\\\/ca\\\/#\\\/schema\\\/logo\\\/image\\\/\"},\"sameAs\":[\"https:\\\/\\\/www.linkedin.com\\\/company\\\/urologia-bielsa-lorente\\\/\"]}]}<\/script>\n<!-- \/ Yoast SEO plugin. -->","yoast_head_json":{"title":"Dr. Bartolom\u00e9 Umbert Canals - Urolog\u00eda Bielsa &amp; Lorente","description":"El Dr. Paulino Hern\u00e1ndez Hern\u00e1ndez es miembro del equipo de Urolog\u00eda del Hospital Quir\u00f3nsalud Barcelona. Especialista en c\u00e1ncer urol\u00f3gico y cirug\u00eda laparosc\u00f3pica.","robots":{"index":"index","follow":"follow","max-snippet":"max-snippet:-1","max-image-preview":"max-image-preview:large","max-video-preview":"max-video-preview:-1"},"canonical":"https:\/\/urologiabielsalorente.com\/ca\/equip-medic\/dr-bartolome-umbert-canals\/","og_locale":"ca_ES","og_type":"article","og_title":"Dr. Bartolom\u00e9 Umbert Canals - Urolog\u00eda Bielsa &amp; Lorente","og_description":"El Dr. Paulino Hern\u00e1ndez Hern\u00e1ndez es miembro del equipo de Urolog\u00eda del Hospital Quir\u00f3nsalud Barcelona. Especialista en c\u00e1ncer urol\u00f3gico y cirug\u00eda laparosc\u00f3pica.","og_url":"https:\/\/urologiabielsalorente.com\/ca\/equip-medic\/dr-bartolome-umbert-canals\/","og_site_name":"Urolog\u00eda Bielsa &amp; Lorente","article_modified_time":"2025-01-10T09:51:22+00:00","og_image":[{"width":794,"height":828,"url":"https:\/\/urologiabielsalorente.com\/webielsa23\/wp-content\/uploads\/2025\/01\/dr-Bartolome-Umbert-cv.jpg","type":"image\/jpeg"}],"twitter_card":"summary_large_image","twitter_misc":{"Est. reading time":"1 minute"},"schema":{"@context":"https:\/\/schema.org","@graph":[{"@type":"WebPage","@id":"https:\/\/urologiabielsalorente.com\/ca\/equip-medic\/dr-bartolome-umbert-canals\/","url":"https:\/\/urologiabielsalorente.com\/ca\/equip-medic\/dr-bartolome-umbert-canals\/","name":"Dr. Bartolom\u00e9 Umbert Canals - Urolog\u00eda Bielsa &amp; Lorente","isPartOf":{"@id":"https:\/\/urologiabielsalorente.com\/ca\/#website"},"primaryImageOfPage":{"@id":"https:\/\/urologiabielsalorente.com\/ca\/equip-medic\/dr-bartolome-umbert-canals\/#primaryimage"},"image":{"@id":"https:\/\/urologiabielsalorente.com\/ca\/equip-medic\/dr-bartolome-umbert-canals\/#primaryimage"},"thumbnailUrl":"https:\/\/urologiabielsalorente.com\/webielsa23\/wp-content\/uploads\/2025\/01\/dr-Bartolome-Umbert-cv.jpg","datePublished":"2022-12-28T17:17:42+00:00","dateModified":"2025-01-10T09:51:22+00:00","description":"El Dr. Paulino Hern\u00e1ndez Hern\u00e1ndez es miembro del equipo de Urolog\u00eda del Hospital Quir\u00f3nsalud Barcelona. Especialista en c\u00e1ncer urol\u00f3gico y cirug\u00eda laparosc\u00f3pica.","breadcrumb":{"@id":"https:\/\/urologiabielsalorente.com\/ca\/equip-medic\/dr-bartolome-umbert-canals\/#breadcrumb"},"inLanguage":"ca","potentialAction":[{"@type":"ReadAction","target":["https:\/\/urologiabielsalorente.com\/ca\/equip-medic\/dr-bartolome-umbert-canals\/"]}]},{"@type":"ImageObject","inLanguage":"ca","@id":"https:\/\/urologiabielsalorente.com\/ca\/equip-medic\/dr-bartolome-umbert-canals\/#primaryimage","url":"https:\/\/urologiabielsalorente.com\/webielsa23\/wp-content\/uploads\/2025\/01\/dr-Bartolome-Umbert-cv.jpg","contentUrl":"https:\/\/urologiabielsalorente.com\/webielsa23\/wp-content\/uploads\/2025\/01\/dr-Bartolome-Umbert-cv.jpg","width":794,"height":828},{"@type":"BreadcrumbList","@id":"https:\/\/urologiabielsalorente.com\/ca\/equip-medic\/dr-bartolome-umbert-canals\/#breadcrumb","itemListElement":[{"@type":"ListItem","position":1,"name":"Portada","item":"https:\/\/urologiabielsalorente.com\/ca\/"},{"@type":"ListItem","position":2,"name":"Equip m\u00e8dic","item":"https:\/\/urologiabielsalorente.com\/ca\/equipo-medico\/"},{"@type":"ListItem","position":3,"name":"Dr. Bartolom\u00e9 Umbert Canals"}]},{"@type":"WebSite","@id":"https:\/\/urologiabielsalorente.com\/ca\/#website","url":"https:\/\/urologiabielsalorente.com\/ca\/","name":"Urolog\u00eda Bielsa &amp; Lorente","description":"Equipo oficial de Urolog\u00eda del Hospital Quir\u00f3n Salud de Barcelona","publisher":{"@id":"https:\/\/urologiabielsalorente.com\/ca\/#organization"},"potentialAction":[{"@type":"SearchAction","target":{"@type":"EntryPoint","urlTemplate":"https:\/\/urologiabielsalorente.com\/ca\/?s={search_term_string}"},"query-input":{"@type":"PropertyValueSpecification","valueRequired":true,"valueName":"search_term_string"}}],"inLanguage":"ca"},{"@type":"Organization","@id":"https:\/\/urologiabielsalorente.com\/ca\/#organization","name":"Urolog\u00eda Bielsa &amp; Lorente","url":"https:\/\/urologiabielsalorente.com\/ca\/","logo":{"@type":"ImageObject","inLanguage":"ca","@id":"https:\/\/urologiabielsalorente.com\/ca\/#\/schema\/logo\/image\/","url":"https:\/\/urologiabielsalorente.com\/webielsa23\/wp-content\/uploads\/2014\/04\/solicionesPersonales1024-e1402499581900.jpg","contentUrl":"https:\/\/urologiabielsalorente.com\/webielsa23\/wp-content\/uploads\/2014\/04\/solicionesPersonales1024-e1402499581900.jpg","width":1024,"height":570,"caption":"Urolog\u00eda Bielsa &amp; Lorente"},"image":{"@id":"https:\/\/urologiabielsalorente.com\/ca\/#\/schema\/logo\/image\/"},"sameAs":["https:\/\/www.linkedin.com\/company\/urologia-bielsa-lorente\/"]}]}},"_links":{"self":[{"href":"https:\/\/urologiabielsalorente.com\/ca\/wp-json\/wp\/v2\/pages\/3194","targetHints":{"allow":["GET"]}}],"collection":[{"href":"https:\/\/urologiabielsalorente.com\/ca\/wp-json\/wp\/v2\/pages"}],"about":[{"href":"https:\/\/urologiabielsalorente.com\/ca\/wp-json\/wp\/v2\/types\/page"}],"author":[{"embeddable":true,"href":"https:\/\/urologiabielsalorente.com\/ca\/wp-json\/wp\/v2\/users\/1"}],"replies":[{"embeddable":true,"href":"https:\/\/urologiabielsalorente.com\/ca\/wp-json\/wp\/v2\/comments?post=3194"}],"version-history":[{"count":2,"href":"https:\/\/urologiabielsalorente.com\/ca\/wp-json\/wp\/v2\/pages\/3194\/revisions"}],"predecessor-version":[{"id":3240,"href":"https:\/\/urologiabielsalorente.com\/ca\/wp-json\/wp\/v2\/pages\/3194\/revisions\/3240"}],"up":[{"embeddable":true,"href":"https:\/\/urologiabielsalorente.com\/ca\/wp-json\/wp\/v2\/pages\/2544"}],"wp:featuredmedia":[{"embeddable":true,"href":"https:\/\/urologiabielsalorente.com\/ca\/wp-json\/wp\/v2\/media\/3189"}],"wp:attachment":[{"href":"https:\/\/urologiabielsalorente.com\/ca\/wp-json\/wp\/v2\/media?parent=3194"}],"curies":[{"name":"wp","href":"https:\/\/api.w.org\/{rel}","templated":true}]}}