{"id":2635,"date":"2016-05-24T15:49:50","date_gmt":"2016-05-24T15:49:50","guid":{"rendered":"https:\/\/urologiabielsalorente.com\/proteccion-de-datos\/"},"modified":"2024-10-21T10:19:51","modified_gmt":"2024-10-21T10:19:51","slug":"proteccion-de-dades","status":"publish","type":"page","link":"https:\/\/urologiabielsalorente.com\/ca\/proteccion-de-dades\/","title":{"rendered":"Protecci\u00f3 de Dades"},"content":{"rendered":"<p>De conformitat amb el que disposa la Llei Org\u00e0nica 15\/1999, de 13 de desembre de Protecci\u00f3 de Dades de Car\u00e0cter Personal, us INFORMEM que les dades personals recollides en aquesta p\u00e0gina web ( nom i correu electr\u00f2nic) seran incorporades i tractades en un fitxer informatitzat la finalitat del qual \u00e9s enviar informaci\u00f3 i comentaris sobre els serveis proporcionats en aquesta p\u00e0gina web previ requeriment seu. Tamb\u00e9 us informem que es guardar\u00e0 la confidencialitat de les vostres dades i mai seran cedides ni emprades amb altres fins. Aquestes dades seran guardades per un per\u00edode m\u00e0xim de 3 anys. Tamb\u00e9 l&#8217;informem que es protegir\u00e0 la confidencialitat de les seves dades i mai seran cedides ni emprades amb altres fins. El destinatari i responsable del fitxer \u00e9s UroCumir SLP amb N.I.F. B65758591 i inscrita al registre de Societats Professionals del COMB amb el n\u00famero SP\/745. Podr\u00e0 exercir els drets d&#8217;acc\u00e9s, rectificaci\u00f3, cancel\u00b7laci\u00f3, oposici\u00f3, supressi\u00f3, limitaci\u00f3, portabilitat de les dades adre\u00e7ant-se a la seg\u00fcent adre\u00e7a: Rambla del Poblenou 135, 3-2 o b\u00e9 a l&#8217;adre\u00e7a email: <strong>info@urologiabielsalorente.com<\/strong> o al tel\u00e8fon <strong>93 238 16 05<\/strong><\/p>\n<p>Societat registrada al Registre de Societats del COMB SP\/745<\/p>\n","protected":false},"excerpt":{"rendered":"<p>De conformitat amb el que disposa la Llei Org\u00e0nica 15\/1999, de 13 de desembre de Protecci\u00f3 de Dades de Car\u00e0cter Personal, us INFORMEM que les dades personals recollides en aquesta p\u00e0gina web ( nom i correu electr\u00f2nic) seran incorporades i tractades en un fitxer informatitzat la finalitat del qual \u00e9s enviar informaci\u00f3 i comentaris sobre [&hellip;]<\/p>\n","protected":false},"author":1,"featured_media":0,"parent":0,"menu_order":15,"comment_status":"closed","ping_status":"closed","template":"","meta":{"_acf_changed":false,"inline_featured_image":false,"footnotes":""},"class_list":["post-2635","page","type-page","status-publish","hentry"],"acf":[],"yoast_head":"<!-- This site is optimized with the Yoast SEO plugin v27.4 - https:\/\/yoast.com\/product\/yoast-seo-wordpress\/ -->\n<title>Protecci\u00f3 de Dades - Urolog\u00eda Bielsa &amp; Lorente<\/title>\n<meta name=\"robots\" content=\"index, follow, max-snippet:-1, max-image-preview:large, max-video-preview:-1\" \/>\n<link rel=\"canonical\" href=\"https:\/\/urologiabielsalorente.com\/ca\/proteccion-de-dades\/\" \/>\n<meta property=\"og:locale\" content=\"ca_ES\" \/>\n<meta property=\"og:type\" content=\"article\" \/>\n<meta property=\"og:title\" content=\"Protecci\u00f3 de Dades - Urolog\u00eda Bielsa &amp; Lorente\" \/>\n<meta property=\"og:description\" content=\"De conformitat amb el que disposa la Llei Org\u00e0nica 15\/1999, de 13 de desembre de Protecci\u00f3 de Dades de Car\u00e0cter Personal, us INFORMEM que les dades personals recollides en aquesta p\u00e0gina web ( nom i correu electr\u00f2nic) seran incorporades i tractades en un fitxer informatitzat la finalitat del qual \u00e9s enviar informaci\u00f3 i comentaris sobre [&hellip;]\" \/>\n<meta property=\"og:url\" content=\"https:\/\/urologiabielsalorente.com\/ca\/proteccion-de-dades\/\" \/>\n<meta property=\"og:site_name\" content=\"Urolog\u00eda Bielsa &amp; Lorente\" \/>\n<meta property=\"article:modified_time\" content=\"2024-10-21T10:19:51+00:00\" \/>\n<meta name=\"twitter:card\" content=\"summary_large_image\" \/>\n<meta name=\"twitter:label1\" content=\"Est. reading time\" \/>\n\t<meta name=\"twitter:data1\" content=\"1 minute\" \/>\n<script type=\"application\/ld+json\" class=\"yoast-schema-graph\">{\"@context\":\"https:\\\/\\\/schema.org\",\"@graph\":[{\"@type\":\"WebPage\",\"@id\":\"https:\\\/\\\/urologiabielsalorente.com\\\/ca\\\/proteccion-de-dades\\\/\",\"url\":\"https:\\\/\\\/urologiabielsalorente.com\\\/ca\\\/proteccion-de-dades\\\/\",\"name\":\"Protecci\u00f3 de Dades - Urolog\u00eda Bielsa &amp; Lorente\",\"isPartOf\":{\"@id\":\"https:\\\/\\\/urologiabielsalorente.com\\\/ca\\\/#website\"},\"datePublished\":\"2016-05-24T15:49:50+00:00\",\"dateModified\":\"2024-10-21T10:19:51+00:00\",\"breadcrumb\":{\"@id\":\"https:\\\/\\\/urologiabielsalorente.com\\\/ca\\\/proteccion-de-dades\\\/#breadcrumb\"},\"inLanguage\":\"ca\",\"potentialAction\":[{\"@type\":\"ReadAction\",\"target\":[\"https:\\\/\\\/urologiabielsalorente.com\\\/ca\\\/proteccion-de-dades\\\/\"]}]},{\"@type\":\"BreadcrumbList\",\"@id\":\"https:\\\/\\\/urologiabielsalorente.com\\\/ca\\\/proteccion-de-dades\\\/#breadcrumb\",\"itemListElement\":[{\"@type\":\"ListItem\",\"position\":1,\"name\":\"Portada\",\"item\":\"https:\\\/\\\/urologiabielsalorente.com\\\/ca\\\/\"},{\"@type\":\"ListItem\",\"position\":2,\"name\":\"Protecci\u00f3 de Dades\"}]},{\"@type\":\"WebSite\",\"@id\":\"https:\\\/\\\/urologiabielsalorente.com\\\/ca\\\/#website\",\"url\":\"https:\\\/\\\/urologiabielsalorente.com\\\/ca\\\/\",\"name\":\"Urolog\u00eda Bielsa &amp; Lorente\",\"description\":\"Equipo oficial de Urolog\u00eda del Hospital Quir\u00f3n Salud de Barcelona\",\"publisher\":{\"@id\":\"https:\\\/\\\/urologiabielsalorente.com\\\/ca\\\/#organization\"},\"potentialAction\":[{\"@type\":\"SearchAction\",\"target\":{\"@type\":\"EntryPoint\",\"urlTemplate\":\"https:\\\/\\\/urologiabielsalorente.com\\\/ca\\\/?s={search_term_string}\"},\"query-input\":{\"@type\":\"PropertyValueSpecification\",\"valueRequired\":true,\"valueName\":\"search_term_string\"}}],\"inLanguage\":\"ca\"},{\"@type\":\"Organization\",\"@id\":\"https:\\\/\\\/urologiabielsalorente.com\\\/ca\\\/#organization\",\"name\":\"Urolog\u00eda Bielsa &amp; Lorente\",\"url\":\"https:\\\/\\\/urologiabielsalorente.com\\\/ca\\\/\",\"logo\":{\"@type\":\"ImageObject\",\"inLanguage\":\"ca\",\"@id\":\"https:\\\/\\\/urologiabielsalorente.com\\\/ca\\\/#\\\/schema\\\/logo\\\/image\\\/\",\"url\":\"https:\\\/\\\/urologiabielsalorente.com\\\/webielsa23\\\/wp-content\\\/uploads\\\/2014\\\/04\\\/solicionesPersonales1024-e1402499581900.jpg\",\"contentUrl\":\"https:\\\/\\\/urologiabielsalorente.com\\\/webielsa23\\\/wp-content\\\/uploads\\\/2014\\\/04\\\/solicionesPersonales1024-e1402499581900.jpg\",\"width\":1024,\"height\":570,\"caption\":\"Urolog\u00eda Bielsa &amp; Lorente\"},\"image\":{\"@id\":\"https:\\\/\\\/urologiabielsalorente.com\\\/ca\\\/#\\\/schema\\\/logo\\\/image\\\/\"},\"sameAs\":[\"https:\\\/\\\/www.linkedin.com\\\/company\\\/urologia-bielsa-lorente\\\/\"]}]}<\/script>\n<!-- \/ Yoast SEO plugin. -->","yoast_head_json":{"title":"Protecci\u00f3 de Dades - Urolog\u00eda Bielsa &amp; Lorente","robots":{"index":"index","follow":"follow","max-snippet":"max-snippet:-1","max-image-preview":"max-image-preview:large","max-video-preview":"max-video-preview:-1"},"canonical":"https:\/\/urologiabielsalorente.com\/ca\/proteccion-de-dades\/","og_locale":"ca_ES","og_type":"article","og_title":"Protecci\u00f3 de Dades - Urolog\u00eda Bielsa &amp; Lorente","og_description":"De conformitat amb el que disposa la Llei Org\u00e0nica 15\/1999, de 13 de desembre de Protecci\u00f3 de Dades de Car\u00e0cter Personal, us INFORMEM que les dades personals recollides en aquesta p\u00e0gina web ( nom i correu electr\u00f2nic) seran incorporades i tractades en un fitxer informatitzat la finalitat del qual \u00e9s enviar informaci\u00f3 i comentaris sobre [&hellip;]","og_url":"https:\/\/urologiabielsalorente.com\/ca\/proteccion-de-dades\/","og_site_name":"Urolog\u00eda Bielsa &amp; Lorente","article_modified_time":"2024-10-21T10:19:51+00:00","twitter_card":"summary_large_image","twitter_misc":{"Est. reading time":"1 minute"},"schema":{"@context":"https:\/\/schema.org","@graph":[{"@type":"WebPage","@id":"https:\/\/urologiabielsalorente.com\/ca\/proteccion-de-dades\/","url":"https:\/\/urologiabielsalorente.com\/ca\/proteccion-de-dades\/","name":"Protecci\u00f3 de Dades - Urolog\u00eda Bielsa &amp; Lorente","isPartOf":{"@id":"https:\/\/urologiabielsalorente.com\/ca\/#website"},"datePublished":"2016-05-24T15:49:50+00:00","dateModified":"2024-10-21T10:19:51+00:00","breadcrumb":{"@id":"https:\/\/urologiabielsalorente.com\/ca\/proteccion-de-dades\/#breadcrumb"},"inLanguage":"ca","potentialAction":[{"@type":"ReadAction","target":["https:\/\/urologiabielsalorente.com\/ca\/proteccion-de-dades\/"]}]},{"@type":"BreadcrumbList","@id":"https:\/\/urologiabielsalorente.com\/ca\/proteccion-de-dades\/#breadcrumb","itemListElement":[{"@type":"ListItem","position":1,"name":"Portada","item":"https:\/\/urologiabielsalorente.com\/ca\/"},{"@type":"ListItem","position":2,"name":"Protecci\u00f3 de Dades"}]},{"@type":"WebSite","@id":"https:\/\/urologiabielsalorente.com\/ca\/#website","url":"https:\/\/urologiabielsalorente.com\/ca\/","name":"Urolog\u00eda Bielsa &amp; Lorente","description":"Equipo oficial de Urolog\u00eda del Hospital Quir\u00f3n Salud de Barcelona","publisher":{"@id":"https:\/\/urologiabielsalorente.com\/ca\/#organization"},"potentialAction":[{"@type":"SearchAction","target":{"@type":"EntryPoint","urlTemplate":"https:\/\/urologiabielsalorente.com\/ca\/?s={search_term_string}"},"query-input":{"@type":"PropertyValueSpecification","valueRequired":true,"valueName":"search_term_string"}}],"inLanguage":"ca"},{"@type":"Organization","@id":"https:\/\/urologiabielsalorente.com\/ca\/#organization","name":"Urolog\u00eda Bielsa &amp; Lorente","url":"https:\/\/urologiabielsalorente.com\/ca\/","logo":{"@type":"ImageObject","inLanguage":"ca","@id":"https:\/\/urologiabielsalorente.com\/ca\/#\/schema\/logo\/image\/","url":"https:\/\/urologiabielsalorente.com\/webielsa23\/wp-content\/uploads\/2014\/04\/solicionesPersonales1024-e1402499581900.jpg","contentUrl":"https:\/\/urologiabielsalorente.com\/webielsa23\/wp-content\/uploads\/2014\/04\/solicionesPersonales1024-e1402499581900.jpg","width":1024,"height":570,"caption":"Urolog\u00eda Bielsa &amp; Lorente"},"image":{"@id":"https:\/\/urologiabielsalorente.com\/ca\/#\/schema\/logo\/image\/"},"sameAs":["https:\/\/www.linkedin.com\/company\/urologia-bielsa-lorente\/"]}]}},"_links":{"self":[{"href":"https:\/\/urologiabielsalorente.com\/ca\/wp-json\/wp\/v2\/pages\/2635","targetHints":{"allow":["GET"]}}],"collection":[{"href":"https:\/\/urologiabielsalorente.com\/ca\/wp-json\/wp\/v2\/pages"}],"about":[{"href":"https:\/\/urologiabielsalorente.com\/ca\/wp-json\/wp\/v2\/types\/page"}],"author":[{"embeddable":true,"href":"https:\/\/urologiabielsalorente.com\/ca\/wp-json\/wp\/v2\/users\/1"}],"replies":[{"embeddable":true,"href":"https:\/\/urologiabielsalorente.com\/ca\/wp-json\/wp\/v2\/comments?post=2635"}],"version-history":[{"count":4,"href":"https:\/\/urologiabielsalorente.com\/ca\/wp-json\/wp\/v2\/pages\/2635\/revisions"}],"predecessor-version":[{"id":3066,"href":"https:\/\/urologiabielsalorente.com\/ca\/wp-json\/wp\/v2\/pages\/2635\/revisions\/3066"}],"wp:attachment":[{"href":"https:\/\/urologiabielsalorente.com\/ca\/wp-json\/wp\/v2\/media?parent=2635"}],"curies":[{"name":"wp","href":"https:\/\/api.w.org\/{rel}","templated":true}]}}