{"id":2633,"date":"2014-07-01T14:10:53","date_gmt":"2014-07-01T14:10:53","guid":{"rendered":"https:\/\/urologiabielsalorente.com\/aviso-legal\/"},"modified":"2023-03-27T20:03:34","modified_gmt":"2023-03-27T20:03:34","slug":"avis-legal","status":"publish","type":"page","link":"https:\/\/urologiabielsalorente.com\/ca\/avis-legal\/","title":{"rendered":"Av\u00eds Legal"},"content":{"rendered":"<p>En compliment amb el deure informaci\u00f3 de la Llei 34\/2002 de Serveis de la Societat de la Informaci\u00f3 i de Comer\u00e7 Electr\u00f2nic d&#8217;Espanya, us informem que aquesta p\u00e0gina Web \u00e9s propietat de la societat UroCUMIR SLP, amb domicili al carrer RAMBLA DE POBLENOU 135, 3-2 amb NIF B65758591e inscrita al Registre de Societats Professionals del COMB amb el n\u00famero SP\/745. Per a qualsevol consulta o proposta, contacteu-nos per e-mail info@urologiabielsalorente.com o al tel\u00e8fon 93 238 16 05<\/p>\n<p>Que t\u00e9 la seva consulta registrada al Departament de Salut amb n\u00famero de registre H08000113 del Departament de Salut.<\/p>\n<p>En qualsevol moment podem modificar la presentaci\u00f3 i configuraci\u00f3 de la nostra Web, ampliar o reduir serveis, i fins i tot suprimir-la, tot aix\u00f2 de manera unilateral i sense av\u00eds previ.<\/p>\n<h3>ACC\u00c9S DELS USUARIS AL LLOC WEB<\/h3>\n<p>L&#8217;\u00fas d&#8217;aquesta p\u00e0gina web est\u00e0 subjecte a aquestes condicions d&#8217;\u00fas. Us preguem que les llegiu atentament. L&#8217;acc\u00e9s i\/o \u00fas de la mateixa implica que vost\u00e8 ha llegit i accepta expressament aquestes condicions. Si l&#8217;usuari no est\u00e0 d&#8217;acord amb aquestes condicions d&#8217;\u00fas, cal abstenir-se d&#8217;utilitzar aquest portal i operar-hi.<\/p>\n<p>L\u00b4acc\u00e9s a la nostra p\u00e0gina web \u00e9s gratu\u00eft. Tot i aix\u00f2, ens reservem el dret a oferir serveis que requereixin el registre previ de l&#8217;usuari aix\u00ed com, aix\u00ed com a oferir serveis no gratu\u00efts. En tot cas, aquests serveis quedaran degudament identificats a la web, amb f\u00e0cils indicacions per al seu registre i contractaci\u00f3.<\/p>\n<p>L&#8217;usuari es compromet a utilitzar el web de conformitat amb la llei espanyola, amb aquest Av\u00eds Legal, amb les Condicions Particulars dels Serveis i amb la resta d&#8217;avisos, reglaments d&#8217;\u00fas i instruccions que si s&#8217;hagin posat en el seu coneixement , aix\u00ed com amb la moral i els bons costums generalment acceptats i amb l&#8217;ordre p\u00fablic. L&#8217;acc\u00e9s es fa sota la pr\u00f2pia i exclusiva responsabilitat de l&#8217;usuari, que respondr\u00e0 en tot cas dels danys i perjudicis que pugui causar a tercers o b\u00e9 a nosaltres mateixos.<\/p>\n<p>L&#8217;usuari t\u00e9 expressament prohibit la utilitzaci\u00f3 i l&#8217;obtenci\u00f3 dels serveis i continguts oferts a la present p\u00e0gina web, per procediments diferents dels estipulats en aquestes condicions d&#8217;\u00fas, i si \u00e9s convenient en les condicions particulars que regulin l&#8217;adquisici\u00f3 de determinats serveis.<\/p>\n<p>L&#8217;usuari reconeix que ha ent\u00e8s la informaci\u00f3 sobre les condicions d&#8217;\u00fas de la nostra web i les accepta \u00edntegrament i expressament.<\/p>\n<h3>PROPIETAT INTEL\u00b7LECTUAL<\/h3>\n<p>Tots els continguts, textos, imatges, fitxers, codi font, estructura, disseny aix\u00ed com els programes d&#8217;ordinador utilitzats per a la seva creaci\u00f3 i posterior funcionament s\u00f3n propietat de \u2026. o s\u00f3n objecte de llic\u00e8ncia o de drets de propietat intel\u00b7lectual dels quals \u00e9s titular l&#8217;empresa Red032 i de tercers als quals s&#8217;han adquirit als seus drets d&#8217;explotaci\u00f3, i estan protegits pels drets de propietat intel\u00b7lectual i industrial.<\/p>\n<p>El contingut d&#8217;aquest lloc web no es podr\u00e0 reproduir, modificar, substituir, comunicar p\u00fablicament ni emmagatzemar sense autoritzaci\u00f3 pr\u00e8via d&#8217;UroCUMIR SLP<\/p>\n<p>L&#8217;\u00fas indegut d&#8217;aquest lloc web es pot considerar una infracci\u00f3 de les normes reguladores del copyright.<\/p>\n<h3>PROTECCI\u00d3 DE DADES PERSONALS<\/h3>\n<p>De conformitat amb la Llei Org\u00e0nica 15\/1999 de Protecci\u00f3 de Dades de Car\u00e0cter Personal (LOPD), i Reial Decret 1720\/2007 de desenvolupament de la LOPD UroCUMIR SLP informa a l&#8217;usuari que la utilitzaci\u00f3 de determinats serveis a la nostra p\u00e0gina web pot requerir que ens faciliti determinades dades personals a trav\u00e9s de formularis de registre o mitjan\u00e7ant l&#8217;enviament de missatges de correu electr\u00f2nic, i que aquests seran objecte de tractament i incorporats als fitxers del titular i responsable de la web amb l&#8217;exclusiva finalitat d&#8217;atendre les seves sol\u00b7licituds assistencials i de informaci\u00f3 plantejades\u2026 (enviament de correus publicitaris, cessi\u00f3 a tercers, \u2026) Us informem que no cedim ni comuniquem a cap tercer les dades, excepte en els casos legalment previstos, o que l&#8217;USUARI ens ho autoritzi expressament.<\/p>\n<p>L&#8217;enviament referit a les dades personals constitueix el consentiment expr\u00e9s al tractament de dades revocables i sense efectes retroactius.<\/p>\n<p>La informaci\u00f3 personal recollida dels usuaris registrats \u00e9s emmagatzemada en un fitxer de dades propietat d&#8217;UroCUMIR SLP que assumeix les mesures d&#8217;\u00edndole t\u00e8cnica, organitzativa i de seguretat que garanteixen la confidencialitat i la integritat de la informaci\u00f3 d&#8217;acord amb la llei.<\/p>\n<p>L&#8217;usuari respondr\u00e0, en qualsevol cas, de la veracitat de les dades facilitades, reservant UroCUMIR SLP el dret a excloure dels serveis registrats a tot aquell usuari que hagi facilitat dades falses, sense perjudici de la resta d&#8217;accions legals. L&#8217;usuari es compromet i es fa responsable de comptar amb els consentiments necessaris en cas que es facilitin dades de terceres persones.<\/p>\n<p>Les dades que us sol\u00b7licitem s\u00f3n les adequades, pertinents i estrictament necess\u00e0ries per a la finalitat per a la qual es recullen, i en cap cas est\u00e0 obligat a facilitar llevat que expressament s&#8217;indiquin que s\u00f3n preceptives pel servei prestat.<\/p>\n<p>L&#8217;usuari podr\u00e0 en qualsevol moment exercitar els drets d&#8217;acc\u00e9s, rectificaci\u00f3, cancel\u00b7laci\u00f3 i oposici\u00f3 reconeguts per la llei, aix\u00ed com el dret a revocar, si escau, la cessi\u00f3 de les vostres dades, mitjan\u00e7ant l&#8217;enviament d&#8217;un missatge per correu electr\u00f2nic a info@ urologiabielsalorente.com o d&#8217;una carta escrita i signada per correu ordinari a: amb domicili \u2026\u2026\u2026\u2026\u2026\u2026., en la qual ha de figurar el nom complet de l&#8217;usuari, domicili a l&#8217;efecte de notificacions, fotoc\u00f2pia del Document Nacional d&#8217;Identitat i descripci\u00f3 del dret exercitat.<\/p>\n<p>Considerem que si no cancel\u00b7la les seves dades personals expressament dels nostres fitxers, continua interessat a seguir incorporat als mateixos fins que UROCUMIR SLP ho consideri oport\u00fa i mentre segueixi sent adequat a la finalitat per a la qual es van obtenir.<\/p>\n<p>UROCUMIR SLP no es fa responsable de la pol\u00edtica de privadesa respecte a les dades personals que pugui facilitar a tercers per mitj\u00e0 d&#8217;enlla\u00e7os disponibles a la nostra p\u00e0gina web.<\/p>\n<p>UROCUMIR SLP pot modificar les presents pol\u00edtiques de privadesa per adaptar-les a les modificacions que es produeixin a la nostra web, aix\u00ed com modificacions legislatives o jurisprudencials sobre dades personals que vagin apareixent.<\/p>\n<h3>POL\u00cdTICA DE COOKIES<\/h3>\n<p>Aquest lloc web, com la majoria dels llocs web de la xarxa, utilitza galetes. A continuaci\u00f3 us oferim informaci\u00f3 sobre aquests fitxers i l&#8217;\u00fas que fem a http:\/\/urologiabielsalorente.com<\/p>\n<p>Una galeta \u00e9s un fitxer que es descarrega als ordinadors, m\u00f2bils, tauletes, o altres dispositius de l&#8217;usuari en accedir a determinades p\u00e0gines web. Les galetes permeten a una p\u00e0gina web, entre altres coses, emmagatzemar i recuperar informaci\u00f3 sobre els h\u00e0bits de navegaci\u00f3 d&#8217;un usuari o del seu equip. En algunes ocasions, i depenent de la informaci\u00f3 que continguin i de la manera com siguin utilitzades, es poden utilitzar per recon\u00e8ixer l&#8217;usuari.<\/p>\n<p>A www.cumir.es nom\u00e9s utilitzem cookies d&#8217;an\u00e0lisi, que s\u00f3n aquelles que ens permeten quantificar el nombre d&#8217;usuaris i aix\u00ed mesurar i fer an\u00e0lisi estad\u00edstica de la utilitzaci\u00f3 que fan del servei ofert. Per aix\u00f2 s&#8217;analitza la vostra navegaci\u00f3 a la nostra p\u00e0gina web amb la finalitat de millorar l&#8217;oferta de continguts que us oferim. Les dades estad\u00edstiques recopilades nom\u00e9s s\u00f3n utilitzades per part d&#8217;UROCUMIR SLP i no se cedeixen a tercers.<\/p>\n<p>Podeu permetre, bloquejar o eliminar les galetes instal\u00b7lades al vostre equip mitjan\u00e7ant la configuraci\u00f3 de les opcions del navegador del vostre ordinador o dispositiu m\u00f2bil. Si voleu m\u00e9s informaci\u00f3 o teniu algun dubte respecte a la nostra pol\u00edtica de cookies podeu contactar-nos a info@urologiabielsalorente.com<\/p>\n<h3>LIMITACI\u00d3 DE LA RESPONSABILITAT<\/h3>\n<p>Aquest lloc web t\u00e9 com a objectiu principal informar els usuaris i per aix\u00f2 els continguts del mateix s\u00f3n de car\u00e0cter informatiu i purament orientatius, per tant no han de ser considerats com a assessorament m\u00e8dic. En tot cas, i sota cap circumst\u00e0ncia, la informaci\u00f3 directament o indirectament accessible a trav\u00e9s d&#8217;aquesta p\u00e0gina no pot ser considerada un consell m\u00e8dic o prescripci\u00f3 facultativa, declinant UROCUMIR SLP tota responsabilitat per qualsevol tipus de conseq\u00fc\u00e8ncies directament o indirectament relacionades amb les accions o omissions que pugui dur a terme els visitants en funci\u00f3 de la interpretaci\u00f3 d&#8217;aquestes informacions.<\/p>\n<p>ATENCI\u00d3: L&#8217;ANTERIOR PAR\u00c0GRAF SER\u00c0 D&#8217;APLICACI\u00d3 EN CAS DE WEBS AMB CAR\u00c0CTER \u00daNICAMENT INFORMATIU. EN CASOS DE SER UNA WEB QUE OFEREIX PLATAFORMES DE COMUNICACI\u00d3 AMB PACIENTS S&#8217;HAUR\u00c0 D&#8217;ESTUDIAR DE MANERA ESPEC\u00cdFICA EL SEU CONTINGUT<\/p>\n<p>UROCUMIR SLP declina qualsevol responsabilitat respecte de la informaci\u00f3 que es trobi fora d&#8217;aquesta p\u00e0gina o del seu control i\/o de la qual no sigui autor, i no \u00e9s responsable, en particular, de l&#8217;actualitzaci\u00f3, correcci\u00f3 i\/o exactitud dels continguts a els quals tingui acc\u00e9s el visitant a trav\u00e9s d&#8217;aquesta p\u00e0gina web, aix\u00ed com de la seva legalitat i\/o idone\u00eftat.<\/p>\n<p>UROCUMIR SLP queda exonerat de responsabilitat per qualsevol reclamaci\u00f3 respecte als drets de propietat intel\u00b7lectual dels articles i imatges publicades al seu portal, aix\u00ed com, no garanteix l&#8217;exactitud, veracitat o vig\u00e8ncia dels continguts d&#8217;aquesta p\u00e0gina web, ja siguin propis, de tercers, o enlla\u00e7ats a altres llocs web, quedant totalment exonerada de qualsevol responsabilitat derivada d&#8217;\u00fas dels mateixos. UROCUMIR SLP queda exonerat de qualsevol responsabilitat derivada de qualsevol reclamaci\u00f3 per part de l&#8217;USUARI de les nostres condicions d&#8217;\u00fas, acc\u00e9s i pol\u00edtica de privadesa, o qualsevol altra reclamaci\u00f3 per incompliment de la legislaci\u00f3 vigent.<\/p>\n<p>Tampoc no es pot fer responsable UROCUMIR SLP de cap tipus de dany directament o indirectament relacionat amb l&#8217;\u00fas i\/o contingut dels enlla\u00e7os inclosos en aquesta p\u00e0gina. La inclusi\u00f3 d&#8217;un enlla\u00e7 en aquesta p\u00e0gina no es pot considerar una recomanaci\u00f3 d&#8217;UroCUMIR SLP als visitants; la decisi\u00f3 dutilitzar lenlla\u00e7 queda subjecta a la voluntat daquests darrers.<\/p>\n<p>La informaci\u00f3 continguda en aquesta web pot no ser correcta, malgrat els esfor\u00e7os realitzats per vetllar per si veracitat i actualitzaci\u00f3. En conseq\u00fc\u00e8ncia, UROCUMIR SLP no es responsabilitza dels errors continguts, ni pels danys o perjudicis derivats del seu \u00fas.<\/p>\n<p>UROCUMIR SLP es reserva el dret a modificar, actualitzar o suprimir qualsevol dels continguts de la web sense notificaci\u00f3 pr\u00e8via.<\/p>\n<p>UROCUMIR SLP no es responsabilitza dels danys i perjudicis ocasionats al sistema dels usuaris del lloc web, en no poder garantir la inexist\u00e8ncia de virus o d&#8217;altres elements lesius en els seus continguts.<\/p>\n<p>UROCUMIR SLP es reserva el dret d&#8217;exercitar les accions legals oportunes contra aquells usuaris que vulnerin les presents condicions generals d&#8217;\u00fas, acceptant l&#8217;usuari que la no iniciaci\u00f3 d&#8217;aquestes accions no constitueix una ren\u00fancia formal a les mateixes, romanent aquestes vigents fins als terminis de prescripci\u00f3 de les infraccions.<\/p>\n<h3>VIG\u00c8NCIA DE LES CONDICIONS LEGALS D&#8217;\u00daS<\/h3>\n<p>En qualsevol moment podem procedir a la seva modificaci\u00f3 sense av\u00eds previ. Per tant us recomanem que si us plau, comproveu la data d&#8217;emissi\u00f3 de cada ocasi\u00f3 que es connecti a la nostra p\u00e0gina web i aix\u00ed tindreu la certesa que no s&#8217;ha produ\u00eft cap modificaci\u00f3 que us afecti.<\/p>\n<p>Per a qualsevol q\u00fcesti\u00f3 respecte a les Condicions d&#8217;\u00das de la nostra p\u00e0gina web, podeu contactar amb nosaltres a les dades indicades en aquest av\u00eds.<\/p>\n","protected":false},"excerpt":{"rendered":"<p>En compliment amb el deure informaci\u00f3 de la Llei 34\/2002 de Serveis de la Societat de la Informaci\u00f3 i de Comer\u00e7 Electr\u00f2nic d&#8217;Espanya, us informem que aquesta p\u00e0gina Web \u00e9s propietat de la societat UroCUMIR SLP, amb domicili al carrer RAMBLA DE POBLENOU 135, 3-2 amb NIF B65758591e inscrita al Registre de Societats Professionals del [&hellip;]<\/p>\n","protected":false},"author":1,"featured_media":0,"parent":0,"menu_order":21,"comment_status":"closed","ping_status":"closed","template":"","meta":{"_acf_changed":false,"inline_featured_image":false,"footnotes":""},"class_list":["post-2633","page","type-page","status-publish","hentry"],"acf":[],"yoast_head":"<!-- This site is optimized with the Yoast SEO plugin v27.3 - https:\/\/yoast.com\/product\/yoast-seo-wordpress\/ -->\n<title>Av\u00eds Legal - Urolog\u00eda Bielsa &amp; Lorente<\/title>\n<meta name=\"robots\" content=\"index, follow, max-snippet:-1, max-image-preview:large, max-video-preview:-1\" \/>\n<link rel=\"canonical\" href=\"https:\/\/urologiabielsalorente.com\/ca\/avis-legal\/\" \/>\n<meta property=\"og:locale\" content=\"ca_ES\" \/>\n<meta property=\"og:type\" content=\"article\" \/>\n<meta property=\"og:title\" content=\"Av\u00eds Legal - Urolog\u00eda Bielsa &amp; Lorente\" \/>\n<meta property=\"og:description\" content=\"En compliment amb el deure informaci\u00f3 de la Llei 34\/2002 de Serveis de la Societat de la Informaci\u00f3 i de Comer\u00e7 Electr\u00f2nic d&#8217;Espanya, us informem que aquesta p\u00e0gina Web \u00e9s propietat de la societat UroCUMIR SLP, amb domicili al carrer RAMBLA DE POBLENOU 135, 3-2 amb NIF B65758591e inscrita al Registre de Societats Professionals del [&hellip;]\" \/>\n<meta property=\"og:url\" content=\"https:\/\/urologiabielsalorente.com\/ca\/avis-legal\/\" \/>\n<meta property=\"og:site_name\" content=\"Urolog\u00eda Bielsa &amp; Lorente\" \/>\n<meta property=\"article:modified_time\" content=\"2023-03-27T20:03:34+00:00\" \/>\n<meta name=\"twitter:card\" content=\"summary_large_image\" \/>\n<meta name=\"twitter:label1\" content=\"Est. reading time\" \/>\n\t<meta name=\"twitter:data1\" content=\"8 minutes\" \/>\n<script type=\"application\/ld+json\" class=\"yoast-schema-graph\">{\"@context\":\"https:\\\/\\\/schema.org\",\"@graph\":[{\"@type\":\"WebPage\",\"@id\":\"https:\\\/\\\/urologiabielsalorente.com\\\/ca\\\/avis-legal\\\/\",\"url\":\"https:\\\/\\\/urologiabielsalorente.com\\\/ca\\\/avis-legal\\\/\",\"name\":\"Av\u00eds Legal - Urolog\u00eda Bielsa &amp; Lorente\",\"isPartOf\":{\"@id\":\"https:\\\/\\\/urologiabielsalorente.com\\\/ca\\\/#website\"},\"datePublished\":\"2014-07-01T14:10:53+00:00\",\"dateModified\":\"2023-03-27T20:03:34+00:00\",\"breadcrumb\":{\"@id\":\"https:\\\/\\\/urologiabielsalorente.com\\\/ca\\\/avis-legal\\\/#breadcrumb\"},\"inLanguage\":\"ca\",\"potentialAction\":[{\"@type\":\"ReadAction\",\"target\":[\"https:\\\/\\\/urologiabielsalorente.com\\\/ca\\\/avis-legal\\\/\"]}]},{\"@type\":\"BreadcrumbList\",\"@id\":\"https:\\\/\\\/urologiabielsalorente.com\\\/ca\\\/avis-legal\\\/#breadcrumb\",\"itemListElement\":[{\"@type\":\"ListItem\",\"position\":1,\"name\":\"Portada\",\"item\":\"https:\\\/\\\/urologiabielsalorente.com\\\/ca\\\/\"},{\"@type\":\"ListItem\",\"position\":2,\"name\":\"Av\u00eds Legal\"}]},{\"@type\":\"WebSite\",\"@id\":\"https:\\\/\\\/urologiabielsalorente.com\\\/ca\\\/#website\",\"url\":\"https:\\\/\\\/urologiabielsalorente.com\\\/ca\\\/\",\"name\":\"Urolog\u00eda Bielsa &amp; Lorente\",\"description\":\"Equipo oficial de Urolog\u00eda del Hospital Quir\u00f3n Salud de Barcelona\",\"publisher\":{\"@id\":\"https:\\\/\\\/urologiabielsalorente.com\\\/ca\\\/#organization\"},\"potentialAction\":[{\"@type\":\"SearchAction\",\"target\":{\"@type\":\"EntryPoint\",\"urlTemplate\":\"https:\\\/\\\/urologiabielsalorente.com\\\/ca\\\/?s={search_term_string}\"},\"query-input\":{\"@type\":\"PropertyValueSpecification\",\"valueRequired\":true,\"valueName\":\"search_term_string\"}}],\"inLanguage\":\"ca\"},{\"@type\":\"Organization\",\"@id\":\"https:\\\/\\\/urologiabielsalorente.com\\\/ca\\\/#organization\",\"name\":\"Urolog\u00eda Bielsa &amp; Lorente\",\"url\":\"https:\\\/\\\/urologiabielsalorente.com\\\/ca\\\/\",\"logo\":{\"@type\":\"ImageObject\",\"inLanguage\":\"ca\",\"@id\":\"https:\\\/\\\/urologiabielsalorente.com\\\/ca\\\/#\\\/schema\\\/logo\\\/image\\\/\",\"url\":\"https:\\\/\\\/urologiabielsalorente.com\\\/webielsa23\\\/wp-content\\\/uploads\\\/2014\\\/04\\\/solicionesPersonales1024-e1402499581900.jpg\",\"contentUrl\":\"https:\\\/\\\/urologiabielsalorente.com\\\/webielsa23\\\/wp-content\\\/uploads\\\/2014\\\/04\\\/solicionesPersonales1024-e1402499581900.jpg\",\"width\":1024,\"height\":570,\"caption\":\"Urolog\u00eda Bielsa &amp; Lorente\"},\"image\":{\"@id\":\"https:\\\/\\\/urologiabielsalorente.com\\\/ca\\\/#\\\/schema\\\/logo\\\/image\\\/\"},\"sameAs\":[\"https:\\\/\\\/www.linkedin.com\\\/company\\\/urologia-bielsa-lorente\\\/\"]}]}<\/script>\n<!-- \/ Yoast SEO plugin. -->","yoast_head_json":{"title":"Av\u00eds Legal - Urolog\u00eda Bielsa &amp; Lorente","robots":{"index":"index","follow":"follow","max-snippet":"max-snippet:-1","max-image-preview":"max-image-preview:large","max-video-preview":"max-video-preview:-1"},"canonical":"https:\/\/urologiabielsalorente.com\/ca\/avis-legal\/","og_locale":"ca_ES","og_type":"article","og_title":"Av\u00eds Legal - Urolog\u00eda Bielsa &amp; Lorente","og_description":"En compliment amb el deure informaci\u00f3 de la Llei 34\/2002 de Serveis de la Societat de la Informaci\u00f3 i de Comer\u00e7 Electr\u00f2nic d&#8217;Espanya, us informem que aquesta p\u00e0gina Web \u00e9s propietat de la societat UroCUMIR SLP, amb domicili al carrer RAMBLA DE POBLENOU 135, 3-2 amb NIF B65758591e inscrita al Registre de Societats Professionals del [&hellip;]","og_url":"https:\/\/urologiabielsalorente.com\/ca\/avis-legal\/","og_site_name":"Urolog\u00eda Bielsa &amp; Lorente","article_modified_time":"2023-03-27T20:03:34+00:00","twitter_card":"summary_large_image","twitter_misc":{"Est. reading time":"8 minutes"},"schema":{"@context":"https:\/\/schema.org","@graph":[{"@type":"WebPage","@id":"https:\/\/urologiabielsalorente.com\/ca\/avis-legal\/","url":"https:\/\/urologiabielsalorente.com\/ca\/avis-legal\/","name":"Av\u00eds Legal - Urolog\u00eda Bielsa &amp; Lorente","isPartOf":{"@id":"https:\/\/urologiabielsalorente.com\/ca\/#website"},"datePublished":"2014-07-01T14:10:53+00:00","dateModified":"2023-03-27T20:03:34+00:00","breadcrumb":{"@id":"https:\/\/urologiabielsalorente.com\/ca\/avis-legal\/#breadcrumb"},"inLanguage":"ca","potentialAction":[{"@type":"ReadAction","target":["https:\/\/urologiabielsalorente.com\/ca\/avis-legal\/"]}]},{"@type":"BreadcrumbList","@id":"https:\/\/urologiabielsalorente.com\/ca\/avis-legal\/#breadcrumb","itemListElement":[{"@type":"ListItem","position":1,"name":"Portada","item":"https:\/\/urologiabielsalorente.com\/ca\/"},{"@type":"ListItem","position":2,"name":"Av\u00eds Legal"}]},{"@type":"WebSite","@id":"https:\/\/urologiabielsalorente.com\/ca\/#website","url":"https:\/\/urologiabielsalorente.com\/ca\/","name":"Urolog\u00eda Bielsa &amp; Lorente","description":"Equipo oficial de Urolog\u00eda del Hospital Quir\u00f3n Salud de Barcelona","publisher":{"@id":"https:\/\/urologiabielsalorente.com\/ca\/#organization"},"potentialAction":[{"@type":"SearchAction","target":{"@type":"EntryPoint","urlTemplate":"https:\/\/urologiabielsalorente.com\/ca\/?s={search_term_string}"},"query-input":{"@type":"PropertyValueSpecification","valueRequired":true,"valueName":"search_term_string"}}],"inLanguage":"ca"},{"@type":"Organization","@id":"https:\/\/urologiabielsalorente.com\/ca\/#organization","name":"Urolog\u00eda Bielsa &amp; Lorente","url":"https:\/\/urologiabielsalorente.com\/ca\/","logo":{"@type":"ImageObject","inLanguage":"ca","@id":"https:\/\/urologiabielsalorente.com\/ca\/#\/schema\/logo\/image\/","url":"https:\/\/urologiabielsalorente.com\/webielsa23\/wp-content\/uploads\/2014\/04\/solicionesPersonales1024-e1402499581900.jpg","contentUrl":"https:\/\/urologiabielsalorente.com\/webielsa23\/wp-content\/uploads\/2014\/04\/solicionesPersonales1024-e1402499581900.jpg","width":1024,"height":570,"caption":"Urolog\u00eda Bielsa &amp; Lorente"},"image":{"@id":"https:\/\/urologiabielsalorente.com\/ca\/#\/schema\/logo\/image\/"},"sameAs":["https:\/\/www.linkedin.com\/company\/urologia-bielsa-lorente\/"]}]}},"_links":{"self":[{"href":"https:\/\/urologiabielsalorente.com\/ca\/wp-json\/wp\/v2\/pages\/2633","targetHints":{"allow":["GET"]}}],"collection":[{"href":"https:\/\/urologiabielsalorente.com\/ca\/wp-json\/wp\/v2\/pages"}],"about":[{"href":"https:\/\/urologiabielsalorente.com\/ca\/wp-json\/wp\/v2\/types\/page"}],"author":[{"embeddable":true,"href":"https:\/\/urologiabielsalorente.com\/ca\/wp-json\/wp\/v2\/users\/1"}],"replies":[{"embeddable":true,"href":"https:\/\/urologiabielsalorente.com\/ca\/wp-json\/wp\/v2\/comments?post=2633"}],"version-history":[{"count":6,"href":"https:\/\/urologiabielsalorente.com\/ca\/wp-json\/wp\/v2\/pages\/2633\/revisions"}],"predecessor-version":[{"id":2834,"href":"https:\/\/urologiabielsalorente.com\/ca\/wp-json\/wp\/v2\/pages\/2633\/revisions\/2834"}],"wp:attachment":[{"href":"https:\/\/urologiabielsalorente.com\/ca\/wp-json\/wp\/v2\/media?parent=2633"}],"curies":[{"name":"wp","href":"https:\/\/api.w.org\/{rel}","templated":true}]}}