{"id":2629,"date":"2014-04-29T13:44:06","date_gmt":"2014-04-29T13:44:06","guid":{"rendered":"https:\/\/urologiabielsalorente.com\/guia-paciente-urologia-barcelona\/"},"modified":"2023-03-27T19:53:26","modified_gmt":"2023-03-27T19:53:26","slug":"guia-pacient-urologia-barcelona","status":"publish","type":"page","link":"https:\/\/urologiabielsalorente.com\/ca\/guia-pacient-urologia-barcelona\/","title":{"rendered":"Guia d\u2019atenci\u00f3 al pacient"},"content":{"rendered":"\n<p class=\"has-text-align-left\">A Urologia Bielsa&amp;Lorente volem que la vostra experi\u00e8ncia amb nosaltres sigui la m\u00e9s satisfact\u00f2ria possible. Per aix\u00f2, a trav\u00e9s d&#8217;aquesta guia rebreu tota la informaci\u00f3 necess\u00e0ria per a accedir als serveis que ofereix el nostre equip.<\/p>\n\n\n\n<div class=\"wp-block-cover has-custom-content-position is-position-center-left\" style=\"min-height:328px;aspect-ratio:unset;\" id=\"consultas\"><span aria-hidden=\"true\" class=\"wp-block-cover__background has-background-dim-100 has-background-dim wp-block-cover__gradient-background has-background-gradient\" style=\"background:linear-gradient(91deg,rgb(255,255,255) 17%,rgba(255,255,255,0) 100%)\"><\/span><img loading=\"lazy\" decoding=\"async\" width=\"1024\" height=\"684\" class=\"wp-block-cover__image-background wp-image-2187\" alt=\"\" src=\"https:\/\/urologiabielsalorente.com\/webielsa23\/wp-content\/uploads\/2023\/01\/pacientes-1.jpg\" style=\"object-position:58% 32%\" data-object-fit=\"cover\" data-object-position=\"58% 32%\" srcset=\"https:\/\/urologiabielsalorente.com\/webielsa23\/wp-content\/uploads\/2023\/01\/pacientes-1.jpg 1024w, https:\/\/urologiabielsalorente.com\/webielsa23\/wp-content\/uploads\/2023\/01\/pacientes-1-300x200.jpg 300w, https:\/\/urologiabielsalorente.com\/webielsa23\/wp-content\/uploads\/2023\/01\/pacientes-1-768x513.jpg 768w\" sizes=\"auto, (max-width: 1024px) 100vw, 1024px\" \/><div class=\"wp-block-cover__inner-container is-layout-flow wp-block-cover-is-layout-flow\">\n<p class=\"has-text-align-left has-black-color has-text-color\" style=\"font-size:22px\">CONSULTES EXTERNES<\/p>\n<\/div><\/div>\n\n\n\n<div class=\"wp-block-columns is-layout-flex wp-container-core-columns-is-layout-9d6595d7 wp-block-columns-is-layout-flex\">\n<div class=\"wp-block-column is-layout-flow wp-block-column-is-layout-flow\">\n<p>L&#8217;\u00e0rea de Consultes Externes es troba a la planta -1, on se situen tant les consultes com les sales d&#8217;espera i les sales d&#8217;exploracions complement\u00e0ries.<br>El personal administratiu us facilitar\u00e0 tots els tr\u00e0mits concernents a l&#8217;assist\u00e8ncia a la consulta, des de la programaci\u00f3 d&#8217;exploracions fins a la programaci\u00f3 de les visites successives i a les autoritzacions de les m\u00fatues.<\/p>\n<\/div>\n\n\n\n<div class=\"wp-block-column is-layout-flow wp-block-column-is-layout-flow\">\n<p>L&#8217;ingr\u00e9s es realitza des del departament d&#8217;Admissions, des d&#8217;on us orientaran sobre el circuit a seguir. Els quir\u00f2fans es troben a la planta -2 de l&#8217;hospital.<\/p>\n<\/div>\n<\/div>\n\n\n\n<div class=\"wp-block-cover has-custom-content-position is-position-center-right\" style=\"min-height:328px;aspect-ratio:unset;\" id=\"ingreso\"><span aria-hidden=\"true\" class=\"wp-block-cover__background has-background-dim-100 has-background-dim wp-block-cover__gradient-background has-background-gradient\" style=\"background:linear-gradient(92deg,rgba(255,255,255,0) 0%,rgb(255,255,255) 65%,rgb(255,255,255) 100%)\"><\/span><img loading=\"lazy\" decoding=\"async\" width=\"700\" height=\"467\" class=\"wp-block-cover__image-background wp-image-2020\" alt=\"\" src=\"https:\/\/urologiabielsalorente.com\/webielsa23\/wp-content\/uploads\/2023\/01\/urologiabielsalorente-paciente-2.jpg\" data-object-fit=\"cover\" srcset=\"https:\/\/urologiabielsalorente.com\/webielsa23\/wp-content\/uploads\/2023\/01\/urologiabielsalorente-paciente-2.jpg 700w, https:\/\/urologiabielsalorente.com\/webielsa23\/wp-content\/uploads\/2023\/01\/urologiabielsalorente-paciente-2-300x200.jpg 300w\" sizes=\"auto, (max-width: 700px) 100vw, 700px\" \/><div class=\"wp-block-cover__inner-container is-layout-flow wp-block-cover-is-layout-flow\">\n<p class=\"has-text-align-right has-black-color has-text-color\" style=\"font-size:22px\">INGR\u00c9S DEL PACIENT QUIR\u00daRGIC<\/p>\n<\/div><\/div>\n\n\n\n<div class=\"wp-block-columns is-layout-flex wp-container-core-columns-is-layout-9d6595d7 wp-block-columns-is-layout-flex\">\n<div class=\"wp-block-column is-layout-flow wp-block-column-is-layout-flow\">\n<p>En cas que necessiteu una intervenci\u00f3 quir\u00fargica, el vostre metge s&#8217;encarregar\u00e0 d&#8217;explicar-vos, a la consulta, tots els detalls relacionats amb la vostra intervenci\u00f3, aix\u00ed com els detalls de l&#8217;ingr\u00e9s.<\/p>\n\n\n\n<p>Per a realitzar l&#8217;ingr\u00e9s, haureu d&#8217;aportar:<\/p>\n\n\n\n<ul class=\"wp-block-list\">\n<li>Autoritzaci\u00f3 de la m\u00fatua<\/li>\n\n\n\n<li>Consentiment informat de l&#8217;acte quir\u00fargic<\/li>\n\n\n\n<li>Preoperatori revisat pel facultatiu<\/li>\n\n\n\n<li>Document Nacional d&#8217;Identitat<\/li>\n\n\n\n<li>Acceptaci\u00f3 i signatura del pressupost sol\u00b7licitat des de la consulta (nom\u00e9s en el cas de pacients privats)<\/li>\n<\/ul>\n<\/div>\n\n\n\n<div class=\"wp-block-column is-layout-flow wp-block-column-is-layout-flow\">\n<p>Conclosa la cirurgia, el pacient passa a la Unitat de Reanimaci\u00f3 Postquir\u00fargica, on romandr\u00e0 fins que es decideixi el seu trasllat a la planta d&#8217;hospitalitzaci\u00f3 o l&#8217;alta domicili\u00e0ria (en cas de cirurgia ambulat\u00f2ria). Els acompanyants del pacient seran informats per un metge del nostre equip del resultat de la intervenci\u00f3 una vegada hagi concl\u00f2s, per la qual cosa es prega que estiguin localitzables a l&#8217;habitaci\u00f3 o al n\u00famero de tel\u00e8fon facilitat.<\/p>\n<\/div>\n<\/div>\n\n\n\n<div class=\"wp-block-cover has-custom-content-position is-position-center-left\" style=\"min-height:287px;aspect-ratio:unset;\" id=\"estancia\"><span aria-hidden=\"true\" class=\"wp-block-cover__background has-background-dim-100 has-background-dim wp-block-cover__gradient-background has-background-gradient\" style=\"background:linear-gradient(91deg,rgb(255,255,255) 20%,rgba(255,255,255,0) 100%)\"><\/span><img loading=\"lazy\" decoding=\"async\" width=\"700\" height=\"467\" class=\"wp-block-cover__image-background wp-image-2022\" alt=\"\" src=\"https:\/\/urologiabielsalorente.com\/webielsa23\/wp-content\/uploads\/2023\/01\/urologiabielsalorente-paciente-3.jpg\" data-object-fit=\"cover\" srcset=\"https:\/\/urologiabielsalorente.com\/webielsa23\/wp-content\/uploads\/2023\/01\/urologiabielsalorente-paciente-3.jpg 700w, https:\/\/urologiabielsalorente.com\/webielsa23\/wp-content\/uploads\/2023\/01\/urologiabielsalorente-paciente-3-300x200.jpg 300w\" sizes=\"auto, (max-width: 700px) 100vw, 700px\" \/><div class=\"wp-block-cover__inner-container is-layout-flow wp-block-cover-is-layout-flow\">\n<p class=\"has-text-align-left has-black-color has-text-color\" style=\"font-size:22px\">ESTADA HOSPITAL\u00c0RIA<\/p>\n<\/div><\/div>\n\n\n\n<div class=\"wp-block-columns is-layout-flex wp-container-core-columns-is-layout-9d6595d7 wp-block-columns-is-layout-flex\">\n<div class=\"wp-block-column is-layout-flow wp-block-column-is-layout-flow\">\n<p>Al moment de l&#8217;ingr\u00e9s, el personal d&#8217;infermeria us far\u00e0 una entrevista on podreu notificar el vostre historial, donar informaci\u00f3 sobre el procediment terap\u00e8utic i recollir tota la documentaci\u00f3 aportada. La medicaci\u00f3, les cures i el tractament seran aplicats pel personal d&#8217;infermeria durant tot el proc\u00e9s.<\/p>\n<\/div>\n\n\n\n<div class=\"wp-block-column is-layout-flow wp-block-column-is-layout-flow\">\n<p>Durant la vostra estada amb nosaltres sereu atesos per un equip de professionals que us ajudar\u00e0 a millorar el vostre estat de salut.<\/p>\n\n\n\n<p>El metge \u00e9s l&#8217;\u00fanica persona autoritzada per a informar-vos, a vosaltres i als vostres acompanyants, sobre l&#8217;evoluci\u00f3. L&#8217;equip m\u00e8dic passa visita di\u00e0riament, inclosos els caps de setmana.<\/p>\n<\/div>\n<\/div>\n\n\n\n<div class=\"wp-block-cover\" style=\"min-height:179px;aspect-ratio:unset;\" id=\"alta\"><span aria-hidden=\"true\" class=\"wp-block-cover__background has-background-dim-100 has-background-dim wp-block-cover__gradient-background has-background-gradient\" style=\"background:linear-gradient(90deg,rgba(255,255,255,0.21) 0%,rgb(255,255,255) 85%)\"><\/span><img loading=\"lazy\" decoding=\"async\" width=\"700\" height=\"467\" class=\"wp-block-cover__image-background wp-image-2024\" alt=\"\" src=\"https:\/\/urologiabielsalorente.com\/webielsa23\/wp-content\/uploads\/2023\/01\/urologiabielsalorente-paciente-4.jpg\" data-object-fit=\"cover\" srcset=\"https:\/\/urologiabielsalorente.com\/webielsa23\/wp-content\/uploads\/2023\/01\/urologiabielsalorente-paciente-4.jpg 700w, https:\/\/urologiabielsalorente.com\/webielsa23\/wp-content\/uploads\/2023\/01\/urologiabielsalorente-paciente-4-300x200.jpg 300w\" sizes=\"auto, (max-width: 700px) 100vw, 700px\" \/><div class=\"wp-block-cover__inner-container is-layout-flow wp-block-cover-is-layout-flow\">\n<p class=\"has-text-align-right has-black-color has-text-color\" style=\"font-size:22px\">DIA DE L&#8217;ALTA<\/p>\n<\/div><\/div>\n\n\n\n<div class=\"wp-block-columns is-layout-flex wp-container-core-columns-is-layout-9d6595d7 wp-block-columns-is-layout-flex\">\n<div class=\"wp-block-column is-layout-flow wp-block-column-is-layout-flow\">\n<p>L&#8217;equip m\u00e8dic ser\u00e0 qui decideixi el moment de l&#8217;alta, que, per norma general, se li notificar\u00e0 al pacient el dia anterior. D&#8217;aquesta manera, i tret que el cas precisi el contrari, el pacient podr\u00e0 abandonar el centre el dia de l&#8217;alta abans de les 10:00 hores.<\/p>\n\n\n\n<p>En el moment de l&#8217;alta, se li lliurar\u00e0 sempre un informe amb l&#8217;evoluci\u00f3 del proc\u00e9s i el tractament a seguir. Llegiu-lo b\u00e9, revisant el tractament, les recomanacions i la dieta prescrita, aix\u00ed com la data de la seg\u00fcent consulta.<\/p>\n<\/div>\n\n\n\n<div class=\"wp-block-column is-layout-flow wp-block-column-is-layout-flow\">\n<p>El personal d&#8217;infermeria us facilitar\u00e0 tota la informaci\u00f3 relativa a les cures al domicili.<\/p>\n\n\n\n<p><em><em>Despr\u00e9s de la notificaci\u00f3 de l&#8217;alta, comuniqueu-ho al personal de planta, que us indicar\u00e0 com tramitar-la administrativament.<\/em><\/em><\/p>\n<\/div>\n<\/div>\n","protected":false},"excerpt":{"rendered":"<p>A Urologia Bielsa&amp;Lorente volem que la vostra experi\u00e8ncia amb nosaltres sigui la m\u00e9s satisfact\u00f2ria possible. Per aix\u00f2, a trav\u00e9s d&#8217;aquesta guia rebreu tota la informaci\u00f3 necess\u00e0ria per a accedir als serveis que ofereix el nostre equip. L&#8217;\u00e0rea de Consultes Externes es troba a la planta -1, on se situen tant les consultes com les sales [&hellip;]<\/p>\n","protected":false},"author":1,"featured_media":0,"parent":0,"menu_order":8,"comment_status":"closed","ping_status":"closed","template":"","meta":{"_acf_changed":false,"inline_featured_image":false,"footnotes":""},"class_list":["post-2629","page","type-page","status-publish","hentry"],"acf":[],"yoast_head":"<!-- This site is optimized with the Yoast SEO plugin v27.4 - https:\/\/yoast.com\/product\/yoast-seo-wordpress\/ -->\n<title>Guia d\u2019atenci\u00f3 al pacient - Urolog\u00eda Bielsa &amp; Lorente<\/title>\n<meta name=\"robots\" content=\"index, follow, max-snippet:-1, max-image-preview:large, max-video-preview:-1\" \/>\n<link rel=\"canonical\" href=\"https:\/\/urologiabielsalorente.com\/ca\/guia-pacient-urologia-barcelona\/\" \/>\n<meta property=\"og:locale\" content=\"ca_ES\" \/>\n<meta property=\"og:type\" content=\"article\" \/>\n<meta property=\"og:title\" content=\"Guia d\u2019atenci\u00f3 al pacient - Urolog\u00eda Bielsa &amp; Lorente\" \/>\n<meta property=\"og:description\" content=\"A Urologia Bielsa&amp;Lorente volem que la vostra experi\u00e8ncia amb nosaltres sigui la m\u00e9s satisfact\u00f2ria possible. Per aix\u00f2, a trav\u00e9s d&#8217;aquesta guia rebreu tota la informaci\u00f3 necess\u00e0ria per a accedir als serveis que ofereix el nostre equip. L&#8217;\u00e0rea de Consultes Externes es troba a la planta -1, on se situen tant les consultes com les sales [&hellip;]\" \/>\n<meta property=\"og:url\" content=\"https:\/\/urologiabielsalorente.com\/ca\/guia-pacient-urologia-barcelona\/\" \/>\n<meta property=\"og:site_name\" content=\"Urolog\u00eda Bielsa &amp; Lorente\" \/>\n<meta property=\"article:modified_time\" content=\"2023-03-27T19:53:26+00:00\" \/>\n<meta property=\"og:image\" content=\"https:\/\/urologiabielsalorente.com\/webielsa23\/wp-content\/uploads\/2023\/01\/pacientes-1.jpg\" \/>\n<meta name=\"twitter:card\" content=\"summary_large_image\" \/>\n<meta name=\"twitter:label1\" content=\"Est. reading time\" \/>\n\t<meta name=\"twitter:data1\" content=\"4 minutes\" \/>\n<script type=\"application\/ld+json\" class=\"yoast-schema-graph\">{\"@context\":\"https:\\\/\\\/schema.org\",\"@graph\":[{\"@type\":\"WebPage\",\"@id\":\"https:\\\/\\\/urologiabielsalorente.com\\\/ca\\\/guia-pacient-urologia-barcelona\\\/\",\"url\":\"https:\\\/\\\/urologiabielsalorente.com\\\/ca\\\/guia-pacient-urologia-barcelona\\\/\",\"name\":\"Guia d\u2019atenci\u00f3 al pacient - Urolog\u00eda Bielsa &amp; Lorente\",\"isPartOf\":{\"@id\":\"https:\\\/\\\/urologiabielsalorente.com\\\/ca\\\/#website\"},\"primaryImageOfPage\":{\"@id\":\"https:\\\/\\\/urologiabielsalorente.com\\\/ca\\\/guia-pacient-urologia-barcelona\\\/#primaryimage\"},\"image\":{\"@id\":\"https:\\\/\\\/urologiabielsalorente.com\\\/ca\\\/guia-pacient-urologia-barcelona\\\/#primaryimage\"},\"thumbnailUrl\":\"https:\\\/\\\/urologiabielsalorente.com\\\/webielsa23\\\/wp-content\\\/uploads\\\/2023\\\/01\\\/pacientes-1.jpg\",\"datePublished\":\"2014-04-29T13:44:06+00:00\",\"dateModified\":\"2023-03-27T19:53:26+00:00\",\"breadcrumb\":{\"@id\":\"https:\\\/\\\/urologiabielsalorente.com\\\/ca\\\/guia-pacient-urologia-barcelona\\\/#breadcrumb\"},\"inLanguage\":\"ca\",\"potentialAction\":[{\"@type\":\"ReadAction\",\"target\":[\"https:\\\/\\\/urologiabielsalorente.com\\\/ca\\\/guia-pacient-urologia-barcelona\\\/\"]}]},{\"@type\":\"ImageObject\",\"inLanguage\":\"ca\",\"@id\":\"https:\\\/\\\/urologiabielsalorente.com\\\/ca\\\/guia-pacient-urologia-barcelona\\\/#primaryimage\",\"url\":\"https:\\\/\\\/urologiabielsalorente.com\\\/webielsa23\\\/wp-content\\\/uploads\\\/2023\\\/01\\\/pacientes-1.jpg\",\"contentUrl\":\"https:\\\/\\\/urologiabielsalorente.com\\\/webielsa23\\\/wp-content\\\/uploads\\\/2023\\\/01\\\/pacientes-1.jpg\"},{\"@type\":\"BreadcrumbList\",\"@id\":\"https:\\\/\\\/urologiabielsalorente.com\\\/ca\\\/guia-pacient-urologia-barcelona\\\/#breadcrumb\",\"itemListElement\":[{\"@type\":\"ListItem\",\"position\":1,\"name\":\"Portada\",\"item\":\"https:\\\/\\\/urologiabielsalorente.com\\\/ca\\\/\"},{\"@type\":\"ListItem\",\"position\":2,\"name\":\"Guia d\u2019atenci\u00f3 al pacient\"}]},{\"@type\":\"WebSite\",\"@id\":\"https:\\\/\\\/urologiabielsalorente.com\\\/ca\\\/#website\",\"url\":\"https:\\\/\\\/urologiabielsalorente.com\\\/ca\\\/\",\"name\":\"Urolog\u00eda Bielsa &amp; Lorente\",\"description\":\"Equipo oficial de Urolog\u00eda del Hospital Quir\u00f3n Salud de Barcelona\",\"publisher\":{\"@id\":\"https:\\\/\\\/urologiabielsalorente.com\\\/ca\\\/#organization\"},\"potentialAction\":[{\"@type\":\"SearchAction\",\"target\":{\"@type\":\"EntryPoint\",\"urlTemplate\":\"https:\\\/\\\/urologiabielsalorente.com\\\/ca\\\/?s={search_term_string}\"},\"query-input\":{\"@type\":\"PropertyValueSpecification\",\"valueRequired\":true,\"valueName\":\"search_term_string\"}}],\"inLanguage\":\"ca\"},{\"@type\":\"Organization\",\"@id\":\"https:\\\/\\\/urologiabielsalorente.com\\\/ca\\\/#organization\",\"name\":\"Urolog\u00eda Bielsa &amp; Lorente\",\"url\":\"https:\\\/\\\/urologiabielsalorente.com\\\/ca\\\/\",\"logo\":{\"@type\":\"ImageObject\",\"inLanguage\":\"ca\",\"@id\":\"https:\\\/\\\/urologiabielsalorente.com\\\/ca\\\/#\\\/schema\\\/logo\\\/image\\\/\",\"url\":\"https:\\\/\\\/urologiabielsalorente.com\\\/webielsa23\\\/wp-content\\\/uploads\\\/2014\\\/04\\\/solicionesPersonales1024-e1402499581900.jpg\",\"contentUrl\":\"https:\\\/\\\/urologiabielsalorente.com\\\/webielsa23\\\/wp-content\\\/uploads\\\/2014\\\/04\\\/solicionesPersonales1024-e1402499581900.jpg\",\"width\":1024,\"height\":570,\"caption\":\"Urolog\u00eda Bielsa &amp; Lorente\"},\"image\":{\"@id\":\"https:\\\/\\\/urologiabielsalorente.com\\\/ca\\\/#\\\/schema\\\/logo\\\/image\\\/\"},\"sameAs\":[\"https:\\\/\\\/www.linkedin.com\\\/company\\\/urologia-bielsa-lorente\\\/\"]}]}<\/script>\n<!-- \/ Yoast SEO plugin. -->","yoast_head_json":{"title":"Guia d\u2019atenci\u00f3 al pacient - Urolog\u00eda Bielsa &amp; Lorente","robots":{"index":"index","follow":"follow","max-snippet":"max-snippet:-1","max-image-preview":"max-image-preview:large","max-video-preview":"max-video-preview:-1"},"canonical":"https:\/\/urologiabielsalorente.com\/ca\/guia-pacient-urologia-barcelona\/","og_locale":"ca_ES","og_type":"article","og_title":"Guia d\u2019atenci\u00f3 al pacient - Urolog\u00eda Bielsa &amp; Lorente","og_description":"A Urologia Bielsa&amp;Lorente volem que la vostra experi\u00e8ncia amb nosaltres sigui la m\u00e9s satisfact\u00f2ria possible. Per aix\u00f2, a trav\u00e9s d&#8217;aquesta guia rebreu tota la informaci\u00f3 necess\u00e0ria per a accedir als serveis que ofereix el nostre equip. L&#8217;\u00e0rea de Consultes Externes es troba a la planta -1, on se situen tant les consultes com les sales [&hellip;]","og_url":"https:\/\/urologiabielsalorente.com\/ca\/guia-pacient-urologia-barcelona\/","og_site_name":"Urolog\u00eda Bielsa &amp; Lorente","article_modified_time":"2023-03-27T19:53:26+00:00","og_image":[{"url":"https:\/\/urologiabielsalorente.com\/webielsa23\/wp-content\/uploads\/2023\/01\/pacientes-1.jpg","type":"","width":"","height":""}],"twitter_card":"summary_large_image","twitter_misc":{"Est. reading time":"4 minutes"},"schema":{"@context":"https:\/\/schema.org","@graph":[{"@type":"WebPage","@id":"https:\/\/urologiabielsalorente.com\/ca\/guia-pacient-urologia-barcelona\/","url":"https:\/\/urologiabielsalorente.com\/ca\/guia-pacient-urologia-barcelona\/","name":"Guia d\u2019atenci\u00f3 al pacient - Urolog\u00eda Bielsa &amp; Lorente","isPartOf":{"@id":"https:\/\/urologiabielsalorente.com\/ca\/#website"},"primaryImageOfPage":{"@id":"https:\/\/urologiabielsalorente.com\/ca\/guia-pacient-urologia-barcelona\/#primaryimage"},"image":{"@id":"https:\/\/urologiabielsalorente.com\/ca\/guia-pacient-urologia-barcelona\/#primaryimage"},"thumbnailUrl":"https:\/\/urologiabielsalorente.com\/webielsa23\/wp-content\/uploads\/2023\/01\/pacientes-1.jpg","datePublished":"2014-04-29T13:44:06+00:00","dateModified":"2023-03-27T19:53:26+00:00","breadcrumb":{"@id":"https:\/\/urologiabielsalorente.com\/ca\/guia-pacient-urologia-barcelona\/#breadcrumb"},"inLanguage":"ca","potentialAction":[{"@type":"ReadAction","target":["https:\/\/urologiabielsalorente.com\/ca\/guia-pacient-urologia-barcelona\/"]}]},{"@type":"ImageObject","inLanguage":"ca","@id":"https:\/\/urologiabielsalorente.com\/ca\/guia-pacient-urologia-barcelona\/#primaryimage","url":"https:\/\/urologiabielsalorente.com\/webielsa23\/wp-content\/uploads\/2023\/01\/pacientes-1.jpg","contentUrl":"https:\/\/urologiabielsalorente.com\/webielsa23\/wp-content\/uploads\/2023\/01\/pacientes-1.jpg"},{"@type":"BreadcrumbList","@id":"https:\/\/urologiabielsalorente.com\/ca\/guia-pacient-urologia-barcelona\/#breadcrumb","itemListElement":[{"@type":"ListItem","position":1,"name":"Portada","item":"https:\/\/urologiabielsalorente.com\/ca\/"},{"@type":"ListItem","position":2,"name":"Guia d\u2019atenci\u00f3 al pacient"}]},{"@type":"WebSite","@id":"https:\/\/urologiabielsalorente.com\/ca\/#website","url":"https:\/\/urologiabielsalorente.com\/ca\/","name":"Urolog\u00eda Bielsa &amp; Lorente","description":"Equipo oficial de Urolog\u00eda del Hospital Quir\u00f3n Salud de Barcelona","publisher":{"@id":"https:\/\/urologiabielsalorente.com\/ca\/#organization"},"potentialAction":[{"@type":"SearchAction","target":{"@type":"EntryPoint","urlTemplate":"https:\/\/urologiabielsalorente.com\/ca\/?s={search_term_string}"},"query-input":{"@type":"PropertyValueSpecification","valueRequired":true,"valueName":"search_term_string"}}],"inLanguage":"ca"},{"@type":"Organization","@id":"https:\/\/urologiabielsalorente.com\/ca\/#organization","name":"Urolog\u00eda Bielsa &amp; Lorente","url":"https:\/\/urologiabielsalorente.com\/ca\/","logo":{"@type":"ImageObject","inLanguage":"ca","@id":"https:\/\/urologiabielsalorente.com\/ca\/#\/schema\/logo\/image\/","url":"https:\/\/urologiabielsalorente.com\/webielsa23\/wp-content\/uploads\/2014\/04\/solicionesPersonales1024-e1402499581900.jpg","contentUrl":"https:\/\/urologiabielsalorente.com\/webielsa23\/wp-content\/uploads\/2014\/04\/solicionesPersonales1024-e1402499581900.jpg","width":1024,"height":570,"caption":"Urolog\u00eda Bielsa &amp; Lorente"},"image":{"@id":"https:\/\/urologiabielsalorente.com\/ca\/#\/schema\/logo\/image\/"},"sameAs":["https:\/\/www.linkedin.com\/company\/urologia-bielsa-lorente\/"]}]}},"_links":{"self":[{"href":"https:\/\/urologiabielsalorente.com\/ca\/wp-json\/wp\/v2\/pages\/2629","targetHints":{"allow":["GET"]}}],"collection":[{"href":"https:\/\/urologiabielsalorente.com\/ca\/wp-json\/wp\/v2\/pages"}],"about":[{"href":"https:\/\/urologiabielsalorente.com\/ca\/wp-json\/wp\/v2\/types\/page"}],"author":[{"embeddable":true,"href":"https:\/\/urologiabielsalorente.com\/ca\/wp-json\/wp\/v2\/users\/1"}],"replies":[{"embeddable":true,"href":"https:\/\/urologiabielsalorente.com\/ca\/wp-json\/wp\/v2\/comments?post=2629"}],"version-history":[{"count":4,"href":"https:\/\/urologiabielsalorente.com\/ca\/wp-json\/wp\/v2\/pages\/2629\/revisions"}],"predecessor-version":[{"id":2746,"href":"https:\/\/urologiabielsalorente.com\/ca\/wp-json\/wp\/v2\/pages\/2629\/revisions\/2746"}],"wp:attachment":[{"href":"https:\/\/urologiabielsalorente.com\/ca\/wp-json\/wp\/v2\/media?parent=2629"}],"curies":[{"name":"wp","href":"https:\/\/api.w.org\/{rel}","templated":true}]}}