{"id":2626,"date":"2014-04-29T13:44:06","date_gmt":"2014-04-29T13:44:06","guid":{"rendered":"https:\/\/urologiabielsalorente.com\/por-que-elegirnos\/"},"modified":"2023-05-19T20:41:39","modified_gmt":"2023-05-19T20:41:39","slug":"per-que-escollir-nos","status":"publish","type":"page","link":"https:\/\/urologiabielsalorente.com\/ca\/per-que-escollir-nos\/","title":{"rendered":"Per qu\u00e8 escollir-nos?"},"content":{"rendered":"\n<p class=\"has-text-align-left\">El nostre equip va n\u00e9ixer de la uni\u00f3 d&#8217;un grup d&#8217;ur\u00f2legs cl\u00ednics que, sensibles a la necessitat de canvi en l&#8217;assist\u00e8ncia sanit\u00e0ria en el sector privat, ens associem per a oferir una atenci\u00f3 urol\u00f2gica especialitzada, integral i de la m\u00e0xima qualitat. Posse\u00efm formaci\u00f3 via MIR i una \u00e0mplia experi\u00e8ncia professional en el sector p\u00fablic i privat. La nostra traject\u00f2ria ens avala. Executem la nostra activitat privada exclusivament a l&#8217;<a href=\"https:\/\/www.quironsalud.es\/hospital-barcelona\" target=\"_blank\" rel=\"noreferrer noopener\"><strong>Hospital Quir\u00f3nsalud Barcelona<\/strong><\/a><strong>,<\/strong> del qual som l&#8217;equip oficial d&#8217;urologia.<\/p>\n\n\n\n<div class=\"wp-block-cover has-custom-content-position is-position-center-left\" style=\"min-height:215px;aspect-ratio:unset;\" id=\"mision\"><span aria-hidden=\"true\" class=\"wp-block-cover__background has-background-dim-100 has-background-dim wp-block-cover__gradient-background has-background-gradient\" style=\"background:linear-gradient(91deg,rgb(255,255,255) 16%,rgba(255,255,255,0) 100%)\"><\/span><img loading=\"lazy\" decoding=\"async\" width=\"700\" height=\"467\" class=\"wp-block-cover__image-background wp-image-2145\" alt=\"\" src=\"https:\/\/urologiabielsalorente.com\/webielsa23\/wp-content\/uploads\/2023\/01\/bielsalorente-porque-elegirnos-1.jpg\" data-object-fit=\"cover\" srcset=\"https:\/\/urologiabielsalorente.com\/webielsa23\/wp-content\/uploads\/2023\/01\/bielsalorente-porque-elegirnos-1.jpg 700w, https:\/\/urologiabielsalorente.com\/webielsa23\/wp-content\/uploads\/2023\/01\/bielsalorente-porque-elegirnos-1-300x200.jpg 300w\" sizes=\"auto, (max-width: 700px) 100vw, 700px\" \/><div class=\"wp-block-cover__inner-container is-layout-flow wp-block-cover-is-layout-flow\">\n<p class=\"has-text-align-left has-black-color has-text-color\" style=\"font-size:22px\">LA NOSTRA MISSI\u00d3, VISI\u00d3 I VALORS<\/p>\n<\/div><\/div>\n\n\n\n<div class=\"wp-block-columns is-layout-flex wp-container-core-columns-is-layout-9d6595d7 wp-block-columns-is-layout-flex\">\n<div class=\"wp-block-column is-layout-flow wp-block-column-is-layout-flow\">\n<p><strong>\u2013 Missi\u00f3:<\/strong> solucionar tots els problemes urol\u00f2gics oferint serveis sanitaris d&#8217;excel\u00b7l\u00e8ncia amb el pacient com a centre de la nostra atenci\u00f3.<\/p>\n\n\n\n<p><strong>\u2013 Visi\u00f3:<\/strong> conformar un equip d&#8217;urologia de refer\u00e8ncia amb projecci\u00f3 de futur, l\u00edder en solucions innovadores i que incorpori les noves tecnologies disponibles.<\/p>\n\n\n\n<p><\/p>\n<\/div>\n\n\n\n<div class=\"wp-block-column is-layout-flow wp-block-column-is-layout-flow\">\n<p><strong>\u2013 Valors:<\/strong> els nostres valors s\u00f3n les bases que sostenen la nostra manera d&#8217;actuar i treballar. Expliquen com entenem la nostra especialitat i com ens relacionem amb els nostres pacients. El primer s\u00f3n les persones.<\/p>\n\n\n\n<p>Ens distingeix tamb\u00e9 el treball en equip, la humanitat, la compet\u00e8ncia professional, l&#8217;atenci\u00f3 personalitzada i la innovaci\u00f3.<\/p>\n<\/div>\n<\/div>\n\n\n\n<div class=\"wp-block-cover has-custom-content-position is-position-center-right\" style=\"min-height:246px;aspect-ratio:unset;\" id=\"actividad\"><span aria-hidden=\"true\" class=\"wp-block-cover__background has-background-dim-100 has-background-dim wp-block-cover__gradient-background has-background-gradient\" style=\"background:linear-gradient(92deg,rgba(255,255,255,0) 0%,rgb(255,255,255) 65%,rgb(255,255,255) 100%)\"><\/span><img loading=\"lazy\" decoding=\"async\" width=\"700\" height=\"467\" class=\"wp-block-cover__image-background wp-image-2147\" alt=\"\" src=\"https:\/\/urologiabielsalorente.com\/webielsa23\/wp-content\/uploads\/2023\/01\/bielsalorente-porque-elegirnos-2.jpg\" data-object-fit=\"cover\" srcset=\"https:\/\/urologiabielsalorente.com\/webielsa23\/wp-content\/uploads\/2023\/01\/bielsalorente-porque-elegirnos-2.jpg 700w, https:\/\/urologiabielsalorente.com\/webielsa23\/wp-content\/uploads\/2023\/01\/bielsalorente-porque-elegirnos-2-300x200.jpg 300w\" sizes=\"auto, (max-width: 700px) 100vw, 700px\" \/><div class=\"wp-block-cover__inner-container is-layout-flow wp-block-cover-is-layout-flow\">\n<p class=\"has-text-align-right has-black-color has-text-color\" style=\"font-size:22px\">SERVEI D&#8217;UROLOGIA <br>AMB ACTIVITAT HOSPITAL\u00c0RIA I DOCENT<\/p>\n<\/div><\/div>\n\n\n\n<div class=\"wp-block-columns is-layout-flex wp-container-core-columns-is-layout-9d6595d7 wp-block-columns-is-layout-flex\">\n<div class=\"wp-block-column is-layout-flow wp-block-column-is-layout-flow\">\n<p>&#8211; Servei oficial de l&#8217;<a href=\"https:\/\/www.quironsalud.es\/hospital-barcelona\" target=\"_blank\" rel=\"noreferrer noopener\">Hospital Quir\u00f3nsalud Barcelona<\/a> amb atenci\u00f3 permanent (365\/7\/24)<\/p>\n\n\n\n<p>&#8211; Professors i docents de la <a href=\"https:\/\/www.uic.es\/\" target=\"_blank\" rel=\"noreferrer noopener\">Universitat Internacional de Catalunya<\/a> (UIC), la <a href=\"https:\/\/www.uab.cat\/\" target=\"_blank\" rel=\"noreferrer noopener\">Universitat Aut\u00f2noma de Barcelona<\/a> (UAB) y la <a href=\"https:\/\/www.upf.edu\/\" target=\"_blank\" rel=\"noreferrer noopener\">Universitat Pompeu Fabra<\/a> (UPF)&nbsp;<\/p>\n<\/div>\n\n\n\n<div class=\"wp-block-column is-layout-flow wp-block-column-is-layout-flow\">\n<p>&#8211; Membres a HQB de:<\/p>\n\n\n\n<ul class=\"wp-block-list\">\n<li>Comit\u00e8 d\u2019uro-oncologia<\/li>\n\n\n\n<li>Comit\u00e8 d&#8217;infeccions intrahospital\u00e0ries<\/li>\n\n\n\n<li>Comissi\u00f3 de programaci\u00f3 quir\u00fargica<\/li>\n\n\n\n<li>Comissi\u00f3 de seguretat del pacient<\/li>\n<\/ul>\n\n\n\n<p><\/p>\n<\/div>\n<\/div>\n\n\n\n<div class=\"wp-block-cover has-custom-content-position is-position-center-left\" style=\"min-height:191px;aspect-ratio:unset;\" id=\"calidad\"><span aria-hidden=\"true\" class=\"wp-block-cover__background has-background-dim-100 has-background-dim wp-block-cover__gradient-background has-background-gradient\" style=\"background:linear-gradient(91deg,rgb(255,255,255) 15%,rgba(255,255,255,0) 100%)\"><\/span><img loading=\"lazy\" decoding=\"async\" width=\"700\" height=\"467\" class=\"wp-block-cover__image-background wp-image-2149\" alt=\"\" src=\"https:\/\/urologiabielsalorente.com\/webielsa23\/wp-content\/uploads\/2023\/01\/bielsalorente-porque-elegirnos-3.jpg\" data-object-fit=\"cover\" srcset=\"https:\/\/urologiabielsalorente.com\/webielsa23\/wp-content\/uploads\/2023\/01\/bielsalorente-porque-elegirnos-3.jpg 700w, https:\/\/urologiabielsalorente.com\/webielsa23\/wp-content\/uploads\/2023\/01\/bielsalorente-porque-elegirnos-3-300x200.jpg 300w\" sizes=\"auto, (max-width: 700px) 100vw, 700px\" \/><div class=\"wp-block-cover__inner-container is-layout-flow wp-block-cover-is-layout-flow\">\n<p class=\"has-text-align-left has-black-color has-text-color\" style=\"font-size:22px\">ATENCI\u00d3 DE QUALITAT<\/p>\n<\/div><\/div>\n\n\n\n<div class=\"wp-block-columns is-layout-flex wp-container-core-columns-is-layout-9d6595d7 wp-block-columns-is-layout-flex\">\n<div class=\"wp-block-column is-layout-flow wp-block-column-is-layout-flow\">\n<p>&#8211; Servei amb est\u00e0ndard de qualitat Joint <br><a href=\"https:\/\/www.jointcommissioninternational.org\/\" target=\"_blank\" rel=\"noreferrer noopener\"><em>Joint Commission International (JCI)<\/em><\/a><\/p>\n\n\n\n<p>&#8211; Hist\u00f2ria cl\u00ednica digitalitzada accessible des de l\u2019App<\/p>\n<\/div>\n\n\n\n<div class=\"wp-block-column is-layout-flow wp-block-column-is-layout-flow\">\n<p>&#8211; Indicadors de qualitat hospital\u00e0ria monitorats per la instituci\u00f3 (HQB)<\/p>\n<\/div>\n<\/div>\n\n\n\n<div class=\"wp-block-cover is-light\" style=\"min-height:179px;aspect-ratio:unset;\" id=\"medios\"><span aria-hidden=\"true\" class=\"wp-block-cover__background has-background-dim wp-block-cover__gradient-background has-background-gradient\" style=\"background:linear-gradient(90deg,rgba(255,255,255,0.21) 0%,rgb(255,255,255) 85%)\"><\/span><img loading=\"lazy\" decoding=\"async\" width=\"700\" height=\"467\" class=\"wp-block-cover__image-background wp-image-2151\" alt=\"\" src=\"https:\/\/urologiabielsalorente.com\/webielsa23\/wp-content\/uploads\/2023\/01\/bielsalorente-porque-elegirnos-4.jpg\" data-object-fit=\"cover\" srcset=\"https:\/\/urologiabielsalorente.com\/webielsa23\/wp-content\/uploads\/2023\/01\/bielsalorente-porque-elegirnos-4.jpg 700w, https:\/\/urologiabielsalorente.com\/webielsa23\/wp-content\/uploads\/2023\/01\/bielsalorente-porque-elegirnos-4-300x200.jpg 300w\" sizes=\"auto, (max-width: 700px) 100vw, 700px\" \/><div class=\"wp-block-cover__inner-container is-layout-flow wp-block-cover-is-layout-flow\">\n<p class=\"has-text-align-right has-black-color has-text-color\" style=\"font-size:22px\">UROLOG\u00cdA BIELSA-LORENTE <br>ALS MITJANS<\/p>\n<\/div><\/div>\n\n\n\n<p><br><\/p>\n\n\n\n<div class=\"wp-block-columns is-layout-flex wp-container-core-columns-is-layout-9d6595d7 wp-block-columns-is-layout-flex\">\n<div class=\"wp-block-column is-layout-flow wp-block-column-is-layout-flow\">\n<p><a href=\"https:\/\/urologiabielsalorente.com\/webielsa23\/publicaciones-en-los-medios\/\"><strong><em>UROLOGIA BIELSA-LORENTE ALS MITJANS \u25e2<\/em><\/strong><\/a><\/p>\n<\/div>\n\n\n\n<div class=\"wp-block-column is-layout-flow wp-block-column-is-layout-flow\">\n<p><\/p>\n<\/div>\n<\/div>\n","protected":false},"excerpt":{"rendered":"<p>El nostre equip va n\u00e9ixer de la uni\u00f3 d&#8217;un grup d&#8217;ur\u00f2legs cl\u00ednics que, sensibles a la necessitat de canvi en l&#8217;assist\u00e8ncia sanit\u00e0ria en el sector privat, ens associem per a oferir una atenci\u00f3 urol\u00f2gica especialitzada, integral i de la m\u00e0xima qualitat. Posse\u00efm formaci\u00f3 via MIR i una \u00e0mplia experi\u00e8ncia professional en el sector p\u00fablic i [&hellip;]<\/p>\n","protected":false},"author":1,"featured_media":0,"parent":0,"menu_order":4,"comment_status":"closed","ping_status":"closed","template":"","meta":{"_acf_changed":false,"inline_featured_image":false,"footnotes":""},"class_list":["post-2626","page","type-page","status-publish","hentry"],"acf":[],"yoast_head":"<!-- This site is optimized with the Yoast SEO plugin v27.4 - https:\/\/yoast.com\/product\/yoast-seo-wordpress\/ -->\n<title>Per qu\u00e8 escollir-nos? - Urolog\u00eda Bielsa &amp; Lorente<\/title>\n<meta name=\"robots\" content=\"index, follow, max-snippet:-1, max-image-preview:large, max-video-preview:-1\" \/>\n<link rel=\"canonical\" href=\"https:\/\/urologiabielsalorente.com\/ca\/per-que-escollir-nos\/\" \/>\n<meta property=\"og:locale\" content=\"ca_ES\" \/>\n<meta property=\"og:type\" content=\"article\" \/>\n<meta property=\"og:title\" content=\"Per qu\u00e8 escollir-nos? - Urolog\u00eda Bielsa &amp; Lorente\" \/>\n<meta property=\"og:description\" content=\"El nostre equip va n\u00e9ixer de la uni\u00f3 d&#8217;un grup d&#8217;ur\u00f2legs cl\u00ednics que, sensibles a la necessitat de canvi en l&#8217;assist\u00e8ncia sanit\u00e0ria en el sector privat, ens associem per a oferir una atenci\u00f3 urol\u00f2gica especialitzada, integral i de la m\u00e0xima qualitat. Posse\u00efm formaci\u00f3 via MIR i una \u00e0mplia experi\u00e8ncia professional en el sector p\u00fablic i [&hellip;]\" \/>\n<meta property=\"og:url\" content=\"https:\/\/urologiabielsalorente.com\/ca\/per-que-escollir-nos\/\" \/>\n<meta property=\"og:site_name\" content=\"Urolog\u00eda Bielsa &amp; Lorente\" \/>\n<meta property=\"article:modified_time\" content=\"2023-05-19T20:41:39+00:00\" \/>\n<meta property=\"og:image\" content=\"https:\/\/urologiabielsalorente.com\/webielsa23\/wp-content\/uploads\/2023\/01\/bielsalorente-porque-elegirnos-1.jpg\" \/>\n<meta name=\"twitter:card\" content=\"summary_large_image\" \/>\n<meta name=\"twitter:label1\" content=\"Est. reading time\" \/>\n\t<meta name=\"twitter:data1\" content=\"3 minutes\" \/>\n<script type=\"application\/ld+json\" class=\"yoast-schema-graph\">{\"@context\":\"https:\\\/\\\/schema.org\",\"@graph\":[{\"@type\":\"WebPage\",\"@id\":\"https:\\\/\\\/urologiabielsalorente.com\\\/ca\\\/per-que-escollir-nos\\\/\",\"url\":\"https:\\\/\\\/urologiabielsalorente.com\\\/ca\\\/per-que-escollir-nos\\\/\",\"name\":\"Per qu\u00e8 escollir-nos? - Urolog\u00eda Bielsa &amp; Lorente\",\"isPartOf\":{\"@id\":\"https:\\\/\\\/urologiabielsalorente.com\\\/ca\\\/#website\"},\"primaryImageOfPage\":{\"@id\":\"https:\\\/\\\/urologiabielsalorente.com\\\/ca\\\/per-que-escollir-nos\\\/#primaryimage\"},\"image\":{\"@id\":\"https:\\\/\\\/urologiabielsalorente.com\\\/ca\\\/per-que-escollir-nos\\\/#primaryimage\"},\"thumbnailUrl\":\"https:\\\/\\\/urologiabielsalorente.com\\\/webielsa23\\\/wp-content\\\/uploads\\\/2023\\\/01\\\/bielsalorente-porque-elegirnos-1.jpg\",\"datePublished\":\"2014-04-29T13:44:06+00:00\",\"dateModified\":\"2023-05-19T20:41:39+00:00\",\"breadcrumb\":{\"@id\":\"https:\\\/\\\/urologiabielsalorente.com\\\/ca\\\/per-que-escollir-nos\\\/#breadcrumb\"},\"inLanguage\":\"ca\",\"potentialAction\":[{\"@type\":\"ReadAction\",\"target\":[\"https:\\\/\\\/urologiabielsalorente.com\\\/ca\\\/per-que-escollir-nos\\\/\"]}]},{\"@type\":\"ImageObject\",\"inLanguage\":\"ca\",\"@id\":\"https:\\\/\\\/urologiabielsalorente.com\\\/ca\\\/per-que-escollir-nos\\\/#primaryimage\",\"url\":\"https:\\\/\\\/urologiabielsalorente.com\\\/webielsa23\\\/wp-content\\\/uploads\\\/2023\\\/01\\\/bielsalorente-porque-elegirnos-1.jpg\",\"contentUrl\":\"https:\\\/\\\/urologiabielsalorente.com\\\/webielsa23\\\/wp-content\\\/uploads\\\/2023\\\/01\\\/bielsalorente-porque-elegirnos-1.jpg\"},{\"@type\":\"BreadcrumbList\",\"@id\":\"https:\\\/\\\/urologiabielsalorente.com\\\/ca\\\/per-que-escollir-nos\\\/#breadcrumb\",\"itemListElement\":[{\"@type\":\"ListItem\",\"position\":1,\"name\":\"Portada\",\"item\":\"https:\\\/\\\/urologiabielsalorente.com\\\/ca\\\/\"},{\"@type\":\"ListItem\",\"position\":2,\"name\":\"Per qu\u00e8 escollir-nos?\"}]},{\"@type\":\"WebSite\",\"@id\":\"https:\\\/\\\/urologiabielsalorente.com\\\/ca\\\/#website\",\"url\":\"https:\\\/\\\/urologiabielsalorente.com\\\/ca\\\/\",\"name\":\"Urolog\u00eda Bielsa &amp; Lorente\",\"description\":\"Equipo oficial de Urolog\u00eda del Hospital Quir\u00f3n Salud de Barcelona\",\"publisher\":{\"@id\":\"https:\\\/\\\/urologiabielsalorente.com\\\/ca\\\/#organization\"},\"potentialAction\":[{\"@type\":\"SearchAction\",\"target\":{\"@type\":\"EntryPoint\",\"urlTemplate\":\"https:\\\/\\\/urologiabielsalorente.com\\\/ca\\\/?s={search_term_string}\"},\"query-input\":{\"@type\":\"PropertyValueSpecification\",\"valueRequired\":true,\"valueName\":\"search_term_string\"}}],\"inLanguage\":\"ca\"},{\"@type\":\"Organization\",\"@id\":\"https:\\\/\\\/urologiabielsalorente.com\\\/ca\\\/#organization\",\"name\":\"Urolog\u00eda Bielsa &amp; Lorente\",\"url\":\"https:\\\/\\\/urologiabielsalorente.com\\\/ca\\\/\",\"logo\":{\"@type\":\"ImageObject\",\"inLanguage\":\"ca\",\"@id\":\"https:\\\/\\\/urologiabielsalorente.com\\\/ca\\\/#\\\/schema\\\/logo\\\/image\\\/\",\"url\":\"https:\\\/\\\/urologiabielsalorente.com\\\/webielsa23\\\/wp-content\\\/uploads\\\/2014\\\/04\\\/solicionesPersonales1024-e1402499581900.jpg\",\"contentUrl\":\"https:\\\/\\\/urologiabielsalorente.com\\\/webielsa23\\\/wp-content\\\/uploads\\\/2014\\\/04\\\/solicionesPersonales1024-e1402499581900.jpg\",\"width\":1024,\"height\":570,\"caption\":\"Urolog\u00eda Bielsa &amp; Lorente\"},\"image\":{\"@id\":\"https:\\\/\\\/urologiabielsalorente.com\\\/ca\\\/#\\\/schema\\\/logo\\\/image\\\/\"},\"sameAs\":[\"https:\\\/\\\/www.linkedin.com\\\/company\\\/urologia-bielsa-lorente\\\/\"]}]}<\/script>\n<!-- \/ Yoast SEO plugin. -->","yoast_head_json":{"title":"Per qu\u00e8 escollir-nos? - Urolog\u00eda Bielsa &amp; Lorente","robots":{"index":"index","follow":"follow","max-snippet":"max-snippet:-1","max-image-preview":"max-image-preview:large","max-video-preview":"max-video-preview:-1"},"canonical":"https:\/\/urologiabielsalorente.com\/ca\/per-que-escollir-nos\/","og_locale":"ca_ES","og_type":"article","og_title":"Per qu\u00e8 escollir-nos? - Urolog\u00eda Bielsa &amp; Lorente","og_description":"El nostre equip va n\u00e9ixer de la uni\u00f3 d&#8217;un grup d&#8217;ur\u00f2legs cl\u00ednics que, sensibles a la necessitat de canvi en l&#8217;assist\u00e8ncia sanit\u00e0ria en el sector privat, ens associem per a oferir una atenci\u00f3 urol\u00f2gica especialitzada, integral i de la m\u00e0xima qualitat. Posse\u00efm formaci\u00f3 via MIR i una \u00e0mplia experi\u00e8ncia professional en el sector p\u00fablic i [&hellip;]","og_url":"https:\/\/urologiabielsalorente.com\/ca\/per-que-escollir-nos\/","og_site_name":"Urolog\u00eda Bielsa &amp; Lorente","article_modified_time":"2023-05-19T20:41:39+00:00","og_image":[{"url":"https:\/\/urologiabielsalorente.com\/webielsa23\/wp-content\/uploads\/2023\/01\/bielsalorente-porque-elegirnos-1.jpg","type":"","width":"","height":""}],"twitter_card":"summary_large_image","twitter_misc":{"Est. reading time":"3 minutes"},"schema":{"@context":"https:\/\/schema.org","@graph":[{"@type":"WebPage","@id":"https:\/\/urologiabielsalorente.com\/ca\/per-que-escollir-nos\/","url":"https:\/\/urologiabielsalorente.com\/ca\/per-que-escollir-nos\/","name":"Per qu\u00e8 escollir-nos? - Urolog\u00eda Bielsa &amp; Lorente","isPartOf":{"@id":"https:\/\/urologiabielsalorente.com\/ca\/#website"},"primaryImageOfPage":{"@id":"https:\/\/urologiabielsalorente.com\/ca\/per-que-escollir-nos\/#primaryimage"},"image":{"@id":"https:\/\/urologiabielsalorente.com\/ca\/per-que-escollir-nos\/#primaryimage"},"thumbnailUrl":"https:\/\/urologiabielsalorente.com\/webielsa23\/wp-content\/uploads\/2023\/01\/bielsalorente-porque-elegirnos-1.jpg","datePublished":"2014-04-29T13:44:06+00:00","dateModified":"2023-05-19T20:41:39+00:00","breadcrumb":{"@id":"https:\/\/urologiabielsalorente.com\/ca\/per-que-escollir-nos\/#breadcrumb"},"inLanguage":"ca","potentialAction":[{"@type":"ReadAction","target":["https:\/\/urologiabielsalorente.com\/ca\/per-que-escollir-nos\/"]}]},{"@type":"ImageObject","inLanguage":"ca","@id":"https:\/\/urologiabielsalorente.com\/ca\/per-que-escollir-nos\/#primaryimage","url":"https:\/\/urologiabielsalorente.com\/webielsa23\/wp-content\/uploads\/2023\/01\/bielsalorente-porque-elegirnos-1.jpg","contentUrl":"https:\/\/urologiabielsalorente.com\/webielsa23\/wp-content\/uploads\/2023\/01\/bielsalorente-porque-elegirnos-1.jpg"},{"@type":"BreadcrumbList","@id":"https:\/\/urologiabielsalorente.com\/ca\/per-que-escollir-nos\/#breadcrumb","itemListElement":[{"@type":"ListItem","position":1,"name":"Portada","item":"https:\/\/urologiabielsalorente.com\/ca\/"},{"@type":"ListItem","position":2,"name":"Per qu\u00e8 escollir-nos?"}]},{"@type":"WebSite","@id":"https:\/\/urologiabielsalorente.com\/ca\/#website","url":"https:\/\/urologiabielsalorente.com\/ca\/","name":"Urolog\u00eda Bielsa &amp; Lorente","description":"Equipo oficial de Urolog\u00eda del Hospital Quir\u00f3n Salud de Barcelona","publisher":{"@id":"https:\/\/urologiabielsalorente.com\/ca\/#organization"},"potentialAction":[{"@type":"SearchAction","target":{"@type":"EntryPoint","urlTemplate":"https:\/\/urologiabielsalorente.com\/ca\/?s={search_term_string}"},"query-input":{"@type":"PropertyValueSpecification","valueRequired":true,"valueName":"search_term_string"}}],"inLanguage":"ca"},{"@type":"Organization","@id":"https:\/\/urologiabielsalorente.com\/ca\/#organization","name":"Urolog\u00eda Bielsa &amp; Lorente","url":"https:\/\/urologiabielsalorente.com\/ca\/","logo":{"@type":"ImageObject","inLanguage":"ca","@id":"https:\/\/urologiabielsalorente.com\/ca\/#\/schema\/logo\/image\/","url":"https:\/\/urologiabielsalorente.com\/webielsa23\/wp-content\/uploads\/2014\/04\/solicionesPersonales1024-e1402499581900.jpg","contentUrl":"https:\/\/urologiabielsalorente.com\/webielsa23\/wp-content\/uploads\/2014\/04\/solicionesPersonales1024-e1402499581900.jpg","width":1024,"height":570,"caption":"Urolog\u00eda Bielsa &amp; Lorente"},"image":{"@id":"https:\/\/urologiabielsalorente.com\/ca\/#\/schema\/logo\/image\/"},"sameAs":["https:\/\/www.linkedin.com\/company\/urologia-bielsa-lorente\/"]}]}},"_links":{"self":[{"href":"https:\/\/urologiabielsalorente.com\/ca\/wp-json\/wp\/v2\/pages\/2626","targetHints":{"allow":["GET"]}}],"collection":[{"href":"https:\/\/urologiabielsalorente.com\/ca\/wp-json\/wp\/v2\/pages"}],"about":[{"href":"https:\/\/urologiabielsalorente.com\/ca\/wp-json\/wp\/v2\/types\/page"}],"author":[{"embeddable":true,"href":"https:\/\/urologiabielsalorente.com\/ca\/wp-json\/wp\/v2\/users\/1"}],"replies":[{"embeddable":true,"href":"https:\/\/urologiabielsalorente.com\/ca\/wp-json\/wp\/v2\/comments?post=2626"}],"version-history":[{"count":12,"href":"https:\/\/urologiabielsalorente.com\/ca\/wp-json\/wp\/v2\/pages\/2626\/revisions"}],"predecessor-version":[{"id":2942,"href":"https:\/\/urologiabielsalorente.com\/ca\/wp-json\/wp\/v2\/pages\/2626\/revisions\/2942"}],"wp:attachment":[{"href":"https:\/\/urologiabielsalorente.com\/ca\/wp-json\/wp\/v2\/media?parent=2626"}],"curies":[{"name":"wp","href":"https:\/\/api.w.org\/{rel}","templated":true}]}}