{"id":2612,"date":"2022-05-17T10:11:40","date_gmt":"2022-05-17T10:11:40","guid":{"rendered":"https:\/\/urologiabielsalorente.com\/equip-medic\/dr-enrique-rijo-mora\/"},"modified":"2023-03-23T13:29:21","modified_gmt":"2023-03-23T13:29:21","slug":"dr-enrique-rijo-mora","status":"publish","type":"page","link":"https:\/\/urologiabielsalorente.com\/ca\/equip-medic\/dr-enrique-rijo-mora\/","title":{"rendered":"Dr. Enrique Rijo Mora"},"content":{"rendered":"<p>El Dr. Enrique Rijo Mora t\u00e9 experi\u00e8ncia en el diagn\u00f2stic, tractament i seguiment de la hiperpl\u00e0sia benigna de pr\u00f2stata, litiasi, urologia general i c\u00e0ncer urol\u00f2gic. \u00c9s expert en el tractament endosc\u00f2pic de la hiperpl\u00e0sia benigna de pr\u00f2stata. Una de les seves dedicacions principals \u00e9s el tractament m\u00ednimament invasiu de la hiperpl\u00e0sia benigna de pr\u00f2stata mitjan\u00e7ant la t\u00e8cnica d&#8217;enucleaci\u00f3 de pr\u00f2stata amb l\u00e0ser (GreenLEP, HoLEP i ThuLEP).<\/p>\n<p>&nbsp;<\/p>\n<p>&nbsp;<\/p>\n","protected":false},"excerpt":{"rendered":"<p>El Dr. Enrique Rijo Mora t\u00e9 experi\u00e8ncia en el diagn\u00f2stic, tractament i seguiment de la hiperpl\u00e0sia benigna de pr\u00f2stata, litiasi, urologia general i c\u00e0ncer urol\u00f2gic. \u00c9s expert en el tractament endosc\u00f2pic de la hiperpl\u00e0sia benigna de pr\u00f2stata. Una de les seves dedicacions principals \u00e9s el tractament m\u00ednimament invasiu de la hiperpl\u00e0sia benigna de pr\u00f2stata mitjan\u00e7ant [&hellip;]<\/p>\n","protected":false},"author":1,"featured_media":2501,"parent":2544,"menu_order":9,"comment_status":"closed","ping_status":"closed","template":"p-doctor.php","meta":{"_acf_changed":false,"inline_featured_image":false,"footnotes":""},"class_list":["post-2612","page","type-page","status-publish","has-post-thumbnail","hentry"],"acf":[],"yoast_head":"<!-- This site is optimized with the Yoast SEO plugin v27.3 - https:\/\/yoast.com\/product\/yoast-seo-wordpress\/ -->\n<title>Dr. Enrique Rijo Mora - Urolog\u00eda Bielsa &amp; Lorente<\/title>\n<meta name=\"description\" content=\"El Dr. Enrique Rijo Mora t\u00e9 experi\u00e8ncia en el diagn\u00f2stic, tractament i seguiment de la hiperpl\u00e0sia benigna de pr\u00f2stata, litiasi, urologia general i c\u00e0ncer urol\u00f2gic.\" \/>\n<meta name=\"robots\" content=\"index, follow, max-snippet:-1, max-image-preview:large, max-video-preview:-1\" \/>\n<link rel=\"canonical\" href=\"https:\/\/urologiabielsalorente.com\/ca\/equip-medic\/dr-enrique-rijo-mora\/\" \/>\n<meta property=\"og:locale\" content=\"ca_ES\" \/>\n<meta property=\"og:type\" content=\"article\" \/>\n<meta property=\"og:title\" content=\"Dr. Enrique Rijo Mora - Urolog\u00eda Bielsa &amp; Lorente\" \/>\n<meta property=\"og:description\" content=\"El Dr. Enrique Rijo Mora t\u00e9 experi\u00e8ncia en el diagn\u00f2stic, tractament i seguiment de la hiperpl\u00e0sia benigna de pr\u00f2stata, litiasi, urologia general i c\u00e0ncer urol\u00f2gic.\" \/>\n<meta property=\"og:url\" content=\"https:\/\/urologiabielsalorente.com\/ca\/equip-medic\/dr-enrique-rijo-mora\/\" \/>\n<meta property=\"og:site_name\" content=\"Urolog\u00eda Bielsa &amp; Lorente\" \/>\n<meta property=\"article:modified_time\" content=\"2023-03-23T13:29:21+00:00\" \/>\n<meta property=\"og:image\" content=\"https:\/\/urologiabielsalorente.com\/webielsa23\/wp-content\/uploads\/2022\/12\/dr-Enrique-Rijo-Mora-cv.jpg\" \/>\n\t<meta property=\"og:image:width\" content=\"794\" \/>\n\t<meta property=\"og:image:height\" content=\"828\" \/>\n\t<meta property=\"og:image:type\" content=\"image\/jpeg\" \/>\n<meta name=\"twitter:card\" content=\"summary_large_image\" \/>\n<meta name=\"twitter:label1\" content=\"Est. reading time\" \/>\n\t<meta name=\"twitter:data1\" content=\"1 minute\" \/>\n<script type=\"application\/ld+json\" class=\"yoast-schema-graph\">{\"@context\":\"https:\\\/\\\/schema.org\",\"@graph\":[{\"@type\":\"WebPage\",\"@id\":\"https:\\\/\\\/urologiabielsalorente.com\\\/ca\\\/equip-medic\\\/dr-enrique-rijo-mora\\\/\",\"url\":\"https:\\\/\\\/urologiabielsalorente.com\\\/ca\\\/equip-medic\\\/dr-enrique-rijo-mora\\\/\",\"name\":\"Dr. Enrique Rijo Mora - Urolog\u00eda Bielsa &amp; Lorente\",\"isPartOf\":{\"@id\":\"https:\\\/\\\/urologiabielsalorente.com\\\/ca\\\/#website\"},\"primaryImageOfPage\":{\"@id\":\"https:\\\/\\\/urologiabielsalorente.com\\\/ca\\\/equip-medic\\\/dr-enrique-rijo-mora\\\/#primaryimage\"},\"image\":{\"@id\":\"https:\\\/\\\/urologiabielsalorente.com\\\/ca\\\/equip-medic\\\/dr-enrique-rijo-mora\\\/#primaryimage\"},\"thumbnailUrl\":\"https:\\\/\\\/urologiabielsalorente.com\\\/webielsa23\\\/wp-content\\\/uploads\\\/2022\\\/12\\\/dr-Enrique-Rijo-Mora-cv.jpg\",\"datePublished\":\"2022-05-17T10:11:40+00:00\",\"dateModified\":\"2023-03-23T13:29:21+00:00\",\"description\":\"El Dr. Enrique Rijo Mora t\u00e9 experi\u00e8ncia en el diagn\u00f2stic, tractament i seguiment de la hiperpl\u00e0sia benigna de pr\u00f2stata, litiasi, urologia general i c\u00e0ncer urol\u00f2gic.\",\"breadcrumb\":{\"@id\":\"https:\\\/\\\/urologiabielsalorente.com\\\/ca\\\/equip-medic\\\/dr-enrique-rijo-mora\\\/#breadcrumb\"},\"inLanguage\":\"ca\",\"potentialAction\":[{\"@type\":\"ReadAction\",\"target\":[\"https:\\\/\\\/urologiabielsalorente.com\\\/ca\\\/equip-medic\\\/dr-enrique-rijo-mora\\\/\"]}]},{\"@type\":\"ImageObject\",\"inLanguage\":\"ca\",\"@id\":\"https:\\\/\\\/urologiabielsalorente.com\\\/ca\\\/equip-medic\\\/dr-enrique-rijo-mora\\\/#primaryimage\",\"url\":\"https:\\\/\\\/urologiabielsalorente.com\\\/webielsa23\\\/wp-content\\\/uploads\\\/2022\\\/12\\\/dr-Enrique-Rijo-Mora-cv.jpg\",\"contentUrl\":\"https:\\\/\\\/urologiabielsalorente.com\\\/webielsa23\\\/wp-content\\\/uploads\\\/2022\\\/12\\\/dr-Enrique-Rijo-Mora-cv.jpg\",\"width\":794,\"height\":828},{\"@type\":\"BreadcrumbList\",\"@id\":\"https:\\\/\\\/urologiabielsalorente.com\\\/ca\\\/equip-medic\\\/dr-enrique-rijo-mora\\\/#breadcrumb\",\"itemListElement\":[{\"@type\":\"ListItem\",\"position\":1,\"name\":\"Portada\",\"item\":\"https:\\\/\\\/urologiabielsalorente.com\\\/ca\\\/\"},{\"@type\":\"ListItem\",\"position\":2,\"name\":\"Equip m\u00e8dic\",\"item\":\"https:\\\/\\\/urologiabielsalorente.com\\\/ca\\\/equipo-medico\\\/\"},{\"@type\":\"ListItem\",\"position\":3,\"name\":\"Dr. Enrique Rijo Mora\"}]},{\"@type\":\"WebSite\",\"@id\":\"https:\\\/\\\/urologiabielsalorente.com\\\/ca\\\/#website\",\"url\":\"https:\\\/\\\/urologiabielsalorente.com\\\/ca\\\/\",\"name\":\"Urolog\u00eda Bielsa &amp; Lorente\",\"description\":\"Equipo oficial de Urolog\u00eda del Hospital Quir\u00f3n Salud de Barcelona\",\"publisher\":{\"@id\":\"https:\\\/\\\/urologiabielsalorente.com\\\/ca\\\/#organization\"},\"potentialAction\":[{\"@type\":\"SearchAction\",\"target\":{\"@type\":\"EntryPoint\",\"urlTemplate\":\"https:\\\/\\\/urologiabielsalorente.com\\\/ca\\\/?s={search_term_string}\"},\"query-input\":{\"@type\":\"PropertyValueSpecification\",\"valueRequired\":true,\"valueName\":\"search_term_string\"}}],\"inLanguage\":\"ca\"},{\"@type\":\"Organization\",\"@id\":\"https:\\\/\\\/urologiabielsalorente.com\\\/ca\\\/#organization\",\"name\":\"Urolog\u00eda Bielsa &amp; Lorente\",\"url\":\"https:\\\/\\\/urologiabielsalorente.com\\\/ca\\\/\",\"logo\":{\"@type\":\"ImageObject\",\"inLanguage\":\"ca\",\"@id\":\"https:\\\/\\\/urologiabielsalorente.com\\\/ca\\\/#\\\/schema\\\/logo\\\/image\\\/\",\"url\":\"https:\\\/\\\/urologiabielsalorente.com\\\/webielsa23\\\/wp-content\\\/uploads\\\/2014\\\/04\\\/solicionesPersonales1024-e1402499581900.jpg\",\"contentUrl\":\"https:\\\/\\\/urologiabielsalorente.com\\\/webielsa23\\\/wp-content\\\/uploads\\\/2014\\\/04\\\/solicionesPersonales1024-e1402499581900.jpg\",\"width\":1024,\"height\":570,\"caption\":\"Urolog\u00eda Bielsa &amp; Lorente\"},\"image\":{\"@id\":\"https:\\\/\\\/urologiabielsalorente.com\\\/ca\\\/#\\\/schema\\\/logo\\\/image\\\/\"},\"sameAs\":[\"https:\\\/\\\/www.linkedin.com\\\/company\\\/urologia-bielsa-lorente\\\/\"]}]}<\/script>\n<!-- \/ Yoast SEO plugin. -->","yoast_head_json":{"title":"Dr. Enrique Rijo Mora - Urolog\u00eda Bielsa &amp; Lorente","description":"El Dr. Enrique Rijo Mora t\u00e9 experi\u00e8ncia en el diagn\u00f2stic, tractament i seguiment de la hiperpl\u00e0sia benigna de pr\u00f2stata, litiasi, urologia general i c\u00e0ncer urol\u00f2gic.","robots":{"index":"index","follow":"follow","max-snippet":"max-snippet:-1","max-image-preview":"max-image-preview:large","max-video-preview":"max-video-preview:-1"},"canonical":"https:\/\/urologiabielsalorente.com\/ca\/equip-medic\/dr-enrique-rijo-mora\/","og_locale":"ca_ES","og_type":"article","og_title":"Dr. Enrique Rijo Mora - Urolog\u00eda Bielsa &amp; Lorente","og_description":"El Dr. Enrique Rijo Mora t\u00e9 experi\u00e8ncia en el diagn\u00f2stic, tractament i seguiment de la hiperpl\u00e0sia benigna de pr\u00f2stata, litiasi, urologia general i c\u00e0ncer urol\u00f2gic.","og_url":"https:\/\/urologiabielsalorente.com\/ca\/equip-medic\/dr-enrique-rijo-mora\/","og_site_name":"Urolog\u00eda Bielsa &amp; Lorente","article_modified_time":"2023-03-23T13:29:21+00:00","og_image":[{"width":794,"height":828,"url":"https:\/\/urologiabielsalorente.com\/webielsa23\/wp-content\/uploads\/2022\/12\/dr-Enrique-Rijo-Mora-cv.jpg","type":"image\/jpeg"}],"twitter_card":"summary_large_image","twitter_misc":{"Est. reading time":"1 minute"},"schema":{"@context":"https:\/\/schema.org","@graph":[{"@type":"WebPage","@id":"https:\/\/urologiabielsalorente.com\/ca\/equip-medic\/dr-enrique-rijo-mora\/","url":"https:\/\/urologiabielsalorente.com\/ca\/equip-medic\/dr-enrique-rijo-mora\/","name":"Dr. Enrique Rijo Mora - Urolog\u00eda Bielsa &amp; Lorente","isPartOf":{"@id":"https:\/\/urologiabielsalorente.com\/ca\/#website"},"primaryImageOfPage":{"@id":"https:\/\/urologiabielsalorente.com\/ca\/equip-medic\/dr-enrique-rijo-mora\/#primaryimage"},"image":{"@id":"https:\/\/urologiabielsalorente.com\/ca\/equip-medic\/dr-enrique-rijo-mora\/#primaryimage"},"thumbnailUrl":"https:\/\/urologiabielsalorente.com\/webielsa23\/wp-content\/uploads\/2022\/12\/dr-Enrique-Rijo-Mora-cv.jpg","datePublished":"2022-05-17T10:11:40+00:00","dateModified":"2023-03-23T13:29:21+00:00","description":"El Dr. Enrique Rijo Mora t\u00e9 experi\u00e8ncia en el diagn\u00f2stic, tractament i seguiment de la hiperpl\u00e0sia benigna de pr\u00f2stata, litiasi, urologia general i c\u00e0ncer urol\u00f2gic.","breadcrumb":{"@id":"https:\/\/urologiabielsalorente.com\/ca\/equip-medic\/dr-enrique-rijo-mora\/#breadcrumb"},"inLanguage":"ca","potentialAction":[{"@type":"ReadAction","target":["https:\/\/urologiabielsalorente.com\/ca\/equip-medic\/dr-enrique-rijo-mora\/"]}]},{"@type":"ImageObject","inLanguage":"ca","@id":"https:\/\/urologiabielsalorente.com\/ca\/equip-medic\/dr-enrique-rijo-mora\/#primaryimage","url":"https:\/\/urologiabielsalorente.com\/webielsa23\/wp-content\/uploads\/2022\/12\/dr-Enrique-Rijo-Mora-cv.jpg","contentUrl":"https:\/\/urologiabielsalorente.com\/webielsa23\/wp-content\/uploads\/2022\/12\/dr-Enrique-Rijo-Mora-cv.jpg","width":794,"height":828},{"@type":"BreadcrumbList","@id":"https:\/\/urologiabielsalorente.com\/ca\/equip-medic\/dr-enrique-rijo-mora\/#breadcrumb","itemListElement":[{"@type":"ListItem","position":1,"name":"Portada","item":"https:\/\/urologiabielsalorente.com\/ca\/"},{"@type":"ListItem","position":2,"name":"Equip m\u00e8dic","item":"https:\/\/urologiabielsalorente.com\/ca\/equipo-medico\/"},{"@type":"ListItem","position":3,"name":"Dr. Enrique Rijo Mora"}]},{"@type":"WebSite","@id":"https:\/\/urologiabielsalorente.com\/ca\/#website","url":"https:\/\/urologiabielsalorente.com\/ca\/","name":"Urolog\u00eda Bielsa &amp; Lorente","description":"Equipo oficial de Urolog\u00eda del Hospital Quir\u00f3n Salud de Barcelona","publisher":{"@id":"https:\/\/urologiabielsalorente.com\/ca\/#organization"},"potentialAction":[{"@type":"SearchAction","target":{"@type":"EntryPoint","urlTemplate":"https:\/\/urologiabielsalorente.com\/ca\/?s={search_term_string}"},"query-input":{"@type":"PropertyValueSpecification","valueRequired":true,"valueName":"search_term_string"}}],"inLanguage":"ca"},{"@type":"Organization","@id":"https:\/\/urologiabielsalorente.com\/ca\/#organization","name":"Urolog\u00eda Bielsa &amp; Lorente","url":"https:\/\/urologiabielsalorente.com\/ca\/","logo":{"@type":"ImageObject","inLanguage":"ca","@id":"https:\/\/urologiabielsalorente.com\/ca\/#\/schema\/logo\/image\/","url":"https:\/\/urologiabielsalorente.com\/webielsa23\/wp-content\/uploads\/2014\/04\/solicionesPersonales1024-e1402499581900.jpg","contentUrl":"https:\/\/urologiabielsalorente.com\/webielsa23\/wp-content\/uploads\/2014\/04\/solicionesPersonales1024-e1402499581900.jpg","width":1024,"height":570,"caption":"Urolog\u00eda Bielsa &amp; Lorente"},"image":{"@id":"https:\/\/urologiabielsalorente.com\/ca\/#\/schema\/logo\/image\/"},"sameAs":["https:\/\/www.linkedin.com\/company\/urologia-bielsa-lorente\/"]}]}},"_links":{"self":[{"href":"https:\/\/urologiabielsalorente.com\/ca\/wp-json\/wp\/v2\/pages\/2612","targetHints":{"allow":["GET"]}}],"collection":[{"href":"https:\/\/urologiabielsalorente.com\/ca\/wp-json\/wp\/v2\/pages"}],"about":[{"href":"https:\/\/urologiabielsalorente.com\/ca\/wp-json\/wp\/v2\/types\/page"}],"author":[{"embeddable":true,"href":"https:\/\/urologiabielsalorente.com\/ca\/wp-json\/wp\/v2\/users\/1"}],"replies":[{"embeddable":true,"href":"https:\/\/urologiabielsalorente.com\/ca\/wp-json\/wp\/v2\/comments?post=2612"}],"version-history":[{"count":3,"href":"https:\/\/urologiabielsalorente.com\/ca\/wp-json\/wp\/v2\/pages\/2612\/revisions"}],"predecessor-version":[{"id":2678,"href":"https:\/\/urologiabielsalorente.com\/ca\/wp-json\/wp\/v2\/pages\/2612\/revisions\/2678"}],"up":[{"embeddable":true,"href":"https:\/\/urologiabielsalorente.com\/ca\/wp-json\/wp\/v2\/pages\/2544"}],"wp:featuredmedia":[{"embeddable":true,"href":"https:\/\/urologiabielsalorente.com\/ca\/wp-json\/wp\/v2\/media\/2501"}],"wp:attachment":[{"href":"https:\/\/urologiabielsalorente.com\/ca\/wp-json\/wp\/v2\/media?parent=2612"}],"curies":[{"name":"wp","href":"https:\/\/api.w.org\/{rel}","templated":true}]}}