{"id":2558,"date":"2022-05-17T11:29:07","date_gmt":"2022-05-17T11:29:07","guid":{"rendered":"https:\/\/urologiabielsalorente.com\/equip-medic\/dr-albert-frances-comalat\/"},"modified":"2025-01-08T18:58:34","modified_gmt":"2025-01-08T18:58:34","slug":"dr-albert-frances-comalat","status":"publish","type":"page","link":"https:\/\/urologiabielsalorente.com\/ca\/equip-medic\/dr-albert-frances-comalat\/","title":{"rendered":"Dr. Albert Franc\u00e9s Comalat"},"content":{"rendered":"<p>El Dr. Albert Franc\u00e9s Comalat t\u00e9 \u00e0mplia experi\u00e8ncia en el diagn\u00f2stic, tractament i seguiment dels pacients amb c\u00e0ncer urol\u00f2gic. \u00c9s expert en cirurgia laparosc\u00f2pica, cirurgia endosc\u00f2pica i tractament de la litiasi.<\/p>\n","protected":false},"excerpt":{"rendered":"<p>El Dr. Albert Franc\u00e9s Comalat t\u00e9 \u00e0mplia experi\u00e8ncia en el diagn\u00f2stic, tractament i seguiment dels pacients amb c\u00e0ncer urol\u00f2gic. \u00c9s expert en cirurgia laparosc\u00f2pica, cirurgia endosc\u00f2pica i tractament de la litiasi.<\/p>\n","protected":false},"author":1,"featured_media":2503,"parent":2544,"menu_order":4,"comment_status":"closed","ping_status":"closed","template":"p-doctor.php","meta":{"_acf_changed":false,"inline_featured_image":false,"footnotes":""},"class_list":["post-2558","page","type-page","status-publish","has-post-thumbnail","hentry"],"acf":[],"yoast_head":"<!-- This site is optimized with the Yoast SEO plugin v27.3 - https:\/\/yoast.com\/product\/yoast-seo-wordpress\/ -->\n<title>Dr. Albert Franc\u00e9s Comalat - Urolog\u00eda Bielsa &amp; Lorente<\/title>\n<meta name=\"description\" content=\"El Dr. Albert Franc\u00e9s Comalat t\u00e9 \u00e0mplia experi\u00e8ncia en el diagn\u00f2stic, tractament i seguiment dels pacients amb c\u00e0ncer urol\u00f2gic. \u00c9s expert en cirurgia laparosc\u00f2pica, cirurgia endosc\u00f2pica i tractament de la litiasi.\" \/>\n<meta name=\"robots\" content=\"index, follow, max-snippet:-1, max-image-preview:large, max-video-preview:-1\" \/>\n<link rel=\"canonical\" href=\"https:\/\/urologiabielsalorente.com\/ca\/equip-medic\/dr-albert-frances-comalat\/\" \/>\n<meta property=\"og:locale\" content=\"ca_ES\" \/>\n<meta property=\"og:type\" content=\"article\" \/>\n<meta property=\"og:title\" content=\"Dr. Albert Franc\u00e9s Comalat - Urolog\u00eda Bielsa &amp; Lorente\" \/>\n<meta property=\"og:description\" content=\"El Dr. Albert Franc\u00e9s Comalat t\u00e9 \u00e0mplia experi\u00e8ncia en el diagn\u00f2stic, tractament i seguiment dels pacients amb c\u00e0ncer urol\u00f2gic. \u00c9s expert en cirurgia laparosc\u00f2pica, cirurgia endosc\u00f2pica i tractament de la litiasi.\" \/>\n<meta property=\"og:url\" content=\"https:\/\/urologiabielsalorente.com\/ca\/equip-medic\/dr-albert-frances-comalat\/\" \/>\n<meta property=\"og:site_name\" content=\"Urolog\u00eda Bielsa &amp; Lorente\" \/>\n<meta property=\"article:modified_time\" content=\"2025-01-08T18:58:34+00:00\" \/>\n<meta property=\"og:image\" content=\"https:\/\/urologiabielsalorente.com\/webielsa23\/wp-content\/uploads\/2022\/12\/dr-Albert-Frances-Comalat-cv.jpg\" \/>\n\t<meta property=\"og:image:width\" content=\"794\" \/>\n\t<meta property=\"og:image:height\" content=\"828\" \/>\n\t<meta property=\"og:image:type\" content=\"image\/jpeg\" \/>\n<meta name=\"twitter:card\" content=\"summary_large_image\" \/>\n<meta name=\"twitter:label1\" content=\"Est. reading time\" \/>\n\t<meta name=\"twitter:data1\" content=\"1 minute\" \/>\n<script type=\"application\/ld+json\" class=\"yoast-schema-graph\">{\"@context\":\"https:\\\/\\\/schema.org\",\"@graph\":[{\"@type\":\"WebPage\",\"@id\":\"https:\\\/\\\/urologiabielsalorente.com\\\/ca\\\/equip-medic\\\/dr-albert-frances-comalat\\\/\",\"url\":\"https:\\\/\\\/urologiabielsalorente.com\\\/ca\\\/equip-medic\\\/dr-albert-frances-comalat\\\/\",\"name\":\"Dr. Albert Franc\u00e9s Comalat - Urolog\u00eda Bielsa &amp; Lorente\",\"isPartOf\":{\"@id\":\"https:\\\/\\\/urologiabielsalorente.com\\\/ca\\\/#website\"},\"primaryImageOfPage\":{\"@id\":\"https:\\\/\\\/urologiabielsalorente.com\\\/ca\\\/equip-medic\\\/dr-albert-frances-comalat\\\/#primaryimage\"},\"image\":{\"@id\":\"https:\\\/\\\/urologiabielsalorente.com\\\/ca\\\/equip-medic\\\/dr-albert-frances-comalat\\\/#primaryimage\"},\"thumbnailUrl\":\"https:\\\/\\\/urologiabielsalorente.com\\\/webielsa23\\\/wp-content\\\/uploads\\\/2022\\\/12\\\/dr-Albert-Frances-Comalat-cv.jpg\",\"datePublished\":\"2022-05-17T11:29:07+00:00\",\"dateModified\":\"2025-01-08T18:58:34+00:00\",\"description\":\"El Dr. Albert Franc\u00e9s Comalat t\u00e9 \u00e0mplia experi\u00e8ncia en el diagn\u00f2stic, tractament i seguiment dels pacients amb c\u00e0ncer urol\u00f2gic. \u00c9s expert en cirurgia laparosc\u00f2pica, cirurgia endosc\u00f2pica i tractament de la litiasi.\",\"breadcrumb\":{\"@id\":\"https:\\\/\\\/urologiabielsalorente.com\\\/ca\\\/equip-medic\\\/dr-albert-frances-comalat\\\/#breadcrumb\"},\"inLanguage\":\"ca\",\"potentialAction\":[{\"@type\":\"ReadAction\",\"target\":[\"https:\\\/\\\/urologiabielsalorente.com\\\/ca\\\/equip-medic\\\/dr-albert-frances-comalat\\\/\"]}]},{\"@type\":\"ImageObject\",\"inLanguage\":\"ca\",\"@id\":\"https:\\\/\\\/urologiabielsalorente.com\\\/ca\\\/equip-medic\\\/dr-albert-frances-comalat\\\/#primaryimage\",\"url\":\"https:\\\/\\\/urologiabielsalorente.com\\\/webielsa23\\\/wp-content\\\/uploads\\\/2022\\\/12\\\/dr-Albert-Frances-Comalat-cv.jpg\",\"contentUrl\":\"https:\\\/\\\/urologiabielsalorente.com\\\/webielsa23\\\/wp-content\\\/uploads\\\/2022\\\/12\\\/dr-Albert-Frances-Comalat-cv.jpg\",\"width\":794,\"height\":828},{\"@type\":\"BreadcrumbList\",\"@id\":\"https:\\\/\\\/urologiabielsalorente.com\\\/ca\\\/equip-medic\\\/dr-albert-frances-comalat\\\/#breadcrumb\",\"itemListElement\":[{\"@type\":\"ListItem\",\"position\":1,\"name\":\"Portada\",\"item\":\"https:\\\/\\\/urologiabielsalorente.com\\\/ca\\\/\"},{\"@type\":\"ListItem\",\"position\":2,\"name\":\"Equip m\u00e8dic\",\"item\":\"https:\\\/\\\/urologiabielsalorente.com\\\/ca\\\/equipo-medico\\\/\"},{\"@type\":\"ListItem\",\"position\":3,\"name\":\"Dr. Albert Franc\u00e9s Comalat\"}]},{\"@type\":\"WebSite\",\"@id\":\"https:\\\/\\\/urologiabielsalorente.com\\\/ca\\\/#website\",\"url\":\"https:\\\/\\\/urologiabielsalorente.com\\\/ca\\\/\",\"name\":\"Urolog\u00eda Bielsa &amp; Lorente\",\"description\":\"Equipo oficial de Urolog\u00eda del Hospital Quir\u00f3n Salud de Barcelona\",\"publisher\":{\"@id\":\"https:\\\/\\\/urologiabielsalorente.com\\\/ca\\\/#organization\"},\"potentialAction\":[{\"@type\":\"SearchAction\",\"target\":{\"@type\":\"EntryPoint\",\"urlTemplate\":\"https:\\\/\\\/urologiabielsalorente.com\\\/ca\\\/?s={search_term_string}\"},\"query-input\":{\"@type\":\"PropertyValueSpecification\",\"valueRequired\":true,\"valueName\":\"search_term_string\"}}],\"inLanguage\":\"ca\"},{\"@type\":\"Organization\",\"@id\":\"https:\\\/\\\/urologiabielsalorente.com\\\/ca\\\/#organization\",\"name\":\"Urolog\u00eda Bielsa &amp; Lorente\",\"url\":\"https:\\\/\\\/urologiabielsalorente.com\\\/ca\\\/\",\"logo\":{\"@type\":\"ImageObject\",\"inLanguage\":\"ca\",\"@id\":\"https:\\\/\\\/urologiabielsalorente.com\\\/ca\\\/#\\\/schema\\\/logo\\\/image\\\/\",\"url\":\"https:\\\/\\\/urologiabielsalorente.com\\\/webielsa23\\\/wp-content\\\/uploads\\\/2014\\\/04\\\/solicionesPersonales1024-e1402499581900.jpg\",\"contentUrl\":\"https:\\\/\\\/urologiabielsalorente.com\\\/webielsa23\\\/wp-content\\\/uploads\\\/2014\\\/04\\\/solicionesPersonales1024-e1402499581900.jpg\",\"width\":1024,\"height\":570,\"caption\":\"Urolog\u00eda Bielsa &amp; Lorente\"},\"image\":{\"@id\":\"https:\\\/\\\/urologiabielsalorente.com\\\/ca\\\/#\\\/schema\\\/logo\\\/image\\\/\"},\"sameAs\":[\"https:\\\/\\\/www.linkedin.com\\\/company\\\/urologia-bielsa-lorente\\\/\"]}]}<\/script>\n<!-- \/ Yoast SEO plugin. -->","yoast_head_json":{"title":"Dr. Albert Franc\u00e9s Comalat - Urolog\u00eda Bielsa &amp; Lorente","description":"El Dr. Albert Franc\u00e9s Comalat t\u00e9 \u00e0mplia experi\u00e8ncia en el diagn\u00f2stic, tractament i seguiment dels pacients amb c\u00e0ncer urol\u00f2gic. \u00c9s expert en cirurgia laparosc\u00f2pica, cirurgia endosc\u00f2pica i tractament de la litiasi.","robots":{"index":"index","follow":"follow","max-snippet":"max-snippet:-1","max-image-preview":"max-image-preview:large","max-video-preview":"max-video-preview:-1"},"canonical":"https:\/\/urologiabielsalorente.com\/ca\/equip-medic\/dr-albert-frances-comalat\/","og_locale":"ca_ES","og_type":"article","og_title":"Dr. Albert Franc\u00e9s Comalat - Urolog\u00eda Bielsa &amp; Lorente","og_description":"El Dr. Albert Franc\u00e9s Comalat t\u00e9 \u00e0mplia experi\u00e8ncia en el diagn\u00f2stic, tractament i seguiment dels pacients amb c\u00e0ncer urol\u00f2gic. \u00c9s expert en cirurgia laparosc\u00f2pica, cirurgia endosc\u00f2pica i tractament de la litiasi.","og_url":"https:\/\/urologiabielsalorente.com\/ca\/equip-medic\/dr-albert-frances-comalat\/","og_site_name":"Urolog\u00eda Bielsa &amp; Lorente","article_modified_time":"2025-01-08T18:58:34+00:00","og_image":[{"width":794,"height":828,"url":"https:\/\/urologiabielsalorente.com\/webielsa23\/wp-content\/uploads\/2022\/12\/dr-Albert-Frances-Comalat-cv.jpg","type":"image\/jpeg"}],"twitter_card":"summary_large_image","twitter_misc":{"Est. reading time":"1 minute"},"schema":{"@context":"https:\/\/schema.org","@graph":[{"@type":"WebPage","@id":"https:\/\/urologiabielsalorente.com\/ca\/equip-medic\/dr-albert-frances-comalat\/","url":"https:\/\/urologiabielsalorente.com\/ca\/equip-medic\/dr-albert-frances-comalat\/","name":"Dr. Albert Franc\u00e9s Comalat - Urolog\u00eda Bielsa &amp; Lorente","isPartOf":{"@id":"https:\/\/urologiabielsalorente.com\/ca\/#website"},"primaryImageOfPage":{"@id":"https:\/\/urologiabielsalorente.com\/ca\/equip-medic\/dr-albert-frances-comalat\/#primaryimage"},"image":{"@id":"https:\/\/urologiabielsalorente.com\/ca\/equip-medic\/dr-albert-frances-comalat\/#primaryimage"},"thumbnailUrl":"https:\/\/urologiabielsalorente.com\/webielsa23\/wp-content\/uploads\/2022\/12\/dr-Albert-Frances-Comalat-cv.jpg","datePublished":"2022-05-17T11:29:07+00:00","dateModified":"2025-01-08T18:58:34+00:00","description":"El Dr. Albert Franc\u00e9s Comalat t\u00e9 \u00e0mplia experi\u00e8ncia en el diagn\u00f2stic, tractament i seguiment dels pacients amb c\u00e0ncer urol\u00f2gic. \u00c9s expert en cirurgia laparosc\u00f2pica, cirurgia endosc\u00f2pica i tractament de la litiasi.","breadcrumb":{"@id":"https:\/\/urologiabielsalorente.com\/ca\/equip-medic\/dr-albert-frances-comalat\/#breadcrumb"},"inLanguage":"ca","potentialAction":[{"@type":"ReadAction","target":["https:\/\/urologiabielsalorente.com\/ca\/equip-medic\/dr-albert-frances-comalat\/"]}]},{"@type":"ImageObject","inLanguage":"ca","@id":"https:\/\/urologiabielsalorente.com\/ca\/equip-medic\/dr-albert-frances-comalat\/#primaryimage","url":"https:\/\/urologiabielsalorente.com\/webielsa23\/wp-content\/uploads\/2022\/12\/dr-Albert-Frances-Comalat-cv.jpg","contentUrl":"https:\/\/urologiabielsalorente.com\/webielsa23\/wp-content\/uploads\/2022\/12\/dr-Albert-Frances-Comalat-cv.jpg","width":794,"height":828},{"@type":"BreadcrumbList","@id":"https:\/\/urologiabielsalorente.com\/ca\/equip-medic\/dr-albert-frances-comalat\/#breadcrumb","itemListElement":[{"@type":"ListItem","position":1,"name":"Portada","item":"https:\/\/urologiabielsalorente.com\/ca\/"},{"@type":"ListItem","position":2,"name":"Equip m\u00e8dic","item":"https:\/\/urologiabielsalorente.com\/ca\/equipo-medico\/"},{"@type":"ListItem","position":3,"name":"Dr. Albert Franc\u00e9s Comalat"}]},{"@type":"WebSite","@id":"https:\/\/urologiabielsalorente.com\/ca\/#website","url":"https:\/\/urologiabielsalorente.com\/ca\/","name":"Urolog\u00eda Bielsa &amp; Lorente","description":"Equipo oficial de Urolog\u00eda del Hospital Quir\u00f3n Salud de Barcelona","publisher":{"@id":"https:\/\/urologiabielsalorente.com\/ca\/#organization"},"potentialAction":[{"@type":"SearchAction","target":{"@type":"EntryPoint","urlTemplate":"https:\/\/urologiabielsalorente.com\/ca\/?s={search_term_string}"},"query-input":{"@type":"PropertyValueSpecification","valueRequired":true,"valueName":"search_term_string"}}],"inLanguage":"ca"},{"@type":"Organization","@id":"https:\/\/urologiabielsalorente.com\/ca\/#organization","name":"Urolog\u00eda Bielsa &amp; Lorente","url":"https:\/\/urologiabielsalorente.com\/ca\/","logo":{"@type":"ImageObject","inLanguage":"ca","@id":"https:\/\/urologiabielsalorente.com\/ca\/#\/schema\/logo\/image\/","url":"https:\/\/urologiabielsalorente.com\/webielsa23\/wp-content\/uploads\/2014\/04\/solicionesPersonales1024-e1402499581900.jpg","contentUrl":"https:\/\/urologiabielsalorente.com\/webielsa23\/wp-content\/uploads\/2014\/04\/solicionesPersonales1024-e1402499581900.jpg","width":1024,"height":570,"caption":"Urolog\u00eda Bielsa &amp; Lorente"},"image":{"@id":"https:\/\/urologiabielsalorente.com\/ca\/#\/schema\/logo\/image\/"},"sameAs":["https:\/\/www.linkedin.com\/company\/urologia-bielsa-lorente\/"]}]}},"_links":{"self":[{"href":"https:\/\/urologiabielsalorente.com\/ca\/wp-json\/wp\/v2\/pages\/2558","targetHints":{"allow":["GET"]}}],"collection":[{"href":"https:\/\/urologiabielsalorente.com\/ca\/wp-json\/wp\/v2\/pages"}],"about":[{"href":"https:\/\/urologiabielsalorente.com\/ca\/wp-json\/wp\/v2\/types\/page"}],"author":[{"embeddable":true,"href":"https:\/\/urologiabielsalorente.com\/ca\/wp-json\/wp\/v2\/users\/1"}],"replies":[{"embeddable":true,"href":"https:\/\/urologiabielsalorente.com\/ca\/wp-json\/wp\/v2\/comments?post=2558"}],"version-history":[{"count":5,"href":"https:\/\/urologiabielsalorente.com\/ca\/wp-json\/wp\/v2\/pages\/2558\/revisions"}],"predecessor-version":[{"id":2689,"href":"https:\/\/urologiabielsalorente.com\/ca\/wp-json\/wp\/v2\/pages\/2558\/revisions\/2689"}],"up":[{"embeddable":true,"href":"https:\/\/urologiabielsalorente.com\/ca\/wp-json\/wp\/v2\/pages\/2544"}],"wp:featuredmedia":[{"embeddable":true,"href":"https:\/\/urologiabielsalorente.com\/ca\/wp-json\/wp\/v2\/media\/2503"}],"wp:attachment":[{"href":"https:\/\/urologiabielsalorente.com\/ca\/wp-json\/wp\/v2\/media?parent=2558"}],"curies":[{"name":"wp","href":"https:\/\/api.w.org\/{rel}","templated":true}]}}