{"id":2549,"date":"2022-05-17T10:09:21","date_gmt":"2022-05-17T10:09:21","guid":{"rendered":"https:\/\/urologiabielsalorente.com\/equip-medic\/dr-jose-antonio-lorente-garin\/"},"modified":"2023-05-22T12:44:13","modified_gmt":"2023-05-22T12:44:13","slug":"dr-jose-antonio-lorente-garin","status":"publish","type":"page","link":"https:\/\/urologiabielsalorente.com\/ca\/equip-medic\/dr-jose-antonio-lorente-garin\/","title":{"rendered":"Dr. Jos\u00e9 Antonio Lorente Gar\u00edn"},"content":{"rendered":"<p>El Dr. Jos\u00e9 Antonio Lorente Gar\u00edn posseeix \u00e0mplia experi\u00e8ncia en el diagn\u00f2stic, tractament i seguiment del c\u00e0ncer urol\u00f2gic aix\u00ed com en la cirurgia mitjan\u00e7ant t\u00e8cniques endosc\u00f2piques. Una de les principals dedicacions \u00e9s el tractament m\u00ednimament invasiu del c\u00e0ncer de pr\u00f2stata, amb l&#8217;objectiu de combinar els millors resultats oncol\u00f2gics amb la m\u00ednima repercussi\u00f3 funcional. En aquest sentit, desenvolupa pr\u00e0cticament tota la seva activitat quir\u00fargica quan \u00e9s possible per via laparosc\u00f2pica, t\u00e8cnica tamb\u00e9 emprada en el tractament del c\u00e0ncer renal i el de bufeta urin\u00e0ria. Forma part del Centre d&#8217;Urologia M\u00ednimament Invasiva i Rob\u00f2tica (CUMIR) de l&#8217;Hospital Quir\u00f3n Barcelona.<\/p>\n","protected":false},"excerpt":{"rendered":"<p>El Dr. Jos\u00e9 Antonio Lorente Gar\u00edn posseeix \u00e0mplia experi\u00e8ncia en el diagn\u00f2stic, tractament i seguiment del c\u00e0ncer urol\u00f2gic aix\u00ed com en la cirurgia mitjan\u00e7ant t\u00e8cniques endosc\u00f2piques. Una de les principals dedicacions \u00e9s el tractament m\u00ednimament invasiu del c\u00e0ncer de pr\u00f2stata, amb l&#8217;objectiu de combinar els millors resultats oncol\u00f2gics amb la m\u00ednima repercussi\u00f3 funcional. En aquest [&hellip;]<\/p>\n","protected":false},"author":1,"featured_media":2500,"parent":2544,"menu_order":2,"comment_status":"closed","ping_status":"closed","template":"p-doctor.php","meta":{"_acf_changed":false,"inline_featured_image":false,"footnotes":""},"class_list":["post-2549","page","type-page","status-publish","has-post-thumbnail","hentry"],"acf":[],"yoast_head":"<!-- This site is optimized with the Yoast SEO plugin v27.3 - https:\/\/yoast.com\/product\/yoast-seo-wordpress\/ -->\n<title>Dr. Jos\u00e9 Antonio Lorente Gar\u00edn - Urolog\u00eda Bielsa &amp; Lorente<\/title>\n<meta name=\"description\" content=\"El Dr. Jos\u00e9 Antonio Lorente Gar\u00edn posee amplia experiencia en el diagn\u00f3stico, tratamiento y seguimiento del c\u00e1ncer urol\u00f3gico as\u00ed como en la cirug\u00eda mediante t\u00e9cnicas endosc\u00f3picas.\" \/>\n<meta name=\"robots\" content=\"index, follow, max-snippet:-1, max-image-preview:large, max-video-preview:-1\" \/>\n<link rel=\"canonical\" href=\"https:\/\/urologiabielsalorente.com\/ca\/equip-medic\/dr-jose-antonio-lorente-garin\/\" \/>\n<meta property=\"og:locale\" content=\"ca_ES\" \/>\n<meta property=\"og:type\" content=\"article\" \/>\n<meta property=\"og:title\" content=\"Dr. Jos\u00e9 Antonio Lorente Gar\u00edn - Urolog\u00eda Bielsa &amp; Lorente\" \/>\n<meta property=\"og:description\" content=\"El Dr. Jos\u00e9 Antonio Lorente Gar\u00edn posee amplia experiencia en el diagn\u00f3stico, tratamiento y seguimiento del c\u00e1ncer urol\u00f3gico as\u00ed como en la cirug\u00eda mediante t\u00e9cnicas endosc\u00f3picas.\" \/>\n<meta property=\"og:url\" content=\"https:\/\/urologiabielsalorente.com\/ca\/equip-medic\/dr-jose-antonio-lorente-garin\/\" \/>\n<meta property=\"og:site_name\" content=\"Urolog\u00eda Bielsa &amp; Lorente\" \/>\n<meta property=\"article:modified_time\" content=\"2023-05-22T12:44:13+00:00\" \/>\n<meta property=\"og:image\" content=\"https:\/\/urologiabielsalorente.com\/webielsa23\/wp-content\/uploads\/2022\/12\/dr-Jose-Antonio-Lorente-Garin-cv.jpg\" \/>\n\t<meta property=\"og:image:width\" content=\"794\" \/>\n\t<meta property=\"og:image:height\" content=\"828\" \/>\n\t<meta property=\"og:image:type\" content=\"image\/jpeg\" \/>\n<meta name=\"twitter:card\" content=\"summary_large_image\" \/>\n<meta name=\"twitter:label1\" content=\"Est. reading time\" \/>\n\t<meta name=\"twitter:data1\" content=\"1 minute\" \/>\n<script type=\"application\/ld+json\" class=\"yoast-schema-graph\">{\"@context\":\"https:\\\/\\\/schema.org\",\"@graph\":[{\"@type\":\"WebPage\",\"@id\":\"https:\\\/\\\/urologiabielsalorente.com\\\/ca\\\/equip-medic\\\/dr-jose-antonio-lorente-garin\\\/\",\"url\":\"https:\\\/\\\/urologiabielsalorente.com\\\/ca\\\/equip-medic\\\/dr-jose-antonio-lorente-garin\\\/\",\"name\":\"Dr. Jos\u00e9 Antonio Lorente Gar\u00edn - Urolog\u00eda Bielsa &amp; Lorente\",\"isPartOf\":{\"@id\":\"https:\\\/\\\/urologiabielsalorente.com\\\/ca\\\/#website\"},\"primaryImageOfPage\":{\"@id\":\"https:\\\/\\\/urologiabielsalorente.com\\\/ca\\\/equip-medic\\\/dr-jose-antonio-lorente-garin\\\/#primaryimage\"},\"image\":{\"@id\":\"https:\\\/\\\/urologiabielsalorente.com\\\/ca\\\/equip-medic\\\/dr-jose-antonio-lorente-garin\\\/#primaryimage\"},\"thumbnailUrl\":\"https:\\\/\\\/urologiabielsalorente.com\\\/webielsa23\\\/wp-content\\\/uploads\\\/2022\\\/12\\\/dr-Jose-Antonio-Lorente-Garin-cv.jpg\",\"datePublished\":\"2022-05-17T10:09:21+00:00\",\"dateModified\":\"2023-05-22T12:44:13+00:00\",\"description\":\"El Dr. Jos\u00e9 Antonio Lorente Gar\u00edn posee amplia experiencia en el diagn\u00f3stico, tratamiento y seguimiento del c\u00e1ncer urol\u00f3gico as\u00ed como en la cirug\u00eda mediante t\u00e9cnicas endosc\u00f3picas.\",\"breadcrumb\":{\"@id\":\"https:\\\/\\\/urologiabielsalorente.com\\\/ca\\\/equip-medic\\\/dr-jose-antonio-lorente-garin\\\/#breadcrumb\"},\"inLanguage\":\"ca\",\"potentialAction\":[{\"@type\":\"ReadAction\",\"target\":[\"https:\\\/\\\/urologiabielsalorente.com\\\/ca\\\/equip-medic\\\/dr-jose-antonio-lorente-garin\\\/\"]}]},{\"@type\":\"ImageObject\",\"inLanguage\":\"ca\",\"@id\":\"https:\\\/\\\/urologiabielsalorente.com\\\/ca\\\/equip-medic\\\/dr-jose-antonio-lorente-garin\\\/#primaryimage\",\"url\":\"https:\\\/\\\/urologiabielsalorente.com\\\/webielsa23\\\/wp-content\\\/uploads\\\/2022\\\/12\\\/dr-Jose-Antonio-Lorente-Garin-cv.jpg\",\"contentUrl\":\"https:\\\/\\\/urologiabielsalorente.com\\\/webielsa23\\\/wp-content\\\/uploads\\\/2022\\\/12\\\/dr-Jose-Antonio-Lorente-Garin-cv.jpg\",\"width\":794,\"height\":828},{\"@type\":\"BreadcrumbList\",\"@id\":\"https:\\\/\\\/urologiabielsalorente.com\\\/ca\\\/equip-medic\\\/dr-jose-antonio-lorente-garin\\\/#breadcrumb\",\"itemListElement\":[{\"@type\":\"ListItem\",\"position\":1,\"name\":\"Portada\",\"item\":\"https:\\\/\\\/urologiabielsalorente.com\\\/ca\\\/\"},{\"@type\":\"ListItem\",\"position\":2,\"name\":\"Equip m\u00e8dic\",\"item\":\"https:\\\/\\\/urologiabielsalorente.com\\\/ca\\\/equipo-medico\\\/\"},{\"@type\":\"ListItem\",\"position\":3,\"name\":\"Dr. Jos\u00e9 Antonio Lorente Gar\u00edn\"}]},{\"@type\":\"WebSite\",\"@id\":\"https:\\\/\\\/urologiabielsalorente.com\\\/ca\\\/#website\",\"url\":\"https:\\\/\\\/urologiabielsalorente.com\\\/ca\\\/\",\"name\":\"Urolog\u00eda Bielsa &amp; Lorente\",\"description\":\"Equipo oficial de Urolog\u00eda del Hospital Quir\u00f3n Salud de Barcelona\",\"publisher\":{\"@id\":\"https:\\\/\\\/urologiabielsalorente.com\\\/ca\\\/#organization\"},\"potentialAction\":[{\"@type\":\"SearchAction\",\"target\":{\"@type\":\"EntryPoint\",\"urlTemplate\":\"https:\\\/\\\/urologiabielsalorente.com\\\/ca\\\/?s={search_term_string}\"},\"query-input\":{\"@type\":\"PropertyValueSpecification\",\"valueRequired\":true,\"valueName\":\"search_term_string\"}}],\"inLanguage\":\"ca\"},{\"@type\":\"Organization\",\"@id\":\"https:\\\/\\\/urologiabielsalorente.com\\\/ca\\\/#organization\",\"name\":\"Urolog\u00eda Bielsa &amp; Lorente\",\"url\":\"https:\\\/\\\/urologiabielsalorente.com\\\/ca\\\/\",\"logo\":{\"@type\":\"ImageObject\",\"inLanguage\":\"ca\",\"@id\":\"https:\\\/\\\/urologiabielsalorente.com\\\/ca\\\/#\\\/schema\\\/logo\\\/image\\\/\",\"url\":\"https:\\\/\\\/urologiabielsalorente.com\\\/webielsa23\\\/wp-content\\\/uploads\\\/2014\\\/04\\\/solicionesPersonales1024-e1402499581900.jpg\",\"contentUrl\":\"https:\\\/\\\/urologiabielsalorente.com\\\/webielsa23\\\/wp-content\\\/uploads\\\/2014\\\/04\\\/solicionesPersonales1024-e1402499581900.jpg\",\"width\":1024,\"height\":570,\"caption\":\"Urolog\u00eda Bielsa &amp; Lorente\"},\"image\":{\"@id\":\"https:\\\/\\\/urologiabielsalorente.com\\\/ca\\\/#\\\/schema\\\/logo\\\/image\\\/\"},\"sameAs\":[\"https:\\\/\\\/www.linkedin.com\\\/company\\\/urologia-bielsa-lorente\\\/\"]}]}<\/script>\n<!-- \/ Yoast SEO plugin. -->","yoast_head_json":{"title":"Dr. Jos\u00e9 Antonio Lorente Gar\u00edn - Urolog\u00eda Bielsa &amp; Lorente","description":"El Dr. Jos\u00e9 Antonio Lorente Gar\u00edn posee amplia experiencia en el diagn\u00f3stico, tratamiento y seguimiento del c\u00e1ncer urol\u00f3gico as\u00ed como en la cirug\u00eda mediante t\u00e9cnicas endosc\u00f3picas.","robots":{"index":"index","follow":"follow","max-snippet":"max-snippet:-1","max-image-preview":"max-image-preview:large","max-video-preview":"max-video-preview:-1"},"canonical":"https:\/\/urologiabielsalorente.com\/ca\/equip-medic\/dr-jose-antonio-lorente-garin\/","og_locale":"ca_ES","og_type":"article","og_title":"Dr. Jos\u00e9 Antonio Lorente Gar\u00edn - Urolog\u00eda Bielsa &amp; Lorente","og_description":"El Dr. Jos\u00e9 Antonio Lorente Gar\u00edn posee amplia experiencia en el diagn\u00f3stico, tratamiento y seguimiento del c\u00e1ncer urol\u00f3gico as\u00ed como en la cirug\u00eda mediante t\u00e9cnicas endosc\u00f3picas.","og_url":"https:\/\/urologiabielsalorente.com\/ca\/equip-medic\/dr-jose-antonio-lorente-garin\/","og_site_name":"Urolog\u00eda Bielsa &amp; Lorente","article_modified_time":"2023-05-22T12:44:13+00:00","og_image":[{"width":794,"height":828,"url":"https:\/\/urologiabielsalorente.com\/webielsa23\/wp-content\/uploads\/2022\/12\/dr-Jose-Antonio-Lorente-Garin-cv.jpg","type":"image\/jpeg"}],"twitter_card":"summary_large_image","twitter_misc":{"Est. reading time":"1 minute"},"schema":{"@context":"https:\/\/schema.org","@graph":[{"@type":"WebPage","@id":"https:\/\/urologiabielsalorente.com\/ca\/equip-medic\/dr-jose-antonio-lorente-garin\/","url":"https:\/\/urologiabielsalorente.com\/ca\/equip-medic\/dr-jose-antonio-lorente-garin\/","name":"Dr. Jos\u00e9 Antonio Lorente Gar\u00edn - Urolog\u00eda Bielsa &amp; Lorente","isPartOf":{"@id":"https:\/\/urologiabielsalorente.com\/ca\/#website"},"primaryImageOfPage":{"@id":"https:\/\/urologiabielsalorente.com\/ca\/equip-medic\/dr-jose-antonio-lorente-garin\/#primaryimage"},"image":{"@id":"https:\/\/urologiabielsalorente.com\/ca\/equip-medic\/dr-jose-antonio-lorente-garin\/#primaryimage"},"thumbnailUrl":"https:\/\/urologiabielsalorente.com\/webielsa23\/wp-content\/uploads\/2022\/12\/dr-Jose-Antonio-Lorente-Garin-cv.jpg","datePublished":"2022-05-17T10:09:21+00:00","dateModified":"2023-05-22T12:44:13+00:00","description":"El Dr. Jos\u00e9 Antonio Lorente Gar\u00edn posee amplia experiencia en el diagn\u00f3stico, tratamiento y seguimiento del c\u00e1ncer urol\u00f3gico as\u00ed como en la cirug\u00eda mediante t\u00e9cnicas endosc\u00f3picas.","breadcrumb":{"@id":"https:\/\/urologiabielsalorente.com\/ca\/equip-medic\/dr-jose-antonio-lorente-garin\/#breadcrumb"},"inLanguage":"ca","potentialAction":[{"@type":"ReadAction","target":["https:\/\/urologiabielsalorente.com\/ca\/equip-medic\/dr-jose-antonio-lorente-garin\/"]}]},{"@type":"ImageObject","inLanguage":"ca","@id":"https:\/\/urologiabielsalorente.com\/ca\/equip-medic\/dr-jose-antonio-lorente-garin\/#primaryimage","url":"https:\/\/urologiabielsalorente.com\/webielsa23\/wp-content\/uploads\/2022\/12\/dr-Jose-Antonio-Lorente-Garin-cv.jpg","contentUrl":"https:\/\/urologiabielsalorente.com\/webielsa23\/wp-content\/uploads\/2022\/12\/dr-Jose-Antonio-Lorente-Garin-cv.jpg","width":794,"height":828},{"@type":"BreadcrumbList","@id":"https:\/\/urologiabielsalorente.com\/ca\/equip-medic\/dr-jose-antonio-lorente-garin\/#breadcrumb","itemListElement":[{"@type":"ListItem","position":1,"name":"Portada","item":"https:\/\/urologiabielsalorente.com\/ca\/"},{"@type":"ListItem","position":2,"name":"Equip m\u00e8dic","item":"https:\/\/urologiabielsalorente.com\/ca\/equipo-medico\/"},{"@type":"ListItem","position":3,"name":"Dr. Jos\u00e9 Antonio Lorente Gar\u00edn"}]},{"@type":"WebSite","@id":"https:\/\/urologiabielsalorente.com\/ca\/#website","url":"https:\/\/urologiabielsalorente.com\/ca\/","name":"Urolog\u00eda Bielsa &amp; Lorente","description":"Equipo oficial de Urolog\u00eda del Hospital Quir\u00f3n Salud de Barcelona","publisher":{"@id":"https:\/\/urologiabielsalorente.com\/ca\/#organization"},"potentialAction":[{"@type":"SearchAction","target":{"@type":"EntryPoint","urlTemplate":"https:\/\/urologiabielsalorente.com\/ca\/?s={search_term_string}"},"query-input":{"@type":"PropertyValueSpecification","valueRequired":true,"valueName":"search_term_string"}}],"inLanguage":"ca"},{"@type":"Organization","@id":"https:\/\/urologiabielsalorente.com\/ca\/#organization","name":"Urolog\u00eda Bielsa &amp; Lorente","url":"https:\/\/urologiabielsalorente.com\/ca\/","logo":{"@type":"ImageObject","inLanguage":"ca","@id":"https:\/\/urologiabielsalorente.com\/ca\/#\/schema\/logo\/image\/","url":"https:\/\/urologiabielsalorente.com\/webielsa23\/wp-content\/uploads\/2014\/04\/solicionesPersonales1024-e1402499581900.jpg","contentUrl":"https:\/\/urologiabielsalorente.com\/webielsa23\/wp-content\/uploads\/2014\/04\/solicionesPersonales1024-e1402499581900.jpg","width":1024,"height":570,"caption":"Urolog\u00eda Bielsa &amp; Lorente"},"image":{"@id":"https:\/\/urologiabielsalorente.com\/ca\/#\/schema\/logo\/image\/"},"sameAs":["https:\/\/www.linkedin.com\/company\/urologia-bielsa-lorente\/"]}]}},"_links":{"self":[{"href":"https:\/\/urologiabielsalorente.com\/ca\/wp-json\/wp\/v2\/pages\/2549","targetHints":{"allow":["GET"]}}],"collection":[{"href":"https:\/\/urologiabielsalorente.com\/ca\/wp-json\/wp\/v2\/pages"}],"about":[{"href":"https:\/\/urologiabielsalorente.com\/ca\/wp-json\/wp\/v2\/types\/page"}],"author":[{"embeddable":true,"href":"https:\/\/urologiabielsalorente.com\/ca\/wp-json\/wp\/v2\/users\/1"}],"replies":[{"embeddable":true,"href":"https:\/\/urologiabielsalorente.com\/ca\/wp-json\/wp\/v2\/comments?post=2549"}],"version-history":[{"count":5,"href":"https:\/\/urologiabielsalorente.com\/ca\/wp-json\/wp\/v2\/pages\/2549\/revisions"}],"predecessor-version":[{"id":2963,"href":"https:\/\/urologiabielsalorente.com\/ca\/wp-json\/wp\/v2\/pages\/2549\/revisions\/2963"}],"up":[{"embeddable":true,"href":"https:\/\/urologiabielsalorente.com\/ca\/wp-json\/wp\/v2\/pages\/2544"}],"wp:featuredmedia":[{"embeddable":true,"href":"https:\/\/urologiabielsalorente.com\/ca\/wp-json\/wp\/v2\/media\/2500"}],"wp:attachment":[{"href":"https:\/\/urologiabielsalorente.com\/ca\/wp-json\/wp\/v2\/media?parent=2549"}],"curies":[{"name":"wp","href":"https:\/\/api.w.org\/{rel}","templated":true}]}}