{"id":2539,"date":"2014-04-08T12:08:34","date_gmt":"2014-04-08T12:08:34","guid":{"rendered":"https:\/\/urologiabielsalorente.com\/home\/"},"modified":"2023-08-30T15:17:16","modified_gmt":"2023-08-30T15:17:16","slug":"home","status":"publish","type":"page","link":"https:\/\/urologiabielsalorente.com\/ca\/","title":{"rendered":"\u272d Inici"},"content":{"rendered":"<p>Solucions personals per als vostres problemes d&#8217;Urologia<\/p>\n<p>Som un equip d&#8217;ur\u00f2legs, amb una \u00e0mplia experi\u00e8ncia professional, que oferim una atenci\u00f3 propera i uns serveis de la m\u00e9s alta qualitat.<\/p>\n<p>Tractaments personalitzats<br \/>\nL\u00e0ser Verd per a la pr\u00f2stata<br \/>\nTractament integral d&#8217;incontin\u00e8ncia urin\u00e0ria<br \/>\nCirurgia per laparosc\u00f2pia full HD i 3D<br \/>\nCirurgia Rob\u00f2tica<\/p>\n<p>Els nostres serveis<\/p>\n<p>\u201cUna consulta urol\u00f2gica integral \u00e9s la millor asseguran\u00e7a per a una major qualitat de vida\u201d<br \/>\nEntrevista als doctors \u00d3scar Bielsa i Jos\u00e9 Antonio Lorente, responsables del servei d&#8217;Urologia a l&#8217;Hospital Quir\u00f3nsalud Barcelona<\/p>\n<p>Les infeccions d&#8217;orina tamb\u00e9 s\u00f3n cosa d&#8217;homes (i s\u00f3n m\u00e9s greus)<br \/>\nAleshores, per qu\u00e8 mai se&#8217;n parla? Les infeccions d&#8217;orina s\u00f3n m\u00e9s complicades en els homes i la seva<\/p>\n<p>Mites i veritats sobre salut prost\u00e0tica<br \/>\nTot i que el nombre d&#8217;homes que visita l&#8217;ur\u00f2leg augmenta cada any, es considera que encara hi ha certa retic\u00e8ncia per a<\/p>\n<p>Consells per prevenir l&#8217;ejaculaci\u00f3 preco\u00e7 i la disfunci\u00f3 er\u00e8ctil<br \/>\nLa disfunci\u00f3 er\u00e8ctil \u00e9s una malaltia cardiovascular derivada d&#8217;una incorrecta irrigaci\u00f3 sangu\u00ednia del penis. Per aquest motiu, Rafael Prieto,<\/p>\n<p>La import\u00e0ncia d&#8217;acudir a l&#8217;ur\u00f2leg amb regularitat<br \/>\nL\u2019Hospital Quir\u00f3nsalud Barcelona aconsella als homes no descuidar la salut urol\u00f2gica i realitzar revisions en totes les etapes de la vida.<\/p>\n","protected":false},"excerpt":{"rendered":"<p>Solucions personals per als vostres problemes d&#8217;Urologia Som un equip d&#8217;ur\u00f2legs, amb una \u00e0mplia experi\u00e8ncia professional, que oferim una atenci\u00f3 propera i uns serveis de la m\u00e9s alta qualitat. Tractaments personalitzats L\u00e0ser Verd per a la pr\u00f2stata Tractament integral d&#8217;incontin\u00e8ncia urin\u00e0ria Cirurgia per laparosc\u00f2pia full HD i 3D Cirurgia Rob\u00f2tica Els nostres serveis \u201cUna consulta [&hellip;]<\/p>\n","protected":false},"author":1,"featured_media":0,"parent":0,"menu_order":1,"comment_status":"closed","ping_status":"closed","template":"p-homebl22.php","meta":{"_acf_changed":false,"inline_featured_image":false,"footnotes":""},"class_list":["post-2539","page","type-page","status-publish","hentry"],"acf":[],"yoast_head":"<!-- This site is optimized with the Yoast SEO plugin v27.3 - https:\/\/yoast.com\/product\/yoast-seo-wordpress\/ -->\n<title>Urologia Bielsa Lorente - Equip oficial d&#039;Urologia de l&#039;Hospital Quir\u00f3n Salud Barcelona<\/title>\n<meta name=\"description\" content=\"Equip d&#039;ur\u00f2legs, amb \u00e0mplia experi\u00e8ncia professional, que ofereix una atenci\u00f3 propera i de la m\u00e9s alta qualitat per a un tractament personalitzat.\" \/>\n<meta name=\"robots\" content=\"index, follow, max-snippet:-1, max-image-preview:large, max-video-preview:-1\" \/>\n<link rel=\"canonical\" href=\"https:\/\/urologiabielsalorente.com\/ca\/\" \/>\n<meta property=\"og:locale\" content=\"ca_ES\" \/>\n<meta property=\"og:type\" content=\"article\" \/>\n<meta property=\"og:title\" content=\"Urologia Bielsa Lorente - Equip oficial d&#039;Urologia de l&#039;Hospital Quir\u00f3n Salud Barcelona\" \/>\n<meta property=\"og:description\" content=\"Equip d&#039;ur\u00f2legs, amb \u00e0mplia experi\u00e8ncia professional, que ofereix una atenci\u00f3 propera i de la m\u00e9s alta qualitat per a un tractament personalitzat.\" \/>\n<meta property=\"og:url\" content=\"https:\/\/urologiabielsalorente.com\/ca\/\" \/>\n<meta property=\"og:site_name\" content=\"Urolog\u00eda Bielsa &amp; Lorente\" \/>\n<meta property=\"article:modified_time\" content=\"2023-08-30T15:17:16+00:00\" \/>\n<meta name=\"twitter:card\" content=\"summary_large_image\" \/>\n<meta name=\"twitter:label1\" content=\"Est. reading time\" \/>\n\t<meta name=\"twitter:data1\" content=\"1 minute\" \/>\n<script type=\"application\/ld+json\" class=\"yoast-schema-graph\">{\"@context\":\"https:\\\/\\\/schema.org\",\"@graph\":[{\"@type\":\"WebPage\",\"@id\":\"https:\\\/\\\/urologiabielsalorente.com\\\/ca\\\/\",\"url\":\"https:\\\/\\\/urologiabielsalorente.com\\\/ca\\\/\",\"name\":\"Urologia Bielsa Lorente - Equip oficial d'Urologia de l'Hospital Quir\u00f3n Salud Barcelona\",\"isPartOf\":{\"@id\":\"https:\\\/\\\/urologiabielsalorente.com\\\/ca\\\/#website\"},\"datePublished\":\"2014-04-08T12:08:34+00:00\",\"dateModified\":\"2023-08-30T15:17:16+00:00\",\"description\":\"Equip d'ur\u00f2legs, amb \u00e0mplia experi\u00e8ncia professional, que ofereix una atenci\u00f3 propera i de la m\u00e9s alta qualitat per a un tractament personalitzat.\",\"breadcrumb\":{\"@id\":\"https:\\\/\\\/urologiabielsalorente.com\\\/ca\\\/#breadcrumb\"},\"inLanguage\":\"ca\",\"potentialAction\":[{\"@type\":\"ReadAction\",\"target\":[\"https:\\\/\\\/urologiabielsalorente.com\\\/ca\\\/\"]}]},{\"@type\":\"BreadcrumbList\",\"@id\":\"https:\\\/\\\/urologiabielsalorente.com\\\/ca\\\/#breadcrumb\",\"itemListElement\":[{\"@type\":\"ListItem\",\"position\":1,\"name\":\"Portada\",\"item\":\"https:\\\/\\\/urologiabielsalorente.com\\\/ca\\\/\"},{\"@type\":\"ListItem\",\"position\":2,\"name\":\"\u272d Inici\"}]},{\"@type\":\"WebSite\",\"@id\":\"https:\\\/\\\/urologiabielsalorente.com\\\/ca\\\/#website\",\"url\":\"https:\\\/\\\/urologiabielsalorente.com\\\/ca\\\/\",\"name\":\"Urolog\u00eda Bielsa &amp; Lorente\",\"description\":\"Equipo oficial de Urolog\u00eda del Hospital Quir\u00f3n Salud de Barcelona\",\"publisher\":{\"@id\":\"https:\\\/\\\/urologiabielsalorente.com\\\/ca\\\/#organization\"},\"potentialAction\":[{\"@type\":\"SearchAction\",\"target\":{\"@type\":\"EntryPoint\",\"urlTemplate\":\"https:\\\/\\\/urologiabielsalorente.com\\\/ca\\\/?s={search_term_string}\"},\"query-input\":{\"@type\":\"PropertyValueSpecification\",\"valueRequired\":true,\"valueName\":\"search_term_string\"}}],\"inLanguage\":\"ca\"},{\"@type\":\"Organization\",\"@id\":\"https:\\\/\\\/urologiabielsalorente.com\\\/ca\\\/#organization\",\"name\":\"Urolog\u00eda Bielsa &amp; Lorente\",\"url\":\"https:\\\/\\\/urologiabielsalorente.com\\\/ca\\\/\",\"logo\":{\"@type\":\"ImageObject\",\"inLanguage\":\"ca\",\"@id\":\"https:\\\/\\\/urologiabielsalorente.com\\\/ca\\\/#\\\/schema\\\/logo\\\/image\\\/\",\"url\":\"https:\\\/\\\/urologiabielsalorente.com\\\/webielsa23\\\/wp-content\\\/uploads\\\/2014\\\/04\\\/solicionesPersonales1024-e1402499581900.jpg\",\"contentUrl\":\"https:\\\/\\\/urologiabielsalorente.com\\\/webielsa23\\\/wp-content\\\/uploads\\\/2014\\\/04\\\/solicionesPersonales1024-e1402499581900.jpg\",\"width\":1024,\"height\":570,\"caption\":\"Urolog\u00eda Bielsa &amp; Lorente\"},\"image\":{\"@id\":\"https:\\\/\\\/urologiabielsalorente.com\\\/ca\\\/#\\\/schema\\\/logo\\\/image\\\/\"},\"sameAs\":[\"https:\\\/\\\/www.linkedin.com\\\/company\\\/urologia-bielsa-lorente\\\/\"]}]}<\/script>\n<!-- \/ Yoast SEO plugin. -->","yoast_head_json":{"title":"Urologia Bielsa Lorente - Equip oficial d'Urologia de l'Hospital Quir\u00f3n Salud Barcelona","description":"Equip d'ur\u00f2legs, amb \u00e0mplia experi\u00e8ncia professional, que ofereix una atenci\u00f3 propera i de la m\u00e9s alta qualitat per a un tractament personalitzat.","robots":{"index":"index","follow":"follow","max-snippet":"max-snippet:-1","max-image-preview":"max-image-preview:large","max-video-preview":"max-video-preview:-1"},"canonical":"https:\/\/urologiabielsalorente.com\/ca\/","og_locale":"ca_ES","og_type":"article","og_title":"Urologia Bielsa Lorente - Equip oficial d'Urologia de l'Hospital Quir\u00f3n Salud Barcelona","og_description":"Equip d'ur\u00f2legs, amb \u00e0mplia experi\u00e8ncia professional, que ofereix una atenci\u00f3 propera i de la m\u00e9s alta qualitat per a un tractament personalitzat.","og_url":"https:\/\/urologiabielsalorente.com\/ca\/","og_site_name":"Urolog\u00eda Bielsa &amp; Lorente","article_modified_time":"2023-08-30T15:17:16+00:00","twitter_card":"summary_large_image","twitter_misc":{"Est. reading time":"1 minute"},"schema":{"@context":"https:\/\/schema.org","@graph":[{"@type":"WebPage","@id":"https:\/\/urologiabielsalorente.com\/ca\/","url":"https:\/\/urologiabielsalorente.com\/ca\/","name":"Urologia Bielsa Lorente - Equip oficial d'Urologia de l'Hospital Quir\u00f3n Salud Barcelona","isPartOf":{"@id":"https:\/\/urologiabielsalorente.com\/ca\/#website"},"datePublished":"2014-04-08T12:08:34+00:00","dateModified":"2023-08-30T15:17:16+00:00","description":"Equip d'ur\u00f2legs, amb \u00e0mplia experi\u00e8ncia professional, que ofereix una atenci\u00f3 propera i de la m\u00e9s alta qualitat per a un tractament personalitzat.","breadcrumb":{"@id":"https:\/\/urologiabielsalorente.com\/ca\/#breadcrumb"},"inLanguage":"ca","potentialAction":[{"@type":"ReadAction","target":["https:\/\/urologiabielsalorente.com\/ca\/"]}]},{"@type":"BreadcrumbList","@id":"https:\/\/urologiabielsalorente.com\/ca\/#breadcrumb","itemListElement":[{"@type":"ListItem","position":1,"name":"Portada","item":"https:\/\/urologiabielsalorente.com\/ca\/"},{"@type":"ListItem","position":2,"name":"\u272d Inici"}]},{"@type":"WebSite","@id":"https:\/\/urologiabielsalorente.com\/ca\/#website","url":"https:\/\/urologiabielsalorente.com\/ca\/","name":"Urolog\u00eda Bielsa &amp; Lorente","description":"Equipo oficial de Urolog\u00eda del Hospital Quir\u00f3n Salud de Barcelona","publisher":{"@id":"https:\/\/urologiabielsalorente.com\/ca\/#organization"},"potentialAction":[{"@type":"SearchAction","target":{"@type":"EntryPoint","urlTemplate":"https:\/\/urologiabielsalorente.com\/ca\/?s={search_term_string}"},"query-input":{"@type":"PropertyValueSpecification","valueRequired":true,"valueName":"search_term_string"}}],"inLanguage":"ca"},{"@type":"Organization","@id":"https:\/\/urologiabielsalorente.com\/ca\/#organization","name":"Urolog\u00eda Bielsa &amp; Lorente","url":"https:\/\/urologiabielsalorente.com\/ca\/","logo":{"@type":"ImageObject","inLanguage":"ca","@id":"https:\/\/urologiabielsalorente.com\/ca\/#\/schema\/logo\/image\/","url":"https:\/\/urologiabielsalorente.com\/webielsa23\/wp-content\/uploads\/2014\/04\/solicionesPersonales1024-e1402499581900.jpg","contentUrl":"https:\/\/urologiabielsalorente.com\/webielsa23\/wp-content\/uploads\/2014\/04\/solicionesPersonales1024-e1402499581900.jpg","width":1024,"height":570,"caption":"Urolog\u00eda Bielsa &amp; Lorente"},"image":{"@id":"https:\/\/urologiabielsalorente.com\/ca\/#\/schema\/logo\/image\/"},"sameAs":["https:\/\/www.linkedin.com\/company\/urologia-bielsa-lorente\/"]}]}},"_links":{"self":[{"href":"https:\/\/urologiabielsalorente.com\/ca\/wp-json\/wp\/v2\/pages\/2539","targetHints":{"allow":["GET"]}}],"collection":[{"href":"https:\/\/urologiabielsalorente.com\/ca\/wp-json\/wp\/v2\/pages"}],"about":[{"href":"https:\/\/urologiabielsalorente.com\/ca\/wp-json\/wp\/v2\/types\/page"}],"author":[{"embeddable":true,"href":"https:\/\/urologiabielsalorente.com\/ca\/wp-json\/wp\/v2\/users\/1"}],"replies":[{"embeddable":true,"href":"https:\/\/urologiabielsalorente.com\/ca\/wp-json\/wp\/v2\/comments?post=2539"}],"version-history":[{"count":5,"href":"https:\/\/urologiabielsalorente.com\/ca\/wp-json\/wp\/v2\/pages\/2539\/revisions"}],"predecessor-version":[{"id":2984,"href":"https:\/\/urologiabielsalorente.com\/ca\/wp-json\/wp\/v2\/pages\/2539\/revisions\/2984"}],"wp:attachment":[{"href":"https:\/\/urologiabielsalorente.com\/ca\/wp-json\/wp\/v2\/media?parent=2539"}],"curies":[{"name":"wp","href":"https:\/\/api.w.org\/{rel}","templated":true}]}}